{"id":17459,"date":"2026-02-27T00:35:08","date_gmt":"2026-02-27T00:35:08","guid":{"rendered":"https:\/\/nordicmart.andreevmaster.com\/product\/stort-traratt-75-cm-i-diameter-med-massingsinsats-och-plats-for-kil-sw2-30\/"},"modified":"2026-02-27T08:24:45","modified_gmt":"2026-02-27T08:24:45","slug":"stort-traratt-75-cm-i-diameter-med-massingsinsats-och-plats-for-kil-sw2-30","status":"publish","type":"product","link":"https:\/\/nordicmart.andreevmaster.com\/sv\/produkt\/stort-traratt-75-cm-i-diameter-med-massingsinsats-och-plats-for-kil-sw2-30\/","title":{"rendered":"Stort tr\u00e4ratt 75 cm i diameter med m\u00e4ssingsinsats och plats f\u00f6r kil \u2013 SW2\/30\u2019"},"content":{"rendered":"<p>Stort tr\u00e4ratt med diameter 75 cm och m\u00e4ssingsinsats med plats f\u00f6r kil \u2013 SW2\/30&rsquo;&nbsp;&nbsp;&nbsp;Stort tr\u00e4ratt (diameter 75 cm) \u00e4r en nautisk dekoration som ger din l\u00e4genhet en maritim touch. &nbsp;Det \u00e4r en symbolisk g\u00e5va till chefen och till alla som styr i sitt yrkes- och privatliv. &nbsp;Ratten i tr\u00e4 med m\u00e4ssingsinsats passar bra ihop med nyanser av bl\u00e5tt, gr\u00f6nt och vitt. &nbsp;&nbsp;&nbsp;Produktinformation:&nbsp;Material: tr\u00e4Insats: m\u00e4ssingRattens diameter: 75 cmStil: maritim, retro &nbsp;<\/p>\n","protected":false},"excerpt":{"rendered":"<p>Stort tr\u00e4ratt med diameter 75 cm och m\u00e4ssingsinsats med plats f\u00f6r kil \u2013 SW2\/30&rsquo;&nbsp;&nbsp;&nbsp;Stort tr\u00e4ratt (diameter 75 cm) \u00e4r en nautisk dekoration som ger din l\u00e4genhet en maritim touch. &nbsp;Det \u00e4r en symbolisk g\u00e5va till chefen och till alla som styr i sitt yrkes- och privatliv. &nbsp;Ratten i tr\u00e4 med m\u00e4ssingsinsats passar bra ihop med [&hellip;]<\/p>\n","protected":false},"featured_media":44815,"comment_status":"open","ping_status":"closed","template":"","meta":[],"product_brand":[],"product_cat":[33],"product_tag":[],"class_list":{"0":"post-17459","1":"product","2":"type-product","3":"status-publish","4":"has-post-thumbnail","6":"product_cat-okategoriserad","8":"first","9":"instock","10":"shipping-taxable","11":"purchasable","12":"product-type-simple"},"_links":{"self":[{"href":"https:\/\/nordicmart.andreevmaster.com\/sv\/wp-json\/wp\/v2\/product\/17459","targetHints":{"allow":["GET"]}}],"collection":[{"href":"https:\/\/nordicmart.andreevmaster.com\/sv\/wp-json\/wp\/v2\/product"}],"about":[{"href":"https:\/\/nordicmart.andreevmaster.com\/sv\/wp-json\/wp\/v2\/types\/product"}],"replies":[{"embeddable":true,"href":"https:\/\/nordicmart.andreevmaster.com\/sv\/wp-json\/wp\/v2\/comments?post=17459"}],"wp:featuredmedia":[{"embeddable":true,"href":"https:\/\/nordicmart.andreevmaster.com\/sv\/wp-json\/wp\/v2\/media\/44815"}],"wp:attachment":[{"href":"https:\/\/nordicmart.andreevmaster.com\/sv\/wp-json\/wp\/v2\/media?parent=17459"}],"wp:term":[{"taxonomy":"product_brand","embeddable":true,"href":"https:\/\/nordicmart.andreevmaster.com\/sv\/wp-json\/wp\/v2\/product_brand?post=17459"},{"taxonomy":"product_cat","embeddable":true,"href":"https:\/\/nordicmart.andreevmaster.com\/sv\/wp-json\/wp\/v2\/product_cat?post=17459"},{"taxonomy":"product_tag","embeddable":true,"href":"https:\/\/nordicmart.andreevmaster.com\/sv\/wp-json\/wp\/v2\/product_tag?post=17459"}],"curies":[{"name":"wp","href":"https:\/\/api.w.org\/{rel}","templated":true}]}}