{"id":17458,"date":"2026-02-27T00:35:08","date_gmt":"2026-02-27T00:35:08","guid":{"rendered":"https:\/\/nordicmart.andreevmaster.com\/product\/mycket-stor-segelbatsmodell-aluminium-47-x-38-cm-n-3044\/"},"modified":"2026-02-27T08:24:45","modified_gmt":"2026-02-27T08:24:45","slug":"mycket-stor-segelbatsmodell-aluminium-47-x-38-cm-n-3044","status":"publish","type":"product","link":"https:\/\/nordicmart.andreevmaster.com\/sv\/produkt\/mycket-stor-segelbatsmodell-aluminium-47-x-38-cm-n-3044\/","title":{"rendered":"Mycket stor segelb\u00e5tsmodell \u2013 aluminium \u2013 47 x 38 cm \u2013 N-3044"},"content":{"rendered":"<p>Mycket stor segelb\u00e5tsmodell \u2013 aluminium \u2013 47 x 38 cm \u2013 N-3044&nbsp;&nbsp;Segelb\u00e5tsmodell \u2013 Elegant dekoration i maritim stil&nbsp;Den stora segelb\u00e5tsmodellen i aluminium med minimalistisk design \u00e4r en perfekt dekoration f\u00f6r interi\u00f6rer inredda i maritim stil. Segelfartygets silverf\u00e4rg och slanka silhuett ger elegans och en maritim atmosf\u00e4r till alla rum.&nbsp;Segelb\u00e5tsmodellen \u00e4r den perfekta presenten f\u00f6r \u00e4lskare av segling och havs\u00e4ventyr. Den kan ocks\u00e5 vara en symbolisk present f\u00f6r m\u00e4nniskor som v\u00e4rdes\u00e4tter frihet och att str\u00e4va efter sina m\u00e5l.&nbsp;&nbsp;Produktinformation:&nbsp;M\u00e5tt: 47 x 38 cmMaterial: aluminiumGuldf\u00e4rgadPresent till: seglare, havs\u00e4lskare, m\u00e4nniskor som v\u00e4rdes\u00e4tter frihetStil: maritim, minimalistisk&nbsp;<\/p>\n","protected":false},"excerpt":{"rendered":"<p>Mycket stor segelb\u00e5tsmodell \u2013 aluminium \u2013 47 x 38 cm \u2013 N-3044&nbsp;&nbsp;Segelb\u00e5tsmodell \u2013 Elegant dekoration i maritim stil&nbsp;Den stora segelb\u00e5tsmodellen i aluminium med minimalistisk design \u00e4r en perfekt dekoration f\u00f6r interi\u00f6rer inredda i maritim stil. Segelfartygets silverf\u00e4rg och slanka silhuett ger elegans och en maritim atmosf\u00e4r till alla rum.&nbsp;Segelb\u00e5tsmodellen \u00e4r den perfekta presenten f\u00f6r \u00e4lskare [&hellip;]<\/p>\n","protected":false},"featured_media":44814,"comment_status":"open","ping_status":"closed","template":"","meta":[],"product_brand":[],"product_cat":[33],"product_tag":[],"class_list":{"0":"post-17458","1":"product","2":"type-product","3":"status-publish","4":"has-post-thumbnail","6":"product_cat-okategoriserad","8":"first","9":"instock","10":"shipping-taxable","11":"purchasable","12":"product-type-simple"},"_links":{"self":[{"href":"https:\/\/nordicmart.andreevmaster.com\/sv\/wp-json\/wp\/v2\/product\/17458","targetHints":{"allow":["GET"]}}],"collection":[{"href":"https:\/\/nordicmart.andreevmaster.com\/sv\/wp-json\/wp\/v2\/product"}],"about":[{"href":"https:\/\/nordicmart.andreevmaster.com\/sv\/wp-json\/wp\/v2\/types\/product"}],"replies":[{"embeddable":true,"href":"https:\/\/nordicmart.andreevmaster.com\/sv\/wp-json\/wp\/v2\/comments?post=17458"}],"wp:featuredmedia":[{"embeddable":true,"href":"https:\/\/nordicmart.andreevmaster.com\/sv\/wp-json\/wp\/v2\/media\/44814"}],"wp:attachment":[{"href":"https:\/\/nordicmart.andreevmaster.com\/sv\/wp-json\/wp\/v2\/media?parent=17458"}],"wp:term":[{"taxonomy":"product_brand","embeddable":true,"href":"https:\/\/nordicmart.andreevmaster.com\/sv\/wp-json\/wp\/v2\/product_brand?post=17458"},{"taxonomy":"product_cat","embeddable":true,"href":"https:\/\/nordicmart.andreevmaster.com\/sv\/wp-json\/wp\/v2\/product_cat?post=17458"},{"taxonomy":"product_tag","embeddable":true,"href":"https:\/\/nordicmart.andreevmaster.com\/sv\/wp-json\/wp\/v2\/product_tag?post=17458"}],"curies":[{"name":"wp","href":"https:\/\/api.w.org\/{rel}","templated":true}]}}