{"id":17457,"date":"2026-02-27T00:35:08","date_gmt":"2026-02-27T00:35:08","guid":{"rendered":"https:\/\/nordicmart.andreevmaster.com\/product\/porthole-mirror-keyring-key-0134b-2\/"},"modified":"2026-02-27T08:24:44","modified_gmt":"2026-02-27T08:24:44","slug":"porthole-mirror-keyring-key-0134b-2","status":"publish","type":"product","link":"https:\/\/nordicmart.andreevmaster.com\/sv\/produkt\/porthole-mirror-keyring-key-0134b-2\/","title":{"rendered":"Porthole Mirror Keyring KEY-0134B"},"content":{"rendered":"<p>Porthole Mirror Keyring KEY-0134B&nbsp;Porthole-nyckelringen \u00e4r en nautisk pryl som hj\u00e4lper dig att h\u00e5lla alla dina nycklar p\u00e5 ett st\u00e4lle. Den dekorativa nyckelringen i form av en porthole \u00e4r ocks\u00e5 en spegel som du kan anv\u00e4nda f\u00f6r att kontrollera din fantastiska look. &nbsp;Nyckelringen \u00e4r tillverkad av m\u00e4ssing. F\u00e4sts vid nycklarna med en karbinhake.&nbsp;&nbsp;Produktinformation:&nbsp;Material: m\u00e4ssingM\u00e5tt: diameter 5,5 cm, total l\u00e4ngd 10,5 cm&nbsp;<\/p>\n","protected":false},"excerpt":{"rendered":"<p>Porthole Mirror Keyring KEY-0134B&nbsp;Porthole-nyckelringen \u00e4r en nautisk pryl som hj\u00e4lper dig att h\u00e5lla alla dina nycklar p\u00e5 ett st\u00e4lle. Den dekorativa nyckelringen i form av en porthole \u00e4r ocks\u00e5 en spegel som du kan anv\u00e4nda f\u00f6r att kontrollera din fantastiska look. &nbsp;Nyckelringen \u00e4r tillverkad av m\u00e4ssing. F\u00e4sts vid nycklarna med en karbinhake.&nbsp;&nbsp;Produktinformation:&nbsp;Material: m\u00e4ssingM\u00e5tt: diameter 5,5 [&hellip;]<\/p>\n","protected":false},"featured_media":44813,"comment_status":"open","ping_status":"closed","template":"","meta":[],"product_brand":[],"product_cat":[33],"product_tag":[],"class_list":{"0":"post-17457","1":"product","2":"type-product","3":"status-publish","4":"has-post-thumbnail","6":"product_cat-okategoriserad","8":"first","9":"instock","10":"shipping-taxable","11":"purchasable","12":"product-type-simple"},"_links":{"self":[{"href":"https:\/\/nordicmart.andreevmaster.com\/sv\/wp-json\/wp\/v2\/product\/17457","targetHints":{"allow":["GET"]}}],"collection":[{"href":"https:\/\/nordicmart.andreevmaster.com\/sv\/wp-json\/wp\/v2\/product"}],"about":[{"href":"https:\/\/nordicmart.andreevmaster.com\/sv\/wp-json\/wp\/v2\/types\/product"}],"replies":[{"embeddable":true,"href":"https:\/\/nordicmart.andreevmaster.com\/sv\/wp-json\/wp\/v2\/comments?post=17457"}],"wp:featuredmedia":[{"embeddable":true,"href":"https:\/\/nordicmart.andreevmaster.com\/sv\/wp-json\/wp\/v2\/media\/44813"}],"wp:attachment":[{"href":"https:\/\/nordicmart.andreevmaster.com\/sv\/wp-json\/wp\/v2\/media?parent=17457"}],"wp:term":[{"taxonomy":"product_brand","embeddable":true,"href":"https:\/\/nordicmart.andreevmaster.com\/sv\/wp-json\/wp\/v2\/product_brand?post=17457"},{"taxonomy":"product_cat","embeddable":true,"href":"https:\/\/nordicmart.andreevmaster.com\/sv\/wp-json\/wp\/v2\/product_cat?post=17457"},{"taxonomy":"product_tag","embeddable":true,"href":"https:\/\/nordicmart.andreevmaster.com\/sv\/wp-json\/wp\/v2\/product_tag?post=17457"}],"curies":[{"name":"wp","href":"https:\/\/api.w.org\/{rel}","templated":true}]}}