{"id":17456,"date":"2026-02-27T00:35:07","date_gmt":"2026-02-27T00:35:07","guid":{"rendered":"https:\/\/nordicmart.andreevmaster.com\/product\/dolphin-nyckelring-70339\/"},"modified":"2026-02-27T08:24:44","modified_gmt":"2026-02-27T08:24:44","slug":"dolphin-nyckelring-70339","status":"publish","type":"product","link":"https:\/\/nordicmart.andreevmaster.com\/sv\/produkt\/dolphin-nyckelring-70339\/","title":{"rendered":"Dolphin nyckelring 70339"},"content":{"rendered":"<p>Delfinnyckelring 70339&nbsp;&nbsp;Den delfinformade nyckelringen \u00e4r tillverkad av h\u00e5llbar m\u00e4ssing. F\u00e4sts p\u00e5 nycklar med en karbinhake.&nbsp;En delfinformad nyckelring \u00e4r en utm\u00e4rkt id\u00e9 f\u00f6r en liten present till en beundrare av dessa vackra havsdjur. Den kommer ocks\u00e5 att vinna hj\u00e4rtat hos alla som \u00e4r intresserade av segling. Hastighet, v\u00e4derprognoser, visdom och f\u00f6rsiktighet gjorde delfinen till ett symbol f\u00f6r havet och navigering. Delfinen blev en beskyddare av seglingen och d\u00e4rf\u00f6r \u00e4r den delfinformade nyckelringen perfekt som en liten present till seglare.&nbsp;&nbsp;Delfinnyckelring 70339 specifikation:&nbsp;Material: m\u00e4ssingM\u00e5tt: l\u00e4ngd 5 cm, l\u00e4ngd med kedja 8 cm&nbsp;<\/p>\n","protected":false},"excerpt":{"rendered":"<p>Delfinnyckelring 70339&nbsp;&nbsp;Den delfinformade nyckelringen \u00e4r tillverkad av h\u00e5llbar m\u00e4ssing. F\u00e4sts p\u00e5 nycklar med en karbinhake.&nbsp;En delfinformad nyckelring \u00e4r en utm\u00e4rkt id\u00e9 f\u00f6r en liten present till en beundrare av dessa vackra havsdjur. Den kommer ocks\u00e5 att vinna hj\u00e4rtat hos alla som \u00e4r intresserade av segling. Hastighet, v\u00e4derprognoser, visdom och f\u00f6rsiktighet gjorde delfinen till ett symbol [&hellip;]<\/p>\n","protected":false},"featured_media":44812,"comment_status":"open","ping_status":"closed","template":"","meta":[],"product_brand":[],"product_cat":[33],"product_tag":[],"class_list":{"0":"post-17456","1":"product","2":"type-product","3":"status-publish","4":"has-post-thumbnail","6":"product_cat-okategoriserad","8":"first","9":"instock","10":"shipping-taxable","11":"purchasable","12":"product-type-simple"},"_links":{"self":[{"href":"https:\/\/nordicmart.andreevmaster.com\/sv\/wp-json\/wp\/v2\/product\/17456","targetHints":{"allow":["GET"]}}],"collection":[{"href":"https:\/\/nordicmart.andreevmaster.com\/sv\/wp-json\/wp\/v2\/product"}],"about":[{"href":"https:\/\/nordicmart.andreevmaster.com\/sv\/wp-json\/wp\/v2\/types\/product"}],"replies":[{"embeddable":true,"href":"https:\/\/nordicmart.andreevmaster.com\/sv\/wp-json\/wp\/v2\/comments?post=17456"}],"wp:featuredmedia":[{"embeddable":true,"href":"https:\/\/nordicmart.andreevmaster.com\/sv\/wp-json\/wp\/v2\/media\/44812"}],"wp:attachment":[{"href":"https:\/\/nordicmart.andreevmaster.com\/sv\/wp-json\/wp\/v2\/media?parent=17456"}],"wp:term":[{"taxonomy":"product_brand","embeddable":true,"href":"https:\/\/nordicmart.andreevmaster.com\/sv\/wp-json\/wp\/v2\/product_brand?post=17456"},{"taxonomy":"product_cat","embeddable":true,"href":"https:\/\/nordicmart.andreevmaster.com\/sv\/wp-json\/wp\/v2\/product_cat?post=17456"},{"taxonomy":"product_tag","embeddable":true,"href":"https:\/\/nordicmart.andreevmaster.com\/sv\/wp-json\/wp\/v2\/product_tag?post=17456"}],"curies":[{"name":"wp","href":"https:\/\/api.w.org\/{rel}","templated":true}]}}