{"id":17455,"date":"2026-02-27T00:35:07","date_gmt":"2026-02-27T00:35:07","guid":{"rendered":"https:\/\/nordicmart.andreevmaster.com\/product\/motorcykelmodell-n-2784\/"},"modified":"2026-02-27T08:24:44","modified_gmt":"2026-02-27T08:24:44","slug":"motorcykelmodell-n-2784","status":"publish","type":"product","link":"https:\/\/nordicmart.andreevmaster.com\/sv\/produkt\/motorcykelmodell-n-2784\/","title":{"rendered":"Motorcykelmodell \u2013 N-2784"},"content":{"rendered":"<p>Motorcykelmodell \u2013 N-2784&nbsp;&nbsp;Denna motorcykelmodell \u00e4r en perfekt present till motorcyklister, mekaniker och hantverkare som gillar enhjulingar. Denna motorcykelfigur i cruiser-stil \u00e4r en fin dekoration p\u00e5 skrivbordet eller i verkstaden f\u00f6r motorcykelentusiaster. Motorcyklar med l\u00e5gt s\u00e4te och bak\u00e5tlutat styre \u00e4r perfekta f\u00f6r touring och garanterar komfort och bekv\u00e4mlighet. Motorcykelmodell i stil med amerikanska klassiker som tillverkades fr\u00e5n 1930-talet till 1960-talet.&nbsp;&nbsp;Produktinformation:&nbsp;Material: aluminiumF\u00e4rg: antik m\u00e4ssingM\u00e5tt: 23 x 14 cm&nbsp;<\/p>\n","protected":false},"excerpt":{"rendered":"<p>Motorcykelmodell \u2013 N-2784&nbsp;&nbsp;Denna motorcykelmodell \u00e4r en perfekt present till motorcyklister, mekaniker och hantverkare som gillar enhjulingar. Denna motorcykelfigur i cruiser-stil \u00e4r en fin dekoration p\u00e5 skrivbordet eller i verkstaden f\u00f6r motorcykelentusiaster. Motorcyklar med l\u00e5gt s\u00e4te och bak\u00e5tlutat styre \u00e4r perfekta f\u00f6r touring och garanterar komfort och bekv\u00e4mlighet. Motorcykelmodell i stil med amerikanska klassiker som tillverkades [&hellip;]<\/p>\n","protected":false},"featured_media":44811,"comment_status":"open","ping_status":"closed","template":"","meta":[],"product_brand":[],"product_cat":[33],"product_tag":[],"class_list":{"0":"post-17455","1":"product","2":"type-product","3":"status-publish","4":"has-post-thumbnail","6":"product_cat-okategoriserad","8":"first","9":"instock","10":"shipping-taxable","11":"purchasable","12":"product-type-simple"},"_links":{"self":[{"href":"https:\/\/nordicmart.andreevmaster.com\/sv\/wp-json\/wp\/v2\/product\/17455","targetHints":{"allow":["GET"]}}],"collection":[{"href":"https:\/\/nordicmart.andreevmaster.com\/sv\/wp-json\/wp\/v2\/product"}],"about":[{"href":"https:\/\/nordicmart.andreevmaster.com\/sv\/wp-json\/wp\/v2\/types\/product"}],"replies":[{"embeddable":true,"href":"https:\/\/nordicmart.andreevmaster.com\/sv\/wp-json\/wp\/v2\/comments?post=17455"}],"wp:featuredmedia":[{"embeddable":true,"href":"https:\/\/nordicmart.andreevmaster.com\/sv\/wp-json\/wp\/v2\/media\/44811"}],"wp:attachment":[{"href":"https:\/\/nordicmart.andreevmaster.com\/sv\/wp-json\/wp\/v2\/media?parent=17455"}],"wp:term":[{"taxonomy":"product_brand","embeddable":true,"href":"https:\/\/nordicmart.andreevmaster.com\/sv\/wp-json\/wp\/v2\/product_brand?post=17455"},{"taxonomy":"product_cat","embeddable":true,"href":"https:\/\/nordicmart.andreevmaster.com\/sv\/wp-json\/wp\/v2\/product_cat?post=17455"},{"taxonomy":"product_tag","embeddable":true,"href":"https:\/\/nordicmart.andreevmaster.com\/sv\/wp-json\/wp\/v2\/product_tag?post=17455"}],"curies":[{"name":"wp","href":"https:\/\/api.w.org\/{rel}","templated":true}]}}