{"id":17454,"date":"2026-02-27T00:35:07","date_gmt":"2026-02-27T00:35:07","guid":{"rendered":"https:\/\/nordicmart.andreevmaster.com\/product\/hund-pedro-dekorativ-figur-hund\/"},"modified":"2026-02-27T08:24:44","modified_gmt":"2026-02-27T08:24:44","slug":"hund-pedro-dekorativ-figur-hund","status":"publish","type":"product","link":"https:\/\/nordicmart.andreevmaster.com\/sv\/produkt\/hund-pedro-dekorativ-figur-hund\/","title":{"rendered":"Hund Pedro \u2013 Dekorativ figur &#8211; HUND"},"content":{"rendered":"<p>Dog Pedro \u2013 Dekorativ figur \u2013 HUND&nbsp;&nbsp;Vi presenterar en dekorativ figur i aluminium \u2013 modellen Pies Pedro. M\u00e4nniskans b\u00e4sta v\u00e4n \u2013 hunden! En trogen f\u00f6ljeslagare, som domesticerades f\u00f6r tusentals \u00e5r sedan och \u00e4n idag vaktar hush\u00e5ll och deras inv\u00e5nare. V\u00e5r figur har en stilren, geometrisk form som passar perfekt i moderna arrangemang och eklektiska interi\u00f6rer. Figuren kan anv\u00e4ndas som trof\u00e9 f\u00f6r en vinnare i cynologiska sporter eller som en present till en hund\u00e4lskare.&nbsp;&nbsp;M\u00e5tt:&nbsp;H\u00f6jd 26 cmBredd 23 cmDjup 8,5 cm&nbsp;\u00d6vrig produktinformation:&nbsp;Material &ndash; aluminiumF\u00e4rg &ndash; silver&nbsp;<\/p>\n","protected":false},"excerpt":{"rendered":"<p>Dog Pedro \u2013 Dekorativ figur \u2013 HUND&nbsp;&nbsp;Vi presenterar en dekorativ figur i aluminium \u2013 modellen Pies Pedro. M\u00e4nniskans b\u00e4sta v\u00e4n \u2013 hunden! En trogen f\u00f6ljeslagare, som domesticerades f\u00f6r tusentals \u00e5r sedan och \u00e4n idag vaktar hush\u00e5ll och deras inv\u00e5nare. V\u00e5r figur har en stilren, geometrisk form som passar perfekt i moderna arrangemang och eklektiska interi\u00f6rer. [&hellip;]<\/p>\n","protected":false},"featured_media":44810,"comment_status":"open","ping_status":"closed","template":"","meta":[],"product_brand":[],"product_cat":[33],"product_tag":[],"class_list":{"0":"post-17454","1":"product","2":"type-product","3":"status-publish","4":"has-post-thumbnail","6":"product_cat-okategoriserad","8":"first","9":"instock","10":"shipping-taxable","11":"purchasable","12":"product-type-simple"},"_links":{"self":[{"href":"https:\/\/nordicmart.andreevmaster.com\/sv\/wp-json\/wp\/v2\/product\/17454","targetHints":{"allow":["GET"]}}],"collection":[{"href":"https:\/\/nordicmart.andreevmaster.com\/sv\/wp-json\/wp\/v2\/product"}],"about":[{"href":"https:\/\/nordicmart.andreevmaster.com\/sv\/wp-json\/wp\/v2\/types\/product"}],"replies":[{"embeddable":true,"href":"https:\/\/nordicmart.andreevmaster.com\/sv\/wp-json\/wp\/v2\/comments?post=17454"}],"wp:featuredmedia":[{"embeddable":true,"href":"https:\/\/nordicmart.andreevmaster.com\/sv\/wp-json\/wp\/v2\/media\/44810"}],"wp:attachment":[{"href":"https:\/\/nordicmart.andreevmaster.com\/sv\/wp-json\/wp\/v2\/media?parent=17454"}],"wp:term":[{"taxonomy":"product_brand","embeddable":true,"href":"https:\/\/nordicmart.andreevmaster.com\/sv\/wp-json\/wp\/v2\/product_brand?post=17454"},{"taxonomy":"product_cat","embeddable":true,"href":"https:\/\/nordicmart.andreevmaster.com\/sv\/wp-json\/wp\/v2\/product_cat?post=17454"},{"taxonomy":"product_tag","embeddable":true,"href":"https:\/\/nordicmart.andreevmaster.com\/sv\/wp-json\/wp\/v2\/product_tag?post=17454"}],"curies":[{"name":"wp","href":"https:\/\/api.w.org\/{rel}","templated":true}]}}