{"id":17453,"date":"2026-02-27T00:35:07","date_gmt":"2026-02-27T00:35:07","guid":{"rendered":"https:\/\/nordicmart.andreevmaster.com\/product\/hast-amber-dekorativ-staty-18183-38\/"},"modified":"2026-02-27T08:24:44","modified_gmt":"2026-02-27T08:24:44","slug":"hast-amber-dekorativ-staty-18183-38","status":"publish","type":"product","link":"https:\/\/nordicmart.andreevmaster.com\/sv\/produkt\/hast-amber-dekorativ-staty-18183-38\/","title":{"rendered":"H\u00e4st Amber \u2013 Dekorativ staty | 18183-38"},"content":{"rendered":"<p>Dekorativ figur H\u00e4st Amber 18183-38&nbsp;Skulpturens moderna, genombrutna form och tidl\u00f6sa guldf\u00e4rgade f\u00e4rgskala passar bra i moderna industriella interi\u00f6rer, men ocks\u00e5 i klassiska, retro- eller koloniala milj\u00f6er. H\u00e4stfiguren \u00e4r en underbar trof\u00e9 f\u00f6r en ryttare eller en present till en h\u00e4st\u00e4lskare, som smakfullt kommer att pryda en byr\u00e5 eller ett vitrinsk\u00e5p i vardagsrummet.&nbsp;Produktinformation:&nbsp;Metallfigur \u2013 aluminiumF\u00e4rg: m\u00e4ssing, guldDimensioner: 38 x 25 x 9 cm&nbsp;H\u00e4sten \u2013 ett majest\u00e4tiskt djur som har f\u00f6ljt m\u00e4nniskan i \u00e5rtusenden. Gudarnas och hj\u00e4ltarnas riddjur, en symbol f\u00f6r seger och varje liten flickas dr\u00f6m. Som en symbol f\u00f6r vind och hastighet f\u00f6r den tankarna till frihet och vidstr\u00e4ckta vidder. H\u00e4stens rika symbolik och sk\u00f6nhet g\u00f6r det v\u00e4rt att inf\u00f6ra ett h\u00e4sttema i v\u00e5ra hem. Till alla h\u00e4st\u00e4lskare rekommenderar vi den dekorativa figuren Horse Amber, som kommer att accentuera hush\u00e5llets k\u00e4rlek till dessa magnifika djur.<\/p>\n","protected":false},"excerpt":{"rendered":"<p>Dekorativ figur H\u00e4st Amber 18183-38&nbsp;Skulpturens moderna, genombrutna form och tidl\u00f6sa guldf\u00e4rgade f\u00e4rgskala passar bra i moderna industriella interi\u00f6rer, men ocks\u00e5 i klassiska, retro- eller koloniala milj\u00f6er. H\u00e4stfiguren \u00e4r en underbar trof\u00e9 f\u00f6r en ryttare eller en present till en h\u00e4st\u00e4lskare, som smakfullt kommer att pryda en byr\u00e5 eller ett vitrinsk\u00e5p i vardagsrummet.&nbsp;Produktinformation:&nbsp;Metallfigur \u2013 aluminiumF\u00e4rg: m\u00e4ssing, [&hellip;]<\/p>\n","protected":false},"featured_media":44809,"comment_status":"open","ping_status":"closed","template":"","meta":[],"product_brand":[],"product_cat":[33],"product_tag":[],"class_list":{"0":"post-17453","1":"product","2":"type-product","3":"status-publish","4":"has-post-thumbnail","6":"product_cat-okategoriserad","8":"first","9":"instock","10":"shipping-taxable","11":"purchasable","12":"product-type-simple"},"_links":{"self":[{"href":"https:\/\/nordicmart.andreevmaster.com\/sv\/wp-json\/wp\/v2\/product\/17453","targetHints":{"allow":["GET"]}}],"collection":[{"href":"https:\/\/nordicmart.andreevmaster.com\/sv\/wp-json\/wp\/v2\/product"}],"about":[{"href":"https:\/\/nordicmart.andreevmaster.com\/sv\/wp-json\/wp\/v2\/types\/product"}],"replies":[{"embeddable":true,"href":"https:\/\/nordicmart.andreevmaster.com\/sv\/wp-json\/wp\/v2\/comments?post=17453"}],"wp:featuredmedia":[{"embeddable":true,"href":"https:\/\/nordicmart.andreevmaster.com\/sv\/wp-json\/wp\/v2\/media\/44809"}],"wp:attachment":[{"href":"https:\/\/nordicmart.andreevmaster.com\/sv\/wp-json\/wp\/v2\/media?parent=17453"}],"wp:term":[{"taxonomy":"product_brand","embeddable":true,"href":"https:\/\/nordicmart.andreevmaster.com\/sv\/wp-json\/wp\/v2\/product_brand?post=17453"},{"taxonomy":"product_cat","embeddable":true,"href":"https:\/\/nordicmart.andreevmaster.com\/sv\/wp-json\/wp\/v2\/product_cat?post=17453"},{"taxonomy":"product_tag","embeddable":true,"href":"https:\/\/nordicmart.andreevmaster.com\/sv\/wp-json\/wp\/v2\/product_tag?post=17453"}],"curies":[{"name":"wp","href":"https:\/\/api.w.org\/{rel}","templated":true}]}}