{"id":17451,"date":"2026-02-27T00:35:06","date_gmt":"2026-02-27T00:35:06","guid":{"rendered":"https:\/\/nordicmart.andreevmaster.com\/product\/vagen-magnet-stjarntecken\/"},"modified":"2026-02-27T08:24:43","modified_gmt":"2026-02-27T08:24:43","slug":"vagen-magnet-stjarntecken","status":"publish","type":"product","link":"https:\/\/nordicmart.andreevmaster.com\/sv\/produkt\/vagen-magnet-stjarntecken\/","title":{"rendered":"V\u00e5gen Magnet stj\u00e4rntecken"},"content":{"rendered":"<p>Libra Magnet stj\u00e4rntecken&nbsp;Kylsk\u00e5psmagnet f\u00f6r stj\u00e4rntecknet Libra med stark r\u00e4ttvisek\u00e4nsla och str\u00e4van efter balans. Libran v\u00e4rdes\u00e4tter konst, elegans och komfort. Libran \u00e4r m\u00e4nniskor som man kan diskutera m\u00e5nga \u00e4mnen med. En kylsk\u00e5psmagnet med bilden av stj\u00e4rntecknet V\u00e5gen \u00e4r en utm\u00e4rkt id\u00e9 f\u00f6r en liten present eller ett komplement till en present till en person som \u00e4r f\u00f6dd i stj\u00e4rntecknet V\u00e5gen och f\u00f6r fans av astrologi.&nbsp;I mitten av magneten finns en bild p\u00e5 stj\u00e4rntecknet V\u00e5gen. P\u00e5 den gyllene kanten finns symboler f\u00f6r alla stj\u00e4rntecken.&nbsp;V\u00e5gen Magnet Stj\u00e4rntecken Specifikation:&nbsp;Material: emaljerad metallF\u00e4rg: guld, svartSymboler f\u00f6r alla stj\u00e4rntecken p\u00e5 kantenV\u00e5gen i mittenM\u00e5tt: diameter 6 cm&nbsp;<\/p>\n","protected":false},"excerpt":{"rendered":"<p>Libra Magnet stj\u00e4rntecken&nbsp;Kylsk\u00e5psmagnet f\u00f6r stj\u00e4rntecknet Libra med stark r\u00e4ttvisek\u00e4nsla och str\u00e4van efter balans. Libran v\u00e4rdes\u00e4tter konst, elegans och komfort. Libran \u00e4r m\u00e4nniskor som man kan diskutera m\u00e5nga \u00e4mnen med. En kylsk\u00e5psmagnet med bilden av stj\u00e4rntecknet V\u00e5gen \u00e4r en utm\u00e4rkt id\u00e9 f\u00f6r en liten present eller ett komplement till en present till en person som \u00e4r [&hellip;]<\/p>\n","protected":false},"featured_media":44807,"comment_status":"open","ping_status":"closed","template":"","meta":[],"product_brand":[],"product_cat":[33],"product_tag":[],"class_list":{"0":"post-17451","1":"product","2":"type-product","3":"status-publish","4":"has-post-thumbnail","6":"product_cat-okategoriserad","8":"first","9":"instock","10":"shipping-taxable","11":"purchasable","12":"product-type-simple"},"_links":{"self":[{"href":"https:\/\/nordicmart.andreevmaster.com\/sv\/wp-json\/wp\/v2\/product\/17451","targetHints":{"allow":["GET"]}}],"collection":[{"href":"https:\/\/nordicmart.andreevmaster.com\/sv\/wp-json\/wp\/v2\/product"}],"about":[{"href":"https:\/\/nordicmart.andreevmaster.com\/sv\/wp-json\/wp\/v2\/types\/product"}],"replies":[{"embeddable":true,"href":"https:\/\/nordicmart.andreevmaster.com\/sv\/wp-json\/wp\/v2\/comments?post=17451"}],"wp:featuredmedia":[{"embeddable":true,"href":"https:\/\/nordicmart.andreevmaster.com\/sv\/wp-json\/wp\/v2\/media\/44807"}],"wp:attachment":[{"href":"https:\/\/nordicmart.andreevmaster.com\/sv\/wp-json\/wp\/v2\/media?parent=17451"}],"wp:term":[{"taxonomy":"product_brand","embeddable":true,"href":"https:\/\/nordicmart.andreevmaster.com\/sv\/wp-json\/wp\/v2\/product_brand?post=17451"},{"taxonomy":"product_cat","embeddable":true,"href":"https:\/\/nordicmart.andreevmaster.com\/sv\/wp-json\/wp\/v2\/product_cat?post=17451"},{"taxonomy":"product_tag","embeddable":true,"href":"https:\/\/nordicmart.andreevmaster.com\/sv\/wp-json\/wp\/v2\/product_tag?post=17451"}],"curies":[{"name":"wp","href":"https:\/\/api.w.org\/{rel}","templated":true}]}}