{"id":17449,"date":"2026-02-27T00:35:05","date_gmt":"2026-02-27T00:35:05","guid":{"rendered":"https:\/\/nordicmart.andreevmaster.com\/product\/fiskarna-magnet-stjarntecken\/"},"modified":"2026-02-27T08:24:43","modified_gmt":"2026-02-27T08:24:43","slug":"fiskarna-magnet-stjarntecken","status":"publish","type":"product","link":"https:\/\/nordicmart.andreevmaster.com\/sv\/produkt\/fiskarna-magnet-stjarntecken\/","title":{"rendered":"Fiskarna Magnet stj\u00e4rntecken"},"content":{"rendered":"<p>Fiskarna Magnet stj\u00e4rntecken&nbsp;&nbsp;Kylsk\u00e5psmagnet f\u00f6r medk\u00e4nnande, h\u00e4ngivna, romantiska och idealistiska Fiskarna. Fiskarna \u00e4r intelligenta och s\u00e4llskapliga m\u00e4nniskor som utm\u00e4rker sig i alla situationer tack vare sin medf\u00f6dda intuition och empati. En kylsk\u00e5psmagnet med bilden av stj\u00e4rntecknet Fiskarna \u00e4r en utm\u00e4rkt id\u00e9 f\u00f6r en liten present till en person f\u00f6dd i Fiskarnas tecken och f\u00f6r astrologifans.&nbsp;I mitten av magneten finns en bild p\u00e5 stj\u00e4rntecknet Fiskarna. P\u00e5 den gyllene kanten finns symboler f\u00f6r alla stj\u00e4rntecken.&nbsp;&nbsp;Magnet Fiskarna Stj\u00e4rntecken Specifikation:&nbsp;Material: emaljerad metallF\u00e4rg: guld, svartSymboler f\u00f6r alla stj\u00e4rntecken p\u00e5 kantenFiskarna i mittenM\u00e5tt: diameter 6 cm&nbsp;<\/p>\n","protected":false},"excerpt":{"rendered":"<p>Fiskarna Magnet stj\u00e4rntecken&nbsp;&nbsp;Kylsk\u00e5psmagnet f\u00f6r medk\u00e4nnande, h\u00e4ngivna, romantiska och idealistiska Fiskarna. Fiskarna \u00e4r intelligenta och s\u00e4llskapliga m\u00e4nniskor som utm\u00e4rker sig i alla situationer tack vare sin medf\u00f6dda intuition och empati. En kylsk\u00e5psmagnet med bilden av stj\u00e4rntecknet Fiskarna \u00e4r en utm\u00e4rkt id\u00e9 f\u00f6r en liten present till en person f\u00f6dd i Fiskarnas tecken och f\u00f6r astrologifans.&nbsp;I mitten [&hellip;]<\/p>\n","protected":false},"featured_media":44805,"comment_status":"open","ping_status":"closed","template":"","meta":[],"product_brand":[],"product_cat":[33],"product_tag":[],"class_list":{"0":"post-17449","1":"product","2":"type-product","3":"status-publish","4":"has-post-thumbnail","6":"product_cat-okategoriserad","8":"first","9":"instock","10":"shipping-taxable","11":"purchasable","12":"product-type-simple"},"_links":{"self":[{"href":"https:\/\/nordicmart.andreevmaster.com\/sv\/wp-json\/wp\/v2\/product\/17449","targetHints":{"allow":["GET"]}}],"collection":[{"href":"https:\/\/nordicmart.andreevmaster.com\/sv\/wp-json\/wp\/v2\/product"}],"about":[{"href":"https:\/\/nordicmart.andreevmaster.com\/sv\/wp-json\/wp\/v2\/types\/product"}],"replies":[{"embeddable":true,"href":"https:\/\/nordicmart.andreevmaster.com\/sv\/wp-json\/wp\/v2\/comments?post=17449"}],"wp:featuredmedia":[{"embeddable":true,"href":"https:\/\/nordicmart.andreevmaster.com\/sv\/wp-json\/wp\/v2\/media\/44805"}],"wp:attachment":[{"href":"https:\/\/nordicmart.andreevmaster.com\/sv\/wp-json\/wp\/v2\/media?parent=17449"}],"wp:term":[{"taxonomy":"product_brand","embeddable":true,"href":"https:\/\/nordicmart.andreevmaster.com\/sv\/wp-json\/wp\/v2\/product_brand?post=17449"},{"taxonomy":"product_cat","embeddable":true,"href":"https:\/\/nordicmart.andreevmaster.com\/sv\/wp-json\/wp\/v2\/product_cat?post=17449"},{"taxonomy":"product_tag","embeddable":true,"href":"https:\/\/nordicmart.andreevmaster.com\/sv\/wp-json\/wp\/v2\/product_tag?post=17449"}],"curies":[{"name":"wp","href":"https:\/\/api.w.org\/{rel}","templated":true}]}}