{"id":17448,"date":"2026-02-27T00:35:05","date_gmt":"2026-02-27T00:35:05","guid":{"rendered":"https:\/\/nordicmart.andreevmaster.com\/product\/cancer-magnet-stjarntecken-rak\/"},"modified":"2026-02-27T08:24:43","modified_gmt":"2026-02-27T08:24:43","slug":"cancer-magnet-stjarntecken-rak","status":"publish","type":"product","link":"https:\/\/nordicmart.andreevmaster.com\/sv\/produkt\/cancer-magnet-stjarntecken-rak\/","title":{"rendered":"Cancer Magnet stj\u00e4rntecken | RAK"},"content":{"rendered":"<p>Cancer Magnet stj\u00e4rntecken&nbsp;&nbsp;Kylsk\u00e5psmagnet f\u00f6r k\u00e4nsliga och mystiska stj\u00e4rntecknen Cancer. Cancer \u00e4r en empatisk, blyg, lojal och omt\u00e4nksam person som k\u00e4nnetecknas av hum\u00f6rsv\u00e4ngningar. En kylsk\u00e5psmagnet med bilden av stj\u00e4rntecknet Cancer \u00e4r en utm\u00e4rkt id\u00e9 f\u00f6r en liten present eller ett komplement till en present till en person f\u00f6dd i stj\u00e4rntecknet Cancer och f\u00f6r fans av astrologi.&nbsp;I mitten av magneten finns en bild p\u00e5 stj\u00e4rntecknet Cancer. P\u00e5 den gyllene kanten finns symboler f\u00f6r alla stj\u00e4rntecken.&nbsp;&nbsp;Cancer Magnet Stj\u00e4rntecken Specifikation:&nbsp;Material: emaljerad metallF\u00e4rg: guld, svartSymboler f\u00f6r alla stj\u00e4rntecken p\u00e5 kantenCancer i mittenM\u00e5tt: diameter 6 cm&nbsp;<\/p>\n","protected":false},"excerpt":{"rendered":"<p>Cancer Magnet stj\u00e4rntecken&nbsp;&nbsp;Kylsk\u00e5psmagnet f\u00f6r k\u00e4nsliga och mystiska stj\u00e4rntecknen Cancer. Cancer \u00e4r en empatisk, blyg, lojal och omt\u00e4nksam person som k\u00e4nnetecknas av hum\u00f6rsv\u00e4ngningar. En kylsk\u00e5psmagnet med bilden av stj\u00e4rntecknet Cancer \u00e4r en utm\u00e4rkt id\u00e9 f\u00f6r en liten present eller ett komplement till en present till en person f\u00f6dd i stj\u00e4rntecknet Cancer och f\u00f6r fans av astrologi.&nbsp;I [&hellip;]<\/p>\n","protected":false},"featured_media":44804,"comment_status":"open","ping_status":"closed","template":"","meta":[],"product_brand":[],"product_cat":[33],"product_tag":[],"class_list":{"0":"post-17448","1":"product","2":"type-product","3":"status-publish","4":"has-post-thumbnail","6":"product_cat-okategoriserad","8":"first","9":"instock","10":"shipping-taxable","11":"purchasable","12":"product-type-simple"},"_links":{"self":[{"href":"https:\/\/nordicmart.andreevmaster.com\/sv\/wp-json\/wp\/v2\/product\/17448","targetHints":{"allow":["GET"]}}],"collection":[{"href":"https:\/\/nordicmart.andreevmaster.com\/sv\/wp-json\/wp\/v2\/product"}],"about":[{"href":"https:\/\/nordicmart.andreevmaster.com\/sv\/wp-json\/wp\/v2\/types\/product"}],"replies":[{"embeddable":true,"href":"https:\/\/nordicmart.andreevmaster.com\/sv\/wp-json\/wp\/v2\/comments?post=17448"}],"wp:featuredmedia":[{"embeddable":true,"href":"https:\/\/nordicmart.andreevmaster.com\/sv\/wp-json\/wp\/v2\/media\/44804"}],"wp:attachment":[{"href":"https:\/\/nordicmart.andreevmaster.com\/sv\/wp-json\/wp\/v2\/media?parent=17448"}],"wp:term":[{"taxonomy":"product_brand","embeddable":true,"href":"https:\/\/nordicmart.andreevmaster.com\/sv\/wp-json\/wp\/v2\/product_brand?post=17448"},{"taxonomy":"product_cat","embeddable":true,"href":"https:\/\/nordicmart.andreevmaster.com\/sv\/wp-json\/wp\/v2\/product_cat?post=17448"},{"taxonomy":"product_tag","embeddable":true,"href":"https:\/\/nordicmart.andreevmaster.com\/sv\/wp-json\/wp\/v2\/product_tag?post=17448"}],"curies":[{"name":"wp","href":"https:\/\/api.w.org\/{rel}","templated":true}]}}