{"id":17447,"date":"2026-02-27T00:35:05","date_gmt":"2026-02-27T00:35:05","guid":{"rendered":"https:\/\/nordicmart.andreevmaster.com\/product\/virgo-magnet-stjarntecken-pan\/"},"modified":"2026-02-27T08:24:42","modified_gmt":"2026-02-27T08:24:42","slug":"virgo-magnet-stjarntecken-pan","status":"publish","type":"product","link":"https:\/\/nordicmart.andreevmaster.com\/sv\/produkt\/virgo-magnet-stjarntecken-pan\/","title":{"rendered":"Virgo Magnet stj\u00e4rntecken PAN"},"content":{"rendered":"<p>Virgo Magnet stj\u00e4rntecken PAN&nbsp;&nbsp;Kylsk\u00e5psmagnet f\u00f6r praktiska Jungfrur som \u00e4lskar att l\u00e4ra sig nya saker. Jungfrun \u00e4r en person med ett lugnt temperament som gillar att umg\u00e5s i en liten v\u00e4nkrets. Jungfrur \u00e4r ambiti\u00f6sa, insiktsfulla och t\u00e5lmodiga m\u00e4nniskor. En kylsk\u00e5psmagnet med bilden av stj\u00e4rntecknet Jungfrun \u00e4r en utm\u00e4rkt id\u00e9 f\u00f6r en liten present eller ett komplement till en present till en person som \u00e4r f\u00f6dd i Jungfruns tecken och f\u00f6r fans av astrologi.&nbsp;I mitten av magneten finns en bild p\u00e5 stj\u00e4rntecknet Jungfrun. P\u00e5 den gyllene kanten finns symboler f\u00f6r alla stj\u00e4rntecken. Jungfrun Magnet stj\u00e4rntecken PAN specifikation: Material: emaljerad metall F\u00e4rg: guld, svart Symboler f\u00f6r alla stj\u00e4rntecken p\u00e5 kanten Jungfrun i mitten M\u00e5tt: diameter 6 cm<\/p>\n","protected":false},"excerpt":{"rendered":"<p>Virgo Magnet stj\u00e4rntecken PAN&nbsp;&nbsp;Kylsk\u00e5psmagnet f\u00f6r praktiska Jungfrur som \u00e4lskar att l\u00e4ra sig nya saker. Jungfrun \u00e4r en person med ett lugnt temperament som gillar att umg\u00e5s i en liten v\u00e4nkrets. Jungfrur \u00e4r ambiti\u00f6sa, insiktsfulla och t\u00e5lmodiga m\u00e4nniskor. En kylsk\u00e5psmagnet med bilden av stj\u00e4rntecknet Jungfrun \u00e4r en utm\u00e4rkt id\u00e9 f\u00f6r en liten present eller ett komplement [&hellip;]<\/p>\n","protected":false},"featured_media":44803,"comment_status":"open","ping_status":"closed","template":"","meta":[],"product_brand":[],"product_cat":[33],"product_tag":[],"class_list":{"0":"post-17447","1":"product","2":"type-product","3":"status-publish","4":"has-post-thumbnail","6":"product_cat-okategoriserad","8":"first","9":"instock","10":"shipping-taxable","11":"purchasable","12":"product-type-simple"},"_links":{"self":[{"href":"https:\/\/nordicmart.andreevmaster.com\/sv\/wp-json\/wp\/v2\/product\/17447","targetHints":{"allow":["GET"]}}],"collection":[{"href":"https:\/\/nordicmart.andreevmaster.com\/sv\/wp-json\/wp\/v2\/product"}],"about":[{"href":"https:\/\/nordicmart.andreevmaster.com\/sv\/wp-json\/wp\/v2\/types\/product"}],"replies":[{"embeddable":true,"href":"https:\/\/nordicmart.andreevmaster.com\/sv\/wp-json\/wp\/v2\/comments?post=17447"}],"wp:featuredmedia":[{"embeddable":true,"href":"https:\/\/nordicmart.andreevmaster.com\/sv\/wp-json\/wp\/v2\/media\/44803"}],"wp:attachment":[{"href":"https:\/\/nordicmart.andreevmaster.com\/sv\/wp-json\/wp\/v2\/media?parent=17447"}],"wp:term":[{"taxonomy":"product_brand","embeddable":true,"href":"https:\/\/nordicmart.andreevmaster.com\/sv\/wp-json\/wp\/v2\/product_brand?post=17447"},{"taxonomy":"product_cat","embeddable":true,"href":"https:\/\/nordicmart.andreevmaster.com\/sv\/wp-json\/wp\/v2\/product_cat?post=17447"},{"taxonomy":"product_tag","embeddable":true,"href":"https:\/\/nordicmart.andreevmaster.com\/sv\/wp-json\/wp\/v2\/product_tag?post=17447"}],"curies":[{"name":"wp","href":"https:\/\/api.w.org\/{rel}","templated":true}]}}