{"id":17446,"date":"2026-02-27T00:35:05","date_gmt":"2026-02-27T00:35:05","guid":{"rendered":"https:\/\/nordicmart.andreevmaster.com\/product\/lejon-dekorativ-figur-leo\/"},"modified":"2026-02-27T08:24:42","modified_gmt":"2026-02-27T08:24:42","slug":"lejon-dekorativ-figur-leo","status":"publish","type":"product","link":"https:\/\/nordicmart.andreevmaster.com\/sv\/produkt\/lejon-dekorativ-figur-leo\/","title":{"rendered":"Lejon \u2013 Dekorativ figur &#8211; LEO"},"content":{"rendered":"<p>Lejon \u2013 Dekorativ figur \u2013 LEO&nbsp;&nbsp;Vi presenterar en figur i aluminium \u2013 en lejonmodell. Den dekorativa figuren LEO \u00e4r en perfekt present till stj\u00e4rntecknet Lejonet, som p\u00e5 ett elegant s\u00e4tt framh\u00e4ver alla tecknets f\u00f6rdelar. Den silverf\u00e4rgade statyetten passar utm\u00e4rkt i glamor\u00f6sa och art d\u00e9co-inredningar. Den fungerar ocks\u00e5 som ett intressant tillskott till eklektiska inredningar.&nbsp;I forntida kulturer i Mellan\u00f6stern var lejonet ett attribut f\u00f6r modergudinnan, beskyddare av Inanas och Ishtars tron. I Hellas identifierades stj\u00e4rnbilden Lejonet med det nemeiska lejonet, vars skinn inte kunde genomborras av n\u00e5got sv\u00e4rd. Lejonet, djungelns konung, solens djur som tillh\u00f6r elementet eld, \u00e4r en h\u00e4rskare som \u00e4lskar n\u00e4r alla \u00f6gon \u00e4r riktade mot honom.&nbsp;&nbsp;M\u00e5tt:&nbsp;H\u00f6jd 24 cmBredd 7 cmDjup 15 cm&nbsp;Andra produktegenskaper:&nbsp;Material &ndash; AluminiumF\u00e4rg &#8211; silver&nbsp;&nbsp;<\/p>\n","protected":false},"excerpt":{"rendered":"<p>Lejon \u2013 Dekorativ figur \u2013 LEO&nbsp;&nbsp;Vi presenterar en figur i aluminium \u2013 en lejonmodell. Den dekorativa figuren LEO \u00e4r en perfekt present till stj\u00e4rntecknet Lejonet, som p\u00e5 ett elegant s\u00e4tt framh\u00e4ver alla tecknets f\u00f6rdelar. Den silverf\u00e4rgade statyetten passar utm\u00e4rkt i glamor\u00f6sa och art d\u00e9co-inredningar. Den fungerar ocks\u00e5 som ett intressant tillskott till eklektiska inredningar.&nbsp;I forntida [&hellip;]<\/p>\n","protected":false},"featured_media":44802,"comment_status":"open","ping_status":"closed","template":"","meta":[],"product_brand":[],"product_cat":[33],"product_tag":[],"class_list":{"0":"post-17446","1":"product","2":"type-product","3":"status-publish","4":"has-post-thumbnail","6":"product_cat-okategoriserad","8":"first","9":"instock","10":"shipping-taxable","11":"purchasable","12":"product-type-simple"},"_links":{"self":[{"href":"https:\/\/nordicmart.andreevmaster.com\/sv\/wp-json\/wp\/v2\/product\/17446","targetHints":{"allow":["GET"]}}],"collection":[{"href":"https:\/\/nordicmart.andreevmaster.com\/sv\/wp-json\/wp\/v2\/product"}],"about":[{"href":"https:\/\/nordicmart.andreevmaster.com\/sv\/wp-json\/wp\/v2\/types\/product"}],"replies":[{"embeddable":true,"href":"https:\/\/nordicmart.andreevmaster.com\/sv\/wp-json\/wp\/v2\/comments?post=17446"}],"wp:featuredmedia":[{"embeddable":true,"href":"https:\/\/nordicmart.andreevmaster.com\/sv\/wp-json\/wp\/v2\/media\/44802"}],"wp:attachment":[{"href":"https:\/\/nordicmart.andreevmaster.com\/sv\/wp-json\/wp\/v2\/media?parent=17446"}],"wp:term":[{"taxonomy":"product_brand","embeddable":true,"href":"https:\/\/nordicmart.andreevmaster.com\/sv\/wp-json\/wp\/v2\/product_brand?post=17446"},{"taxonomy":"product_cat","embeddable":true,"href":"https:\/\/nordicmart.andreevmaster.com\/sv\/wp-json\/wp\/v2\/product_cat?post=17446"},{"taxonomy":"product_tag","embeddable":true,"href":"https:\/\/nordicmart.andreevmaster.com\/sv\/wp-json\/wp\/v2\/product_tag?post=17446"}],"curies":[{"name":"wp","href":"https:\/\/api.w.org\/{rel}","templated":true}]}}