{"id":17445,"date":"2026-02-27T00:35:05","date_gmt":"2026-02-27T00:35:05","guid":{"rendered":"https:\/\/nordicmart.andreevmaster.com\/product\/leo-magnet-stjarntecken-lew\/"},"modified":"2026-02-27T08:24:42","modified_gmt":"2026-02-27T08:24:42","slug":"leo-magnet-stjarntecken-lew","status":"publish","type":"product","link":"https:\/\/nordicmart.andreevmaster.com\/sv\/produkt\/leo-magnet-stjarntecken-lew\/","title":{"rendered":"Leo Magnet stj\u00e4rntecken | LEW"},"content":{"rendered":"<p>Leo Magnet stj\u00e4rntecken&nbsp;&nbsp;Kylsk\u00e5psmagnet f\u00f6r sj\u00e4lvs\u00e4kra stj\u00e4rntecken Leos som str\u00e4var efter sina m\u00e5l. Leo \u00e4r en ambiti\u00f6s person som str\u00e4var efter att f\u00f6rb\u00e4ttra sig sj\u00e4lv. Stj\u00e4rntecken Leos \u00e4r fulla av energi och optimism. En kylsk\u00e5psmagnet med bilden av stj\u00e4rntecknet Lejonet \u00e4r en utm\u00e4rkt id\u00e9 f\u00f6r en liten present eller ett komplement till en present till en person som \u00e4r f\u00f6dd i Lejonets tecken och f\u00f6r fans av astrologi.&nbsp;I mitten av magneten finns en bild p\u00e5 stj\u00e4rntecknet Lejonet. P\u00e5 den gyllene kanten finns symboler f\u00f6r alla stj\u00e4rntecken.&nbsp;&nbsp;Magnet Lejonets stj\u00e4rntecken Specifikation:&nbsp;Material: emaljerad metallF\u00e4rg: guld, svartSymboler f\u00f6r alla stj\u00e4rntecken p\u00e5 kantenLejonet i mittenM\u00e5tt: diameter 6 cm&nbsp;<\/p>\n","protected":false},"excerpt":{"rendered":"<p>Leo Magnet stj\u00e4rntecken&nbsp;&nbsp;Kylsk\u00e5psmagnet f\u00f6r sj\u00e4lvs\u00e4kra stj\u00e4rntecken Leos som str\u00e4var efter sina m\u00e5l. Leo \u00e4r en ambiti\u00f6s person som str\u00e4var efter att f\u00f6rb\u00e4ttra sig sj\u00e4lv. Stj\u00e4rntecken Leos \u00e4r fulla av energi och optimism. En kylsk\u00e5psmagnet med bilden av stj\u00e4rntecknet Lejonet \u00e4r en utm\u00e4rkt id\u00e9 f\u00f6r en liten present eller ett komplement till en present till en [&hellip;]<\/p>\n","protected":false},"featured_media":44801,"comment_status":"open","ping_status":"closed","template":"","meta":[],"product_brand":[],"product_cat":[33],"product_tag":[],"class_list":{"0":"post-17445","1":"product","2":"type-product","3":"status-publish","4":"has-post-thumbnail","6":"product_cat-okategoriserad","8":"first","9":"instock","10":"shipping-taxable","11":"purchasable","12":"product-type-simple"},"_links":{"self":[{"href":"https:\/\/nordicmart.andreevmaster.com\/sv\/wp-json\/wp\/v2\/product\/17445","targetHints":{"allow":["GET"]}}],"collection":[{"href":"https:\/\/nordicmart.andreevmaster.com\/sv\/wp-json\/wp\/v2\/product"}],"about":[{"href":"https:\/\/nordicmart.andreevmaster.com\/sv\/wp-json\/wp\/v2\/types\/product"}],"replies":[{"embeddable":true,"href":"https:\/\/nordicmart.andreevmaster.com\/sv\/wp-json\/wp\/v2\/comments?post=17445"}],"wp:featuredmedia":[{"embeddable":true,"href":"https:\/\/nordicmart.andreevmaster.com\/sv\/wp-json\/wp\/v2\/media\/44801"}],"wp:attachment":[{"href":"https:\/\/nordicmart.andreevmaster.com\/sv\/wp-json\/wp\/v2\/media?parent=17445"}],"wp:term":[{"taxonomy":"product_brand","embeddable":true,"href":"https:\/\/nordicmart.andreevmaster.com\/sv\/wp-json\/wp\/v2\/product_brand?post=17445"},{"taxonomy":"product_cat","embeddable":true,"href":"https:\/\/nordicmart.andreevmaster.com\/sv\/wp-json\/wp\/v2\/product_cat?post=17445"},{"taxonomy":"product_tag","embeddable":true,"href":"https:\/\/nordicmart.andreevmaster.com\/sv\/wp-json\/wp\/v2\/product_tag?post=17445"}],"curies":[{"name":"wp","href":"https:\/\/api.w.org\/{rel}","templated":true}]}}