{"id":17444,"date":"2026-02-27T00:35:04","date_gmt":"2026-02-27T00:35:04","guid":{"rendered":"https:\/\/nordicmart.andreevmaster.com\/product\/stenbocken-dekorativ-figur-cap\/"},"modified":"2026-02-27T08:24:42","modified_gmt":"2026-02-27T08:24:42","slug":"stenbocken-dekorativ-figur-cap","status":"publish","type":"product","link":"https:\/\/nordicmart.andreevmaster.com\/sv\/produkt\/stenbocken-dekorativ-figur-cap\/","title":{"rendered":"Stenbocken \u2013 Dekorativ figur &#8211; CAP"},"content":{"rendered":"<p>Stenbocken \u2013 Dekorativ figur &#8211; CAP&nbsp;&nbsp;Vi presenterar en figur i aluminium \u2013 stj\u00e4rntecknet Stenbocken. Om du letar efter en intressant present till en person som \u00e4r f\u00f6dd i detta stj\u00e4rntecken har du kommit r\u00e4tt. Denna dekorativa figur f\u00f6rest\u00e4ller det symboliska stj\u00e4rntecknet Stenbocken. Den silverf\u00e4rgade ytan ger figuren elegans, vilket g\u00f6r den perfekt f\u00f6r klassiska, glamor\u00f6sa och art d\u00e9co-inredningar. CAP-figuren \u00e4r en utm\u00e4rkt presentid\u00e9 f\u00f6r den som \u00e4lskar stj\u00e4rntecknet Stenbocken och astrologi.&nbsp;Vintersolst\u00e5ndet och den astronomiska vintern markeras av solen i stj\u00e4rnbilden Stenbocken. De gamla grekerna trodde att den hornbekl\u00e4dda guden Pan, son till Hermes och nymfen Dryope, hj\u00e4lpte till att r\u00e4dda v\u00e4rlden fr\u00e5n monstret Tyfon genom att \u00e5terf\u00f6rena den leml\u00e4stade Zeus till en helhet. Zeus placerade honom tacksamt bland stj\u00e4rnorna. Den l\u00e4ngsta natten och den kortaste dagen p\u00e5 \u00e5ret tillh\u00f6r stj\u00e4rntecknet Stenbocken. Stenbocken \u00e4r extremt praktisk och t\u00e5lmodig, med ett stort ansvarsk\u00e4nsla, och anses vara en ganska otillg\u00e4nglig person. Men n\u00e4r vi ger honom tid kommer han att \u00f6verraska oss med sin k\u00e4nslighet och mognad.&nbsp;&nbsp;M\u00e5tt:&nbsp;H\u00f6jd 23,5 cmBredd 21 cmDjup 6 cm&nbsp;Andra produktegenskaper:&nbsp;Material &ndash; aluminiumF\u00e4rg &ndash; silver&nbsp;<\/p>\n","protected":false},"excerpt":{"rendered":"<p>Stenbocken \u2013 Dekorativ figur &#8211; CAP&nbsp;&nbsp;Vi presenterar en figur i aluminium \u2013 stj\u00e4rntecknet Stenbocken. Om du letar efter en intressant present till en person som \u00e4r f\u00f6dd i detta stj\u00e4rntecken har du kommit r\u00e4tt. Denna dekorativa figur f\u00f6rest\u00e4ller det symboliska stj\u00e4rntecknet Stenbocken. Den silverf\u00e4rgade ytan ger figuren elegans, vilket g\u00f6r den perfekt f\u00f6r klassiska, glamor\u00f6sa [&hellip;]<\/p>\n","protected":false},"featured_media":44800,"comment_status":"open","ping_status":"closed","template":"","meta":[],"product_brand":[],"product_cat":[33],"product_tag":[],"class_list":{"0":"post-17444","1":"product","2":"type-product","3":"status-publish","4":"has-post-thumbnail","6":"product_cat-okategoriserad","8":"first","9":"instock","10":"shipping-taxable","11":"purchasable","12":"product-type-simple"},"_links":{"self":[{"href":"https:\/\/nordicmart.andreevmaster.com\/sv\/wp-json\/wp\/v2\/product\/17444","targetHints":{"allow":["GET"]}}],"collection":[{"href":"https:\/\/nordicmart.andreevmaster.com\/sv\/wp-json\/wp\/v2\/product"}],"about":[{"href":"https:\/\/nordicmart.andreevmaster.com\/sv\/wp-json\/wp\/v2\/types\/product"}],"replies":[{"embeddable":true,"href":"https:\/\/nordicmart.andreevmaster.com\/sv\/wp-json\/wp\/v2\/comments?post=17444"}],"wp:featuredmedia":[{"embeddable":true,"href":"https:\/\/nordicmart.andreevmaster.com\/sv\/wp-json\/wp\/v2\/media\/44800"}],"wp:attachment":[{"href":"https:\/\/nordicmart.andreevmaster.com\/sv\/wp-json\/wp\/v2\/media?parent=17444"}],"wp:term":[{"taxonomy":"product_brand","embeddable":true,"href":"https:\/\/nordicmart.andreevmaster.com\/sv\/wp-json\/wp\/v2\/product_brand?post=17444"},{"taxonomy":"product_cat","embeddable":true,"href":"https:\/\/nordicmart.andreevmaster.com\/sv\/wp-json\/wp\/v2\/product_cat?post=17444"},{"taxonomy":"product_tag","embeddable":true,"href":"https:\/\/nordicmart.andreevmaster.com\/sv\/wp-json\/wp\/v2\/product_tag?post=17444"}],"curies":[{"name":"wp","href":"https:\/\/api.w.org\/{rel}","templated":true}]}}