{"id":17443,"date":"2026-02-27T00:35:04","date_gmt":"2026-02-27T00:35:04","guid":{"rendered":"https:\/\/nordicmart.andreevmaster.com\/product\/stenbocken-magnet-stjarntecken-koz\/"},"modified":"2026-02-27T08:24:41","modified_gmt":"2026-02-27T08:24:41","slug":"stenbocken-magnet-stjarntecken-koz","status":"publish","type":"product","link":"https:\/\/nordicmart.andreevmaster.com\/sv\/produkt\/stenbocken-magnet-stjarntecken-koz\/","title":{"rendered":"Stenbocken Magnet stj\u00e4rntecken KOZ"},"content":{"rendered":"<p>Stenbocken Magnet stj\u00e4rntecken KOZ&nbsp;&nbsp;Kylsk\u00e5psmagnet f\u00f6r extremt t\u00e5lmodiga och praktiska stj\u00e4rntecken Stenbocken. Stenbocken \u00e4r en person med stort ansvarsk\u00e4nsla. Stenbockar anses vara otillg\u00e4ngliga m\u00e4nniskor, men efter ett tag \u00f6verraskar de dig med sin k\u00e4nslighet och mognad. En kylsk\u00e5psmagnet med bilden av stj\u00e4rntecknet Stenbocken \u00e4r en utm\u00e4rkt id\u00e9 f\u00f6r en liten present eller ett komplement till en present till en person som \u00e4r f\u00f6dd i Stenbockens tecken och f\u00f6r astrologifans.&nbsp;I mitten av magneten finns en bild p\u00e5 stj\u00e4rntecknet Stenbocken. P\u00e5 den gyllene kanten finns symboler f\u00f6r alla stj\u00e4rntecken.&nbsp;&nbsp;Stenbockens magnet stj\u00e4rntecken KOZ specifikation:&nbsp;Material: emaljerad metallF\u00e4rg: guld, svartSymboler f\u00f6r alla stj\u00e4rntecken p\u00e5 kantenStenbocken i mittenM\u00e5tt: diameter 6 cm&nbsp;<\/p>\n","protected":false},"excerpt":{"rendered":"<p>Stenbocken Magnet stj\u00e4rntecken KOZ&nbsp;&nbsp;Kylsk\u00e5psmagnet f\u00f6r extremt t\u00e5lmodiga och praktiska stj\u00e4rntecken Stenbocken. Stenbocken \u00e4r en person med stort ansvarsk\u00e4nsla. Stenbockar anses vara otillg\u00e4ngliga m\u00e4nniskor, men efter ett tag \u00f6verraskar de dig med sin k\u00e4nslighet och mognad. En kylsk\u00e5psmagnet med bilden av stj\u00e4rntecknet Stenbocken \u00e4r en utm\u00e4rkt id\u00e9 f\u00f6r en liten present eller ett komplement till en [&hellip;]<\/p>\n","protected":false},"featured_media":44799,"comment_status":"open","ping_status":"closed","template":"","meta":[],"product_brand":[],"product_cat":[33],"product_tag":[],"class_list":{"0":"post-17443","1":"product","2":"type-product","3":"status-publish","4":"has-post-thumbnail","6":"product_cat-okategoriserad","8":"first","9":"instock","10":"shipping-taxable","11":"purchasable","12":"product-type-simple"},"_links":{"self":[{"href":"https:\/\/nordicmart.andreevmaster.com\/sv\/wp-json\/wp\/v2\/product\/17443","targetHints":{"allow":["GET"]}}],"collection":[{"href":"https:\/\/nordicmart.andreevmaster.com\/sv\/wp-json\/wp\/v2\/product"}],"about":[{"href":"https:\/\/nordicmart.andreevmaster.com\/sv\/wp-json\/wp\/v2\/types\/product"}],"replies":[{"embeddable":true,"href":"https:\/\/nordicmart.andreevmaster.com\/sv\/wp-json\/wp\/v2\/comments?post=17443"}],"wp:featuredmedia":[{"embeddable":true,"href":"https:\/\/nordicmart.andreevmaster.com\/sv\/wp-json\/wp\/v2\/media\/44799"}],"wp:attachment":[{"href":"https:\/\/nordicmart.andreevmaster.com\/sv\/wp-json\/wp\/v2\/media?parent=17443"}],"wp:term":[{"taxonomy":"product_brand","embeddable":true,"href":"https:\/\/nordicmart.andreevmaster.com\/sv\/wp-json\/wp\/v2\/product_brand?post=17443"},{"taxonomy":"product_cat","embeddable":true,"href":"https:\/\/nordicmart.andreevmaster.com\/sv\/wp-json\/wp\/v2\/product_cat?post=17443"},{"taxonomy":"product_tag","embeddable":true,"href":"https:\/\/nordicmart.andreevmaster.com\/sv\/wp-json\/wp\/v2\/product_tag?post=17443"}],"curies":[{"name":"wp","href":"https:\/\/api.w.org\/{rel}","templated":true}]}}