{"id":17442,"date":"2026-02-27T00:35:04","date_gmt":"2026-02-27T00:35:04","guid":{"rendered":"https:\/\/nordicmart.andreevmaster.com\/product\/taurus-magnet-stjarntecken\/"},"modified":"2026-02-27T08:24:41","modified_gmt":"2026-02-27T08:24:41","slug":"taurus-magnet-stjarntecken","status":"publish","type":"product","link":"https:\/\/nordicmart.andreevmaster.com\/sv\/produkt\/taurus-magnet-stjarntecken\/","title":{"rendered":"Taurus Magnet stj\u00e4rntecken"},"content":{"rendered":"<p>Taurus Magnet stj\u00e4rntecken&nbsp;&nbsp;En kylsk\u00e5psmagnet f\u00f6r det konsekventa, jordn\u00e4ra stj\u00e4rntecknet Oxen. Oxen \u00e4r en person som uppskattar sk\u00f6nhet, glitter, men ocks\u00e5 lojalitet. Oxar \u00e4r f\u00f6dda finansi\u00e4rer som \u00e4lskar prydnadssaker. En kylsk\u00e5psmagnet med bilden av stj\u00e4rntecknet Oxen \u00e4r en utm\u00e4rkt id\u00e9 f\u00f6r en liten present eller ett komplement till en present till en person som \u00e4r f\u00f6dd i Oxens tecken och f\u00f6r fans av astrologi.&nbsp;I mitten av magneten finns en bild p\u00e5 stj\u00e4rntecknet Oxen. P\u00e5 den gyllene kanten finns symboler f\u00f6r alla stj\u00e4rntecken.&nbsp;&nbsp;Taurus Magnet Zodiac Sign Specifikation:&nbsp;Material: emaljerad metallF\u00e4rg: guld, svartSymboler f\u00f6r alla stj\u00e4rntecken p\u00e5 kantenTaurus i mittenM\u00e5tt: diameter 6 cm&nbsp;<\/p>\n","protected":false},"excerpt":{"rendered":"<p>Taurus Magnet stj\u00e4rntecken&nbsp;&nbsp;En kylsk\u00e5psmagnet f\u00f6r det konsekventa, jordn\u00e4ra stj\u00e4rntecknet Oxen. Oxen \u00e4r en person som uppskattar sk\u00f6nhet, glitter, men ocks\u00e5 lojalitet. Oxar \u00e4r f\u00f6dda finansi\u00e4rer som \u00e4lskar prydnadssaker. En kylsk\u00e5psmagnet med bilden av stj\u00e4rntecknet Oxen \u00e4r en utm\u00e4rkt id\u00e9 f\u00f6r en liten present eller ett komplement till en present till en person som \u00e4r f\u00f6dd [&hellip;]<\/p>\n","protected":false},"featured_media":44798,"comment_status":"open","ping_status":"closed","template":"","meta":[],"product_brand":[],"product_cat":[33],"product_tag":[],"class_list":{"0":"post-17442","1":"product","2":"type-product","3":"status-publish","4":"has-post-thumbnail","6":"product_cat-okategoriserad","8":"first","9":"instock","10":"shipping-taxable","11":"purchasable","12":"product-type-simple"},"_links":{"self":[{"href":"https:\/\/nordicmart.andreevmaster.com\/sv\/wp-json\/wp\/v2\/product\/17442","targetHints":{"allow":["GET"]}}],"collection":[{"href":"https:\/\/nordicmart.andreevmaster.com\/sv\/wp-json\/wp\/v2\/product"}],"about":[{"href":"https:\/\/nordicmart.andreevmaster.com\/sv\/wp-json\/wp\/v2\/types\/product"}],"replies":[{"embeddable":true,"href":"https:\/\/nordicmart.andreevmaster.com\/sv\/wp-json\/wp\/v2\/comments?post=17442"}],"wp:featuredmedia":[{"embeddable":true,"href":"https:\/\/nordicmart.andreevmaster.com\/sv\/wp-json\/wp\/v2\/media\/44798"}],"wp:attachment":[{"href":"https:\/\/nordicmart.andreevmaster.com\/sv\/wp-json\/wp\/v2\/media?parent=17442"}],"wp:term":[{"taxonomy":"product_brand","embeddable":true,"href":"https:\/\/nordicmart.andreevmaster.com\/sv\/wp-json\/wp\/v2\/product_brand?post=17442"},{"taxonomy":"product_cat","embeddable":true,"href":"https:\/\/nordicmart.andreevmaster.com\/sv\/wp-json\/wp\/v2\/product_cat?post=17442"},{"taxonomy":"product_tag","embeddable":true,"href":"https:\/\/nordicmart.andreevmaster.com\/sv\/wp-json\/wp\/v2\/product_tag?post=17442"}],"curies":[{"name":"wp","href":"https:\/\/api.w.org\/{rel}","templated":true}]}}