{"id":17441,"date":"2026-02-27T00:35:03","date_gmt":"2026-02-27T00:35:03","guid":{"rendered":"https:\/\/nordicmart.andreevmaster.com\/product\/gemini-magnet-stjarntecken-bli\/"},"modified":"2026-02-27T08:24:41","modified_gmt":"2026-02-27T08:24:41","slug":"gemini-magnet-stjarntecken-bli","status":"publish","type":"product","link":"https:\/\/nordicmart.andreevmaster.com\/sv\/produkt\/gemini-magnet-stjarntecken-bli\/","title":{"rendered":"Gemini Magnet stj\u00e4rntecken BLI"},"content":{"rendered":"<p>Gemini Magnet stj\u00e4rntecken BLI&nbsp;Kylsk\u00e5psmagnet f\u00f6r stj\u00e4rntecknet Tvillingarna som jagar st\u00e4ndiga utmaningar och upplevelser. Tvillingarna t\u00e5l inte tristess och monotoni. De anses vara det mest s\u00e4llskapliga och livliga av stj\u00e4rntecknen. En kylsk\u00e5psmagnet med bilden av stj\u00e4rntecknet Tvillingarna \u00e4r en utm\u00e4rkt id\u00e9 f\u00f6r en liten present eller ett komplement till en present till en person som \u00e4r f\u00f6dd i stj\u00e4rntecknet Tvillingarna och f\u00f6r fans av astrologi.&nbsp;I mitten av magneten finns en bild p\u00e5 stj\u00e4rntecknet Tvillingarna. P\u00e5 den gyllene kanten finns symboler f\u00f6r alla stj\u00e4rntecken.&nbsp;&nbsp;Tvillingarna Magnet Stj\u00e4rntecken Specifikation:&nbsp;Material: emaljerad metallF\u00e4rg: guld, svartSymboler f\u00f6r alla stj\u00e4rntecken p\u00e5 kantenTvillingarna i mittenM\u00e5tt: diameter 6 cm&nbsp;<\/p>\n","protected":false},"excerpt":{"rendered":"<p>Gemini Magnet stj\u00e4rntecken BLI&nbsp;Kylsk\u00e5psmagnet f\u00f6r stj\u00e4rntecknet Tvillingarna som jagar st\u00e4ndiga utmaningar och upplevelser. Tvillingarna t\u00e5l inte tristess och monotoni. De anses vara det mest s\u00e4llskapliga och livliga av stj\u00e4rntecknen. En kylsk\u00e5psmagnet med bilden av stj\u00e4rntecknet Tvillingarna \u00e4r en utm\u00e4rkt id\u00e9 f\u00f6r en liten present eller ett komplement till en present till en person som \u00e4r [&hellip;]<\/p>\n","protected":false},"featured_media":44797,"comment_status":"open","ping_status":"closed","template":"","meta":[],"product_brand":[],"product_cat":[33],"product_tag":[],"class_list":{"0":"post-17441","1":"product","2":"type-product","3":"status-publish","4":"has-post-thumbnail","6":"product_cat-okategoriserad","8":"first","9":"instock","10":"shipping-taxable","11":"purchasable","12":"product-type-simple"},"_links":{"self":[{"href":"https:\/\/nordicmart.andreevmaster.com\/sv\/wp-json\/wp\/v2\/product\/17441","targetHints":{"allow":["GET"]}}],"collection":[{"href":"https:\/\/nordicmart.andreevmaster.com\/sv\/wp-json\/wp\/v2\/product"}],"about":[{"href":"https:\/\/nordicmart.andreevmaster.com\/sv\/wp-json\/wp\/v2\/types\/product"}],"replies":[{"embeddable":true,"href":"https:\/\/nordicmart.andreevmaster.com\/sv\/wp-json\/wp\/v2\/comments?post=17441"}],"wp:featuredmedia":[{"embeddable":true,"href":"https:\/\/nordicmart.andreevmaster.com\/sv\/wp-json\/wp\/v2\/media\/44797"}],"wp:attachment":[{"href":"https:\/\/nordicmart.andreevmaster.com\/sv\/wp-json\/wp\/v2\/media?parent=17441"}],"wp:term":[{"taxonomy":"product_brand","embeddable":true,"href":"https:\/\/nordicmart.andreevmaster.com\/sv\/wp-json\/wp\/v2\/product_brand?post=17441"},{"taxonomy":"product_cat","embeddable":true,"href":"https:\/\/nordicmart.andreevmaster.com\/sv\/wp-json\/wp\/v2\/product_cat?post=17441"},{"taxonomy":"product_tag","embeddable":true,"href":"https:\/\/nordicmart.andreevmaster.com\/sv\/wp-json\/wp\/v2\/product_tag?post=17441"}],"curies":[{"name":"wp","href":"https:\/\/api.w.org\/{rel}","templated":true}]}}