{"id":17440,"date":"2026-02-27T00:35:03","date_gmt":"2026-02-27T00:35:03","guid":{"rendered":"https:\/\/nordicmart.andreevmaster.com\/product\/vaduren-magnet-stjarntecken-bar\/"},"modified":"2026-02-27T08:24:41","modified_gmt":"2026-02-27T08:24:41","slug":"vaduren-magnet-stjarntecken-bar","status":"publish","type":"product","link":"https:\/\/nordicmart.andreevmaster.com\/sv\/produkt\/vaduren-magnet-stjarntecken-bar\/","title":{"rendered":"V\u00e4duren Magnet stj\u00e4rntecken BAR"},"content":{"rendered":"<p>V\u00e4duren Magnet stj\u00e4rntecken BAR&nbsp;&nbsp;Kylsk\u00e5psmagnet f\u00f6r den f\u00f6dda ledaren, stj\u00e4rntecknet V\u00e4duren, som alltid str\u00e4var efter att uppfylla sina dr\u00f6mmar. V\u00e4duren \u00e4r en modig och sj\u00e4lvst\u00e4ndig person som gillar att ta ansvar f\u00f6r allt. En kylsk\u00e5psmagnet med bilden av stj\u00e4rntecknet V\u00e4duren \u00e4r en bra id\u00e9 f\u00f6r en billig present eller ett komplement till en present till en V\u00e4dur och astrologi\u00e4lskare.&nbsp;I mitten av magneten finns en bild p\u00e5 stj\u00e4rntecknet V\u00e4duren. P\u00e5 den gyllene kanten finns symboler f\u00f6r alla stj\u00e4rntecken. V\u00e4duren Magnet stj\u00e4rntecken BAR Specifikation: Material: emaljerad metall F\u00e4rg: guld, svart Symboler f\u00f6r alla stj\u00e4rntecken p\u00e5 kanten V\u00e4duren i mitten M\u00e5tt: diameter 6 cm En magnet tillverkad med emaljteknik, precis som gatuskylten. Tekniken \u00e4r extremt motst\u00e5ndskraftig mot v\u00e4derf\u00f6rh\u00e5llanden. Emaljering \u00e4r en av de \u00e4ldsta och mest h\u00e5llbara konsthantverksteknikerna, k\u00e4nd redan under det f\u00f6rsta \u00e5rtusendet f.Kr. Emaljens huvudsakliga best\u00e5ndsdel \u00e4r pulveriserat glas som sm\u00e4lts vid h\u00f6g temperatur, f\u00e4rgats med metalloxider och applicerats p\u00e5 ett metallunderlag. Det bildas en glasartad, h\u00e5llbar och f\u00e4rgad bel\u00e4ggning som kan slipas och poleras.&nbsp;<\/p>\n","protected":false},"excerpt":{"rendered":"<p>V\u00e4duren Magnet stj\u00e4rntecken BAR&nbsp;&nbsp;Kylsk\u00e5psmagnet f\u00f6r den f\u00f6dda ledaren, stj\u00e4rntecknet V\u00e4duren, som alltid str\u00e4var efter att uppfylla sina dr\u00f6mmar. V\u00e4duren \u00e4r en modig och sj\u00e4lvst\u00e4ndig person som gillar att ta ansvar f\u00f6r allt. En kylsk\u00e5psmagnet med bilden av stj\u00e4rntecknet V\u00e4duren \u00e4r en bra id\u00e9 f\u00f6r en billig present eller ett komplement till en present till en [&hellip;]<\/p>\n","protected":false},"featured_media":44796,"comment_status":"open","ping_status":"closed","template":"","meta":[],"product_brand":[],"product_cat":[33],"product_tag":[],"class_list":{"0":"post-17440","1":"product","2":"type-product","3":"status-publish","4":"has-post-thumbnail","6":"product_cat-okategoriserad","8":"first","9":"instock","10":"shipping-taxable","11":"purchasable","12":"product-type-simple"},"_links":{"self":[{"href":"https:\/\/nordicmart.andreevmaster.com\/sv\/wp-json\/wp\/v2\/product\/17440","targetHints":{"allow":["GET"]}}],"collection":[{"href":"https:\/\/nordicmart.andreevmaster.com\/sv\/wp-json\/wp\/v2\/product"}],"about":[{"href":"https:\/\/nordicmart.andreevmaster.com\/sv\/wp-json\/wp\/v2\/types\/product"}],"replies":[{"embeddable":true,"href":"https:\/\/nordicmart.andreevmaster.com\/sv\/wp-json\/wp\/v2\/comments?post=17440"}],"wp:featuredmedia":[{"embeddable":true,"href":"https:\/\/nordicmart.andreevmaster.com\/sv\/wp-json\/wp\/v2\/media\/44796"}],"wp:attachment":[{"href":"https:\/\/nordicmart.andreevmaster.com\/sv\/wp-json\/wp\/v2\/media?parent=17440"}],"wp:term":[{"taxonomy":"product_brand","embeddable":true,"href":"https:\/\/nordicmart.andreevmaster.com\/sv\/wp-json\/wp\/v2\/product_brand?post=17440"},{"taxonomy":"product_cat","embeddable":true,"href":"https:\/\/nordicmart.andreevmaster.com\/sv\/wp-json\/wp\/v2\/product_cat?post=17440"},{"taxonomy":"product_tag","embeddable":true,"href":"https:\/\/nordicmart.andreevmaster.com\/sv\/wp-json\/wp\/v2\/product_tag?post=17440"}],"curies":[{"name":"wp","href":"https:\/\/api.w.org\/{rel}","templated":true}]}}