{"id":17439,"date":"2026-02-27T00:35:03","date_gmt":"2026-02-27T00:35:03","guid":{"rendered":"https:\/\/nordicmart.andreevmaster.com\/product\/klocka-av-massing-clk-0569\/"},"modified":"2026-02-27T08:24:41","modified_gmt":"2026-02-27T08:24:41","slug":"klocka-av-massing-clk-0569","status":"publish","type":"product","link":"https:\/\/nordicmart.andreevmaster.com\/sv\/produkt\/klocka-av-massing-clk-0569\/","title":{"rendered":"Klocka av m\u00e4ssing \u2013 CLK-0569"},"content":{"rendered":"<p>Klocka i m\u00e4ssing &#8211; CLK-0569&nbsp;Denna lilla m\u00e4ssingsklocka \u00e4r en funktionell och charmig prydnad som passar perfekt p\u00e5 skrivbordet eller nattduksbordet. Det konvexa linsglaset ger klockan en rund form. Klockans boett \u00e4r tillverkad i m\u00e4ssing. Den vita urtavlan \u00e4r dekorerad med svarta romerska siffror och diskreta visare. Tack vare det linsformade glaset verkar urtavlans yta vara i en delikat approximation. Klockan passar in i retrostilen och p\u00e5minner om gamla fickur. Den passar perfekt i sk\u00e5p, koloniala och vintageinredningar.&nbsp;\u00d6vrig information:&nbsp;M\u00e5tt: h\u00f6jd 4 cm x bredd 4 cmMaterial: Klocka tillverkad av m\u00e4ssing.Kulaformad klockaLinsformat glasVit urtavlaSvarta romerska siffrorDrivning: batteri. F\u00f6r att byta batteri, skruva loss baksidan av kulan. L\u00e4deretikett p\u00e5 klockans ring.<\/p>\n","protected":false},"excerpt":{"rendered":"<p>Klocka i m\u00e4ssing &#8211; CLK-0569&nbsp;Denna lilla m\u00e4ssingsklocka \u00e4r en funktionell och charmig prydnad som passar perfekt p\u00e5 skrivbordet eller nattduksbordet. Det konvexa linsglaset ger klockan en rund form. Klockans boett \u00e4r tillverkad i m\u00e4ssing. Den vita urtavlan \u00e4r dekorerad med svarta romerska siffror och diskreta visare. Tack vare det linsformade glaset verkar urtavlans yta vara [&hellip;]<\/p>\n","protected":false},"featured_media":44795,"comment_status":"open","ping_status":"closed","template":"","meta":[],"product_brand":[],"product_cat":[33],"product_tag":[],"class_list":{"0":"post-17439","1":"product","2":"type-product","3":"status-publish","4":"has-post-thumbnail","6":"product_cat-okategoriserad","8":"first","9":"instock","10":"shipping-taxable","11":"purchasable","12":"product-type-simple"},"_links":{"self":[{"href":"https:\/\/nordicmart.andreevmaster.com\/sv\/wp-json\/wp\/v2\/product\/17439","targetHints":{"allow":["GET"]}}],"collection":[{"href":"https:\/\/nordicmart.andreevmaster.com\/sv\/wp-json\/wp\/v2\/product"}],"about":[{"href":"https:\/\/nordicmart.andreevmaster.com\/sv\/wp-json\/wp\/v2\/types\/product"}],"replies":[{"embeddable":true,"href":"https:\/\/nordicmart.andreevmaster.com\/sv\/wp-json\/wp\/v2\/comments?post=17439"}],"wp:featuredmedia":[{"embeddable":true,"href":"https:\/\/nordicmart.andreevmaster.com\/sv\/wp-json\/wp\/v2\/media\/44795"}],"wp:attachment":[{"href":"https:\/\/nordicmart.andreevmaster.com\/sv\/wp-json\/wp\/v2\/media?parent=17439"}],"wp:term":[{"taxonomy":"product_brand","embeddable":true,"href":"https:\/\/nordicmart.andreevmaster.com\/sv\/wp-json\/wp\/v2\/product_brand?post=17439"},{"taxonomy":"product_cat","embeddable":true,"href":"https:\/\/nordicmart.andreevmaster.com\/sv\/wp-json\/wp\/v2\/product_cat?post=17439"},{"taxonomy":"product_tag","embeddable":true,"href":"https:\/\/nordicmart.andreevmaster.com\/sv\/wp-json\/wp\/v2\/product_tag?post=17439"}],"curies":[{"name":"wp","href":"https:\/\/api.w.org\/{rel}","templated":true}]}}