{"id":17437,"date":"2026-02-27T00:35:03","date_gmt":"2026-02-27T00:35:03","guid":{"rendered":"https:\/\/nordicmart.andreevmaster.com\/product\/fotoram-i-tra-fotostorlek-18x13-cm-30066\/"},"modified":"2026-02-27T08:24:40","modified_gmt":"2026-02-27T08:24:40","slug":"fotoram-i-tra-fotostorlek-18x13-cm-30066","status":"publish","type":"product","link":"https:\/\/nordicmart.andreevmaster.com\/sv\/produkt\/fotoram-i-tra-fotostorlek-18x13-cm-30066\/","title":{"rendered":"Fotoram i tr\u00e4 Fotostorlek 18&#215;13 cm | 30066"},"content":{"rendered":"<p>Fotoram i tr\u00e4 Fotostorlek 18&#215;13 cm | 30066&nbsp;Material: Mangotr\u00e4 med metallelement F\u00e4rg: Tr\u00e4 med svart inramning och silverf\u00e4rgade dekorativa element Fantastiskt dekorativt element som \u00e4r perfekt f\u00f6r att f\u00f6rvara bilder av dina favoritminnen&nbsp;M\u00e5tt: Ram 28 x 22,5 cm Fotostorlek 18 x 13 cm&nbsp;<\/p>\n","protected":false},"excerpt":{"rendered":"<p>Fotoram i tr\u00e4 Fotostorlek 18&#215;13 cm | 30066&nbsp;Material: Mangotr\u00e4 med metallelement F\u00e4rg: Tr\u00e4 med svart inramning och silverf\u00e4rgade dekorativa element Fantastiskt dekorativt element som \u00e4r perfekt f\u00f6r att f\u00f6rvara bilder av dina favoritminnen&nbsp;M\u00e5tt: Ram 28 x 22,5 cm Fotostorlek 18 x 13 cm&nbsp;<\/p>\n","protected":false},"featured_media":44793,"comment_status":"open","ping_status":"closed","template":"","meta":[],"product_brand":[],"product_cat":[33],"product_tag":[],"class_list":{"0":"post-17437","1":"product","2":"type-product","3":"status-publish","4":"has-post-thumbnail","6":"product_cat-okategoriserad","8":"first","9":"instock","10":"shipping-taxable","11":"purchasable","12":"product-type-simple"},"_links":{"self":[{"href":"https:\/\/nordicmart.andreevmaster.com\/sv\/wp-json\/wp\/v2\/product\/17437","targetHints":{"allow":["GET"]}}],"collection":[{"href":"https:\/\/nordicmart.andreevmaster.com\/sv\/wp-json\/wp\/v2\/product"}],"about":[{"href":"https:\/\/nordicmart.andreevmaster.com\/sv\/wp-json\/wp\/v2\/types\/product"}],"replies":[{"embeddable":true,"href":"https:\/\/nordicmart.andreevmaster.com\/sv\/wp-json\/wp\/v2\/comments?post=17437"}],"wp:featuredmedia":[{"embeddable":true,"href":"https:\/\/nordicmart.andreevmaster.com\/sv\/wp-json\/wp\/v2\/media\/44793"}],"wp:attachment":[{"href":"https:\/\/nordicmart.andreevmaster.com\/sv\/wp-json\/wp\/v2\/media?parent=17437"}],"wp:term":[{"taxonomy":"product_brand","embeddable":true,"href":"https:\/\/nordicmart.andreevmaster.com\/sv\/wp-json\/wp\/v2\/product_brand?post=17437"},{"taxonomy":"product_cat","embeddable":true,"href":"https:\/\/nordicmart.andreevmaster.com\/sv\/wp-json\/wp\/v2\/product_cat?post=17437"},{"taxonomy":"product_tag","embeddable":true,"href":"https:\/\/nordicmart.andreevmaster.com\/sv\/wp-json\/wp\/v2\/product_tag?post=17437"}],"curies":[{"name":"wp","href":"https:\/\/api.w.org\/{rel}","templated":true}]}}