{"id":17435,"date":"2026-02-27T00:35:02","date_gmt":"2026-02-27T00:35:02","guid":{"rendered":"https:\/\/nordicmart.andreevmaster.com\/product\/fotoram-i-tra-med-marockansk-klover-fotostorlek-13x18-cm-a-1155\/"},"modified":"2026-02-27T08:24:40","modified_gmt":"2026-02-27T08:24:40","slug":"fotoram-i-tra-med-marockansk-klover-fotostorlek-13x18-cm-a-1155","status":"publish","type":"product","link":"https:\/\/nordicmart.andreevmaster.com\/sv\/produkt\/fotoram-i-tra-med-marockansk-klover-fotostorlek-13x18-cm-a-1155\/","title":{"rendered":"Fotoram i tr\u00e4 med marockansk kl\u00f6ver Fotostorlek 13&#215;18 cm | A-1155"},"content":{"rendered":"<p>Tr\u00e4ram f\u00f6r foto, marockansk kl\u00f6ver, fotostorlek 13 x 18 cm | A-1155&nbsp;Material: Mangotr\u00e4 med metallelementM\u00f6nster: Marockansk kl\u00f6verF\u00e4rg: Naturligt mangotr\u00e4 med svarta metallelementElegant, stilren ram perfekt f\u00f6r unika bilder. Utm\u00e4rkt dekorativt element&nbsp;M\u00e5tt: Ram 28 x 22,5 cm Fotostorlek 13 x 18 cm&nbsp;<\/p>\n","protected":false},"excerpt":{"rendered":"<p>Tr\u00e4ram f\u00f6r foto, marockansk kl\u00f6ver, fotostorlek 13 x 18 cm | A-1155&nbsp;Material: Mangotr\u00e4 med metallelementM\u00f6nster: Marockansk kl\u00f6verF\u00e4rg: Naturligt mangotr\u00e4 med svarta metallelementElegant, stilren ram perfekt f\u00f6r unika bilder. Utm\u00e4rkt dekorativt element&nbsp;M\u00e5tt: Ram 28 x 22,5 cm Fotostorlek 13 x 18 cm&nbsp;<\/p>\n","protected":false},"featured_media":44791,"comment_status":"open","ping_status":"closed","template":"","meta":[],"product_brand":[],"product_cat":[33],"product_tag":[],"class_list":{"0":"post-17435","1":"product","2":"type-product","3":"status-publish","4":"has-post-thumbnail","6":"product_cat-okategoriserad","8":"first","9":"instock","10":"shipping-taxable","11":"purchasable","12":"product-type-simple"},"_links":{"self":[{"href":"https:\/\/nordicmart.andreevmaster.com\/sv\/wp-json\/wp\/v2\/product\/17435","targetHints":{"allow":["GET"]}}],"collection":[{"href":"https:\/\/nordicmart.andreevmaster.com\/sv\/wp-json\/wp\/v2\/product"}],"about":[{"href":"https:\/\/nordicmart.andreevmaster.com\/sv\/wp-json\/wp\/v2\/types\/product"}],"replies":[{"embeddable":true,"href":"https:\/\/nordicmart.andreevmaster.com\/sv\/wp-json\/wp\/v2\/comments?post=17435"}],"wp:featuredmedia":[{"embeddable":true,"href":"https:\/\/nordicmart.andreevmaster.com\/sv\/wp-json\/wp\/v2\/media\/44791"}],"wp:attachment":[{"href":"https:\/\/nordicmart.andreevmaster.com\/sv\/wp-json\/wp\/v2\/media?parent=17435"}],"wp:term":[{"taxonomy":"product_brand","embeddable":true,"href":"https:\/\/nordicmart.andreevmaster.com\/sv\/wp-json\/wp\/v2\/product_brand?post=17435"},{"taxonomy":"product_cat","embeddable":true,"href":"https:\/\/nordicmart.andreevmaster.com\/sv\/wp-json\/wp\/v2\/product_cat?post=17435"},{"taxonomy":"product_tag","embeddable":true,"href":"https:\/\/nordicmart.andreevmaster.com\/sv\/wp-json\/wp\/v2\/product_tag?post=17435"}],"curies":[{"name":"wp","href":"https:\/\/api.w.org\/{rel}","templated":true}]}}