{"id":17434,"date":"2026-02-27T00:35:02","date_gmt":"2026-02-27T00:35:02","guid":{"rendered":"https:\/\/nordicmart.andreevmaster.com\/product\/fotoram-i-tra-med-tackande-plat-fotostorlek-10-x-10-cm-a-1106\/"},"modified":"2026-02-27T08:24:40","modified_gmt":"2026-02-27T08:24:40","slug":"fotoram-i-tra-med-tackande-plat-fotostorlek-10-x-10-cm-a-1106","status":"publish","type":"product","link":"https:\/\/nordicmart.andreevmaster.com\/sv\/produkt\/fotoram-i-tra-med-tackande-plat-fotostorlek-10-x-10-cm-a-1106\/","title":{"rendered":"Fotoram i tr\u00e4 med t\u00e4ckande pl\u00e5t Fotostorlek 10 x 10 cm | A-1106"},"content":{"rendered":"<p>Tr\u00e4ram f\u00f6r foton med fotostorlek 10&#215;10 cm | A-1106&nbsp;Mangotr\u00e4ram t\u00e4ckt med metallpl\u00e5t med beslag Stil: vintage, n\u00e4stan rostig p\u00e5 vissa st\u00e4llen F\u00e4rger: koppar, svart, brun, guld&nbsp;M\u00e5tt: Ram 20 x 20 cm Fotostorlek 10 x 10 cm&nbsp;<\/p>\n","protected":false},"excerpt":{"rendered":"<p>Tr\u00e4ram f\u00f6r foton med fotostorlek 10&#215;10 cm | A-1106&nbsp;Mangotr\u00e4ram t\u00e4ckt med metallpl\u00e5t med beslag Stil: vintage, n\u00e4stan rostig p\u00e5 vissa st\u00e4llen F\u00e4rger: koppar, svart, brun, guld&nbsp;M\u00e5tt: Ram 20 x 20 cm Fotostorlek 10 x 10 cm&nbsp;<\/p>\n","protected":false},"featured_media":44790,"comment_status":"open","ping_status":"closed","template":"","meta":[],"product_brand":[],"product_cat":[33],"product_tag":[],"class_list":{"0":"post-17434","1":"product","2":"type-product","3":"status-publish","4":"has-post-thumbnail","6":"product_cat-okategoriserad","8":"first","9":"instock","10":"shipping-taxable","11":"purchasable","12":"product-type-simple"},"_links":{"self":[{"href":"https:\/\/nordicmart.andreevmaster.com\/sv\/wp-json\/wp\/v2\/product\/17434","targetHints":{"allow":["GET"]}}],"collection":[{"href":"https:\/\/nordicmart.andreevmaster.com\/sv\/wp-json\/wp\/v2\/product"}],"about":[{"href":"https:\/\/nordicmart.andreevmaster.com\/sv\/wp-json\/wp\/v2\/types\/product"}],"replies":[{"embeddable":true,"href":"https:\/\/nordicmart.andreevmaster.com\/sv\/wp-json\/wp\/v2\/comments?post=17434"}],"wp:featuredmedia":[{"embeddable":true,"href":"https:\/\/nordicmart.andreevmaster.com\/sv\/wp-json\/wp\/v2\/media\/44790"}],"wp:attachment":[{"href":"https:\/\/nordicmart.andreevmaster.com\/sv\/wp-json\/wp\/v2\/media?parent=17434"}],"wp:term":[{"taxonomy":"product_brand","embeddable":true,"href":"https:\/\/nordicmart.andreevmaster.com\/sv\/wp-json\/wp\/v2\/product_brand?post=17434"},{"taxonomy":"product_cat","embeddable":true,"href":"https:\/\/nordicmart.andreevmaster.com\/sv\/wp-json\/wp\/v2\/product_cat?post=17434"},{"taxonomy":"product_tag","embeddable":true,"href":"https:\/\/nordicmart.andreevmaster.com\/sv\/wp-json\/wp\/v2\/product_tag?post=17434"}],"curies":[{"name":"wp","href":"https:\/\/api.w.org\/{rel}","templated":true}]}}