{"id":17429,"date":"2026-02-27T00:35:00","date_gmt":"2026-02-27T00:35:00","guid":{"rendered":"https:\/\/nordicmart.andreevmaster.com\/product\/skytten-dekorativ-figur-sag\/"},"modified":"2026-02-27T08:24:38","modified_gmt":"2026-02-27T08:24:38","slug":"skytten-dekorativ-figur-sag","status":"publish","type":"product","link":"https:\/\/nordicmart.andreevmaster.com\/sv\/produkt\/skytten-dekorativ-figur-sag\/","title":{"rendered":"Skytten \u2013 Dekorativ figur &#8211; SAG"},"content":{"rendered":"<p>Skytten \u2013 Dekorativ figur \u2013 SAG&nbsp;&nbsp;Vi presenterar en dekorativ figur \u2013 stj\u00e4rntecknet Skytten. Figuren \u00e4r tillverkad av aluminium och st\u00e5r p\u00e5 en tr\u00e4bas. Statyns moderna form g\u00f6r den till en perfekt dekoration f\u00f6r en byr\u00e5 i en art d\u00e9co-inredning. Den dekorativa figuren SAG \u00e4r en utm\u00e4rkt presentid\u00e9 f\u00f6r skytten och astrologifans.&nbsp;M\u00e5tt:&nbsp;H\u00f6jd 25 cmBredd 21,5 cmDjup 4,5 cm&nbsp;\u00d6vriga produktegenskaper:&nbsp;Material &ndash; Aluminium \/ Tr\u00e4bas F\u00e4rg \u2013 Silver \/ M\u00f6rk bas&nbsp;&nbsp;Enligt en tradition som g\u00e5r tillbaka till antikens greker och romare avbildas Skytten som en kentaur som skjuter med pilb\u00e5ge. V\u00e5r Skytten-statyett visar denna mytiska varelse som siktar med pilb\u00e5gen i full galopp, vilket h\u00e4nvisar till detta stj\u00e4rnteckens egenskaper: vitalitet, energi och styrka.&nbsp;<\/p>\n","protected":false},"excerpt":{"rendered":"<p>Skytten \u2013 Dekorativ figur \u2013 SAG&nbsp;&nbsp;Vi presenterar en dekorativ figur \u2013 stj\u00e4rntecknet Skytten. Figuren \u00e4r tillverkad av aluminium och st\u00e5r p\u00e5 en tr\u00e4bas. Statyns moderna form g\u00f6r den till en perfekt dekoration f\u00f6r en byr\u00e5 i en art d\u00e9co-inredning. Den dekorativa figuren SAG \u00e4r en utm\u00e4rkt presentid\u00e9 f\u00f6r skytten och astrologifans.&nbsp;M\u00e5tt:&nbsp;H\u00f6jd 25 cmBredd 21,5 cmDjup [&hellip;]<\/p>\n","protected":false},"featured_media":44785,"comment_status":"open","ping_status":"closed","template":"","meta":[],"product_brand":[],"product_cat":[33],"product_tag":[],"class_list":{"0":"post-17429","1":"product","2":"type-product","3":"status-publish","4":"has-post-thumbnail","6":"product_cat-okategoriserad","8":"first","9":"instock","10":"shipping-taxable","11":"purchasable","12":"product-type-simple"},"_links":{"self":[{"href":"https:\/\/nordicmart.andreevmaster.com\/sv\/wp-json\/wp\/v2\/product\/17429","targetHints":{"allow":["GET"]}}],"collection":[{"href":"https:\/\/nordicmart.andreevmaster.com\/sv\/wp-json\/wp\/v2\/product"}],"about":[{"href":"https:\/\/nordicmart.andreevmaster.com\/sv\/wp-json\/wp\/v2\/types\/product"}],"replies":[{"embeddable":true,"href":"https:\/\/nordicmart.andreevmaster.com\/sv\/wp-json\/wp\/v2\/comments?post=17429"}],"wp:featuredmedia":[{"embeddable":true,"href":"https:\/\/nordicmart.andreevmaster.com\/sv\/wp-json\/wp\/v2\/media\/44785"}],"wp:attachment":[{"href":"https:\/\/nordicmart.andreevmaster.com\/sv\/wp-json\/wp\/v2\/media?parent=17429"}],"wp:term":[{"taxonomy":"product_brand","embeddable":true,"href":"https:\/\/nordicmart.andreevmaster.com\/sv\/wp-json\/wp\/v2\/product_brand?post=17429"},{"taxonomy":"product_cat","embeddable":true,"href":"https:\/\/nordicmart.andreevmaster.com\/sv\/wp-json\/wp\/v2\/product_cat?post=17429"},{"taxonomy":"product_tag","embeddable":true,"href":"https:\/\/nordicmart.andreevmaster.com\/sv\/wp-json\/wp\/v2\/product_tag?post=17429"}],"curies":[{"name":"wp","href":"https:\/\/api.w.org\/{rel}","templated":true}]}}