{"id":17428,"date":"2026-02-27T00:35:00","date_gmt":"2026-02-27T00:35:00","guid":{"rendered":"https:\/\/nordicmart.andreevmaster.com\/product\/dansare-dekorativ-figur-vir\/"},"modified":"2026-02-27T08:24:38","modified_gmt":"2026-02-27T08:24:38","slug":"dansare-dekorativ-figur-vir","status":"publish","type":"product","link":"https:\/\/nordicmart.andreevmaster.com\/sv\/produkt\/dansare-dekorativ-figur-vir\/","title":{"rendered":"Dansare \u2013 Dekorativ figur &#8211; VIR"},"content":{"rendered":"<p>Dansare \u2013 Dekorativ figur &#8211; VIR&nbsp;&nbsp;Vi presenterar en figur tillverkad av aluminium \u2013 modellen Dansare. Dans \u00e4r en uttrycksform, det \u00e4r frihet och sublimitet. Ibland \u00e4r det en metafor f\u00f6r himlakropparnas r\u00f6relser, ibland en r\u00f6rande historia som ber\u00f6r hj\u00e4rtat. Naturligtvis handlar dans om m\u00e5nga \u00e5rs arbete f\u00f6r att uppn\u00e5 perfektion, vilket \u00e4r v\u00e4rt att uppskatta. Denna dekorativa figur \u00e4r en fantastisk present till dem som l\u00e4mnar sina hj\u00e4rtan p\u00e5 scener och dansgolv. Det \u00e4r en unik present till en dansare, ballerina eller till stj\u00e4rntecknet Jungfrun. Den fungerar som ett pris f\u00f6r att ha vunnit en danst\u00e4vling och kommer att ta en hedersplats i hemmet.&nbsp;&nbsp;M\u00e5tt:&nbsp;H\u00f6jd 28 cmBredd 20 cmDjup 7 cm&nbsp;&nbsp;Andra produktegenskaper:&nbsp;Material &ndash; aluminiumF\u00e4rg &ndash; silver&nbsp;<\/p>\n","protected":false},"excerpt":{"rendered":"<p>Dansare \u2013 Dekorativ figur &#8211; VIR&nbsp;&nbsp;Vi presenterar en figur tillverkad av aluminium \u2013 modellen Dansare. Dans \u00e4r en uttrycksform, det \u00e4r frihet och sublimitet. Ibland \u00e4r det en metafor f\u00f6r himlakropparnas r\u00f6relser, ibland en r\u00f6rande historia som ber\u00f6r hj\u00e4rtat. Naturligtvis handlar dans om m\u00e5nga \u00e5rs arbete f\u00f6r att uppn\u00e5 perfektion, vilket \u00e4r v\u00e4rt att uppskatta. [&hellip;]<\/p>\n","protected":false},"featured_media":44784,"comment_status":"open","ping_status":"closed","template":"","meta":[],"product_brand":[],"product_cat":[33],"product_tag":[],"class_list":{"0":"post-17428","1":"product","2":"type-product","3":"status-publish","4":"has-post-thumbnail","6":"product_cat-okategoriserad","8":"first","9":"instock","10":"shipping-taxable","11":"purchasable","12":"product-type-simple"},"_links":{"self":[{"href":"https:\/\/nordicmart.andreevmaster.com\/sv\/wp-json\/wp\/v2\/product\/17428","targetHints":{"allow":["GET"]}}],"collection":[{"href":"https:\/\/nordicmart.andreevmaster.com\/sv\/wp-json\/wp\/v2\/product"}],"about":[{"href":"https:\/\/nordicmart.andreevmaster.com\/sv\/wp-json\/wp\/v2\/types\/product"}],"replies":[{"embeddable":true,"href":"https:\/\/nordicmart.andreevmaster.com\/sv\/wp-json\/wp\/v2\/comments?post=17428"}],"wp:featuredmedia":[{"embeddable":true,"href":"https:\/\/nordicmart.andreevmaster.com\/sv\/wp-json\/wp\/v2\/media\/44784"}],"wp:attachment":[{"href":"https:\/\/nordicmart.andreevmaster.com\/sv\/wp-json\/wp\/v2\/media?parent=17428"}],"wp:term":[{"taxonomy":"product_brand","embeddable":true,"href":"https:\/\/nordicmart.andreevmaster.com\/sv\/wp-json\/wp\/v2\/product_brand?post=17428"},{"taxonomy":"product_cat","embeddable":true,"href":"https:\/\/nordicmart.andreevmaster.com\/sv\/wp-json\/wp\/v2\/product_cat?post=17428"},{"taxonomy":"product_tag","embeddable":true,"href":"https:\/\/nordicmart.andreevmaster.com\/sv\/wp-json\/wp\/v2\/product_tag?post=17428"}],"curies":[{"name":"wp","href":"https:\/\/api.w.org\/{rel}","templated":true}]}}