{"id":17427,"date":"2026-02-27T00:35:00","date_gmt":"2026-02-27T00:35:00","guid":{"rendered":"https:\/\/nordicmart.andreevmaster.com\/product\/gemini-dekorativ-figur-gem\/"},"modified":"2026-02-27T08:24:38","modified_gmt":"2026-02-27T08:24:38","slug":"gemini-dekorativ-figur-gem","status":"publish","type":"product","link":"https:\/\/nordicmart.andreevmaster.com\/sv\/produkt\/gemini-dekorativ-figur-gem\/","title":{"rendered":"Gemini \u2013 Dekorativ figur &#8211; GEM"},"content":{"rendered":"<p>Gemini \u2013 Dekorativ figur \u2013 GEM&nbsp;&nbsp;Vi presenterar en dekorativ figur \u2013 modellen Gemini \u2013 ett stj\u00e4rntecken. Figuren \u00e4r tillverkad av aluminium och st\u00e5r p\u00e5 en tr\u00e4bas. Den dekorativa figuren GEM \u00e4r ett erbjudande f\u00f6r astrologifans som \u00e4r f\u00f6dda i stj\u00e4rntecknet Gemini. Figuren visar den dubbla naturen hos m\u00e4nniskor f\u00f6dda under detta stj\u00e4rntecken: \u00e5 ena sidan en t\u00e4nkare som \u00e4r djupt f\u00f6rsjunken i tankar och kontemplerar v\u00e4rlden, \u00e5 andra sidan \u00e4r han \u00f6ppen, energisk och redo f\u00f6r alla \u00e4ventyr.&nbsp;Figuren med sin form och eleganta f\u00e4rger kommer att pryda en byr\u00e5, en \u00f6ppen spis eller ett skrivbord i en modern, icke-standardiserad stil. Det \u00e4r en modern skulptur f\u00f6r vardagsrummet som s\u00e4kert kommer att gl\u00e4dja stj\u00e4rntecknet Tvillingarna.&nbsp;M\u00e5tt:&nbsp;H\u00f6jd 18 cmBredd 17 cmDjup 10 cm&nbsp;Andra produktegenskaper:&nbsp;Material &ndash; aluminiumF\u00e4rg &ndash; silverf\u00e4rgad, svart bas&nbsp;<\/p>\n","protected":false},"excerpt":{"rendered":"<p>Gemini \u2013 Dekorativ figur \u2013 GEM&nbsp;&nbsp;Vi presenterar en dekorativ figur \u2013 modellen Gemini \u2013 ett stj\u00e4rntecken. Figuren \u00e4r tillverkad av aluminium och st\u00e5r p\u00e5 en tr\u00e4bas. Den dekorativa figuren GEM \u00e4r ett erbjudande f\u00f6r astrologifans som \u00e4r f\u00f6dda i stj\u00e4rntecknet Gemini. Figuren visar den dubbla naturen hos m\u00e4nniskor f\u00f6dda under detta stj\u00e4rntecken: \u00e5 ena sidan [&hellip;]<\/p>\n","protected":false},"featured_media":44783,"comment_status":"open","ping_status":"closed","template":"","meta":[],"product_brand":[],"product_cat":[33],"product_tag":[],"class_list":{"0":"post-17427","1":"product","2":"type-product","3":"status-publish","4":"has-post-thumbnail","6":"product_cat-okategoriserad","8":"first","9":"instock","10":"shipping-taxable","11":"purchasable","12":"product-type-simple"},"_links":{"self":[{"href":"https:\/\/nordicmart.andreevmaster.com\/sv\/wp-json\/wp\/v2\/product\/17427","targetHints":{"allow":["GET"]}}],"collection":[{"href":"https:\/\/nordicmart.andreevmaster.com\/sv\/wp-json\/wp\/v2\/product"}],"about":[{"href":"https:\/\/nordicmart.andreevmaster.com\/sv\/wp-json\/wp\/v2\/types\/product"}],"replies":[{"embeddable":true,"href":"https:\/\/nordicmart.andreevmaster.com\/sv\/wp-json\/wp\/v2\/comments?post=17427"}],"wp:featuredmedia":[{"embeddable":true,"href":"https:\/\/nordicmart.andreevmaster.com\/sv\/wp-json\/wp\/v2\/media\/44783"}],"wp:attachment":[{"href":"https:\/\/nordicmart.andreevmaster.com\/sv\/wp-json\/wp\/v2\/media?parent=17427"}],"wp:term":[{"taxonomy":"product_brand","embeddable":true,"href":"https:\/\/nordicmart.andreevmaster.com\/sv\/wp-json\/wp\/v2\/product_brand?post=17427"},{"taxonomy":"product_cat","embeddable":true,"href":"https:\/\/nordicmart.andreevmaster.com\/sv\/wp-json\/wp\/v2\/product_cat?post=17427"},{"taxonomy":"product_tag","embeddable":true,"href":"https:\/\/nordicmart.andreevmaster.com\/sv\/wp-json\/wp\/v2\/product_tag?post=17427"}],"curies":[{"name":"wp","href":"https:\/\/api.w.org\/{rel}","templated":true}]}}