{"id":17426,"date":"2026-02-27T00:35:00","date_gmt":"2026-02-27T00:35:00","guid":{"rendered":"https:\/\/nordicmart.andreevmaster.com\/product\/linskompass-i-tralada-cleb\/"},"modified":"2026-02-27T08:24:38","modified_gmt":"2026-02-27T08:24:38","slug":"linskompass-i-tralada-cleb","status":"publish","type":"product","link":"https:\/\/nordicmart.andreevmaster.com\/sv\/produkt\/linskompass-i-tralada-cleb\/","title":{"rendered":"Linskompass i tr\u00e4l\u00e5da \u2013 CLEB"},"content":{"rendered":"<p>Linskompass i tr\u00e4l\u00e5da \u2013 CLEB &nbsp;&nbsp;Elegant linskompass som kan anv\u00e4ndas b\u00e5de p\u00e5 resan och hemma som en globetrottande papperspress. Passar utm\u00e4rkt som present till en s\u00e4ljare som ofta \u00e4r p\u00e5 resande fot. &nbsp;Tack vare linsen f\u00f6rstoras kompassskalan och ser ut som om den flyter i vatten. Kompass utan magnetn\u00e5l, skalan fyller sin funktion. &nbsp;Linskompasset fungerar som en originell och elegant dekoration p\u00e5 skrivbordet. Det hj\u00e4lper till att h\u00e5lla ordning p\u00e5 dokumenten som ligger och flyter omkring p\u00e5 bordet som en brevpress. &nbsp;Kompasset \u00e4r f\u00f6rpackat i en tr\u00e4l\u00e5da kl\u00e4dd med tyg. &nbsp;&nbsp;Produktinformation:&nbsp;M\u00e5tt: 5,7 x 5,7 x 2,5 cmMaterial: m\u00e4ssing, glasF\u00e4rger p\u00e5 fodral: m\u00e4ssing&nbsp;Ask:&nbsp;Material: tr\u00e4M\u00e5tt: 8,5 x 8,5 x 4,2 cmVadderad med tyg&nbsp;<\/p>\n","protected":false},"excerpt":{"rendered":"<p>Linskompass i tr\u00e4l\u00e5da \u2013 CLEB &nbsp;&nbsp;Elegant linskompass som kan anv\u00e4ndas b\u00e5de p\u00e5 resan och hemma som en globetrottande papperspress. Passar utm\u00e4rkt som present till en s\u00e4ljare som ofta \u00e4r p\u00e5 resande fot. &nbsp;Tack vare linsen f\u00f6rstoras kompassskalan och ser ut som om den flyter i vatten. Kompass utan magnetn\u00e5l, skalan fyller sin funktion. &nbsp;Linskompasset fungerar [&hellip;]<\/p>\n","protected":false},"featured_media":44782,"comment_status":"open","ping_status":"closed","template":"","meta":[],"product_brand":[],"product_cat":[33],"product_tag":[],"class_list":{"0":"post-17426","1":"product","2":"type-product","3":"status-publish","4":"has-post-thumbnail","6":"product_cat-okategoriserad","8":"first","9":"instock","10":"shipping-taxable","11":"purchasable","12":"product-type-simple"},"_links":{"self":[{"href":"https:\/\/nordicmart.andreevmaster.com\/sv\/wp-json\/wp\/v2\/product\/17426","targetHints":{"allow":["GET"]}}],"collection":[{"href":"https:\/\/nordicmart.andreevmaster.com\/sv\/wp-json\/wp\/v2\/product"}],"about":[{"href":"https:\/\/nordicmart.andreevmaster.com\/sv\/wp-json\/wp\/v2\/types\/product"}],"replies":[{"embeddable":true,"href":"https:\/\/nordicmart.andreevmaster.com\/sv\/wp-json\/wp\/v2\/comments?post=17426"}],"wp:featuredmedia":[{"embeddable":true,"href":"https:\/\/nordicmart.andreevmaster.com\/sv\/wp-json\/wp\/v2\/media\/44782"}],"wp:attachment":[{"href":"https:\/\/nordicmart.andreevmaster.com\/sv\/wp-json\/wp\/v2\/media?parent=17426"}],"wp:term":[{"taxonomy":"product_brand","embeddable":true,"href":"https:\/\/nordicmart.andreevmaster.com\/sv\/wp-json\/wp\/v2\/product_brand?post=17426"},{"taxonomy":"product_cat","embeddable":true,"href":"https:\/\/nordicmart.andreevmaster.com\/sv\/wp-json\/wp\/v2\/product_cat?post=17426"},{"taxonomy":"product_tag","embeddable":true,"href":"https:\/\/nordicmart.andreevmaster.com\/sv\/wp-json\/wp\/v2\/product_tag?post=17426"}],"curies":[{"name":"wp","href":"https:\/\/api.w.org\/{rel}","templated":true}]}}