{"id":17425,"date":"2026-02-27T00:34:59","date_gmt":"2026-02-27T00:34:59","guid":{"rendered":"https:\/\/nordicmart.andreevmaster.com\/product\/smoby-baby-nurse-large-doll-care-corner-2\/"},"modified":"2026-02-27T08:24:38","modified_gmt":"2026-02-27T08:24:38","slug":"smoby-baby-nurse-large-doll-care-corner-2","status":"publish","type":"product","link":"https:\/\/nordicmart.andreevmaster.com\/sv\/produkt\/smoby-baby-nurse-large-doll-care-corner-2\/","title":{"rendered":"SMOBY Baby Nurse Large Doll Care Corner"},"content":{"rendered":"<p>Alla sm\u00e5 barn beh\u00f6ver b\u00e5de v\u00e4rme och k\u00e4rlek f\u00f6r att lindra sin sorg eller sina t\u00e5rar. Barn observerar vuxnas beteende och \u00f6verf\u00f6r dessa beteendem\u00f6nster till sin lek, genom vilken de l\u00e4r sig om livet och hur man visar k\u00e4nslor och empati.<br \/>\nEgenskaper:<br \/>\n* &#8211; best\u00e5r av tre olika omr\u00e5den &#8211; k\u00f6k, badrum och sovrum,<br \/>\n* &#8211; det \u00e4r ett set d\u00e4r du kan ta hand om en docka fullt ut,<br \/>\n* &#8211; setet inneh\u00e5ller 23 tillbeh\u00f6r,<br \/>\n* &#8211; k\u00f6ket har en diskb\u00e4nk med kran, en kastrull, en tallrik och en nappflaska,* &#8211; badrummet har ett avtagbart badkar, dusch, sk\u00f6tbord, beh\u00e5llare och en fotoram (du kan s\u00e4tta in ditt foto i den),<br \/>\n* &#8211; sovrummet har en vagga med en mobil och en lampa med en sk\u00e4rm som lyser i m\u00f6rkret,<br \/>\n* &#8211; huset kan enkelt vikas ihop och transporteras till en annan plats,<br \/>\n* &#8211; Baby Nurse-serien &#8211; andra tillbeh\u00f6r fr\u00e5n denna serie kan k\u00f6pas i v\u00e5r butik,<br \/>\n* &#8211; set f\u00f6r dockor upp till 42 cm l\u00e5nga,<br \/>\n* &#8211; setet inneh\u00e5ller inte en docka,<br \/>\n* &#8211; kit f\u00f6r sj\u00e4lvmontering,<br \/>\n* &#8211; m\u00e5tt p\u00e5 det utf\u00e4llda setet &#8211; 71 x 149 x 71 (cm),* &#8211; m\u00e5tt p\u00e5 det monterade setet &#8211; 71 x 71 x 68 (cm).<\/p>\n","protected":false},"excerpt":{"rendered":"<p>Alla sm\u00e5 barn beh\u00f6ver b\u00e5de v\u00e4rme och k\u00e4rlek f\u00f6r att lindra sin sorg eller sina t\u00e5rar. Barn observerar vuxnas beteende och \u00f6verf\u00f6r dessa beteendem\u00f6nster till sin lek, genom vilken de l\u00e4r sig om livet och hur man visar k\u00e4nslor och empati. Egenskaper: * &#8211; best\u00e5r av tre olika omr\u00e5den &#8211; k\u00f6k, badrum och sovrum, * [&hellip;]<\/p>\n","protected":false},"featured_media":0,"comment_status":"open","ping_status":"closed","template":"","meta":[],"product_brand":[],"product_cat":[33],"product_tag":[],"class_list":{"0":"post-17425","1":"product","2":"type-product","3":"status-publish","5":"product_cat-okategoriserad","7":"first","8":"instock","9":"shipping-taxable","10":"purchasable","11":"product-type-simple"},"_links":{"self":[{"href":"https:\/\/nordicmart.andreevmaster.com\/sv\/wp-json\/wp\/v2\/product\/17425","targetHints":{"allow":["GET"]}}],"collection":[{"href":"https:\/\/nordicmart.andreevmaster.com\/sv\/wp-json\/wp\/v2\/product"}],"about":[{"href":"https:\/\/nordicmart.andreevmaster.com\/sv\/wp-json\/wp\/v2\/types\/product"}],"replies":[{"embeddable":true,"href":"https:\/\/nordicmart.andreevmaster.com\/sv\/wp-json\/wp\/v2\/comments?post=17425"}],"wp:attachment":[{"href":"https:\/\/nordicmart.andreevmaster.com\/sv\/wp-json\/wp\/v2\/media?parent=17425"}],"wp:term":[{"taxonomy":"product_brand","embeddable":true,"href":"https:\/\/nordicmart.andreevmaster.com\/sv\/wp-json\/wp\/v2\/product_brand?post=17425"},{"taxonomy":"product_cat","embeddable":true,"href":"https:\/\/nordicmart.andreevmaster.com\/sv\/wp-json\/wp\/v2\/product_cat?post=17425"},{"taxonomy":"product_tag","embeddable":true,"href":"https:\/\/nordicmart.andreevmaster.com\/sv\/wp-json\/wp\/v2\/product_tag?post=17425"}],"curies":[{"name":"wp","href":"https:\/\/api.w.org\/{rel}","templated":true}]}}