{"id":17424,"date":"2026-02-27T00:34:59","date_gmt":"2026-02-27T00:34:59","guid":{"rendered":"https:\/\/nordicmart.andreevmaster.com\/product\/smoby-baby-nurse-vagga-med-baldakin-for-dockor\/"},"modified":"2026-02-27T08:24:37","modified_gmt":"2026-02-27T08:24:37","slug":"smoby-baby-nurse-vagga-med-baldakin-for-dockor","status":"publish","type":"product","link":"https:\/\/nordicmart.andreevmaster.com\/sv\/produkt\/smoby-baby-nurse-vagga-med-baldakin-for-dockor\/","title":{"rendered":"SMOBY Baby Nurse vagga med baldakin f\u00f6r dockor"},"content":{"rendered":"<p>Alla sm\u00e5 barn beh\u00f6ver b\u00e5de v\u00e4rme och k\u00e4rlek f\u00f6r att lindra sin sorg eller sina t\u00e5rar. Barn observerar vuxnas beteende och \u00f6verf\u00f6r dessa beteendem\u00f6nster till sin lek, genom vilken de l\u00e4r sig om livet och hur man visar k\u00e4nslor och empati.<br \/>\nEgenskaper:<br \/>\n* &#8211; vagga med baldakin,<br \/>\n* &#8211; baldakin av tyg med ett delikat m\u00f6nster,<br \/>\n* &#8211; Baby Nurse-serien \u2013 andra tillbeh\u00f6r fr\u00e5n denna serie finns att k\u00f6pa i v\u00e5r butik,<br \/>\n* &#8211; set f\u00f6r dockor upp till 42 cm l\u00e5nga,<br \/>\n* &#8211; docka ing\u00e5r ej.<\/p>\n","protected":false},"excerpt":{"rendered":"<p>Alla sm\u00e5 barn beh\u00f6ver b\u00e5de v\u00e4rme och k\u00e4rlek f\u00f6r att lindra sin sorg eller sina t\u00e5rar. Barn observerar vuxnas beteende och \u00f6verf\u00f6r dessa beteendem\u00f6nster till sin lek, genom vilken de l\u00e4r sig om livet och hur man visar k\u00e4nslor och empati. Egenskaper: * &#8211; vagga med baldakin, * &#8211; baldakin av tyg med ett delikat [&hellip;]<\/p>\n","protected":false},"featured_media":0,"comment_status":"open","ping_status":"closed","template":"","meta":[],"product_brand":[],"product_cat":[33],"product_tag":[],"class_list":{"0":"post-17424","1":"product","2":"type-product","3":"status-publish","5":"product_cat-okategoriserad","7":"first","8":"instock","9":"shipping-taxable","10":"purchasable","11":"product-type-simple"},"_links":{"self":[{"href":"https:\/\/nordicmart.andreevmaster.com\/sv\/wp-json\/wp\/v2\/product\/17424","targetHints":{"allow":["GET"]}}],"collection":[{"href":"https:\/\/nordicmart.andreevmaster.com\/sv\/wp-json\/wp\/v2\/product"}],"about":[{"href":"https:\/\/nordicmart.andreevmaster.com\/sv\/wp-json\/wp\/v2\/types\/product"}],"replies":[{"embeddable":true,"href":"https:\/\/nordicmart.andreevmaster.com\/sv\/wp-json\/wp\/v2\/comments?post=17424"}],"wp:attachment":[{"href":"https:\/\/nordicmart.andreevmaster.com\/sv\/wp-json\/wp\/v2\/media?parent=17424"}],"wp:term":[{"taxonomy":"product_brand","embeddable":true,"href":"https:\/\/nordicmart.andreevmaster.com\/sv\/wp-json\/wp\/v2\/product_brand?post=17424"},{"taxonomy":"product_cat","embeddable":true,"href":"https:\/\/nordicmart.andreevmaster.com\/sv\/wp-json\/wp\/v2\/product_cat?post=17424"},{"taxonomy":"product_tag","embeddable":true,"href":"https:\/\/nordicmart.andreevmaster.com\/sv\/wp-json\/wp\/v2\/product_tag?post=17424"}],"curies":[{"name":"wp","href":"https:\/\/api.w.org\/{rel}","templated":true}]}}