{"id":17423,"date":"2026-02-27T00:34:59","date_gmt":"2026-02-27T00:34:59","guid":{"rendered":"https:\/\/nordicmart.andreevmaster.com\/product\/dekorativ-metallglob-gwb61\/"},"modified":"2026-02-27T08:24:37","modified_gmt":"2026-02-27T08:24:37","slug":"dekorativ-metallglob-gwb61","status":"publish","type":"product","link":"https:\/\/nordicmart.andreevmaster.com\/sv\/produkt\/dekorativ-metallglob-gwb61\/","title":{"rendered":"Dekorativ metallglob &#8211; GWB61"},"content":{"rendered":"<p>Dekorativ metallglob &#8211; GWB61&nbsp;&nbsp;&nbsp;Dekorativ metallglob \u00e4r en handgraverad glob som passar utm\u00e4rkt som en liten dekoration p\u00e5 skrivbordet. Globens lilla storlek tar inte upp plats p\u00e5 bordet, men ger rummet en v\u00e4rldslig touch. Den minimalistiska metallgloben passar in i art d\u00e9co- och glamourinredningar med sina vackra f\u00e4rger. Den lilla globen \u00e4r en elegant present till en resen\u00e4r, en present till en geografil\u00e4rare och en modern dekoration f\u00f6r kontoret.&nbsp;Globen \u00e4r graverad med ett rutn\u00e4t av meridianer och paralleller, kontinenternas konturer och namn p\u00e5 engelska. Specifikationer f\u00f6r dekorativ metallglob: M\u00e5tt: 8,5 x 6,5 x 13 cm Material: metall, tr\u00e4 Handgraverade kontinenternas konturer, geografiskt rutn\u00e4t och namn Den dekorativa metallgloben passar bra som: Present till en resen\u00e4r Present till en geografil\u00e4rare Present till en geograf Modern dekoration f\u00f6r kontoret Liten dekoration f\u00f6r skrivbordet p\u00e5 jobbet<\/p>\n","protected":false},"excerpt":{"rendered":"<p>Dekorativ metallglob &#8211; GWB61&nbsp;&nbsp;&nbsp;Dekorativ metallglob \u00e4r en handgraverad glob som passar utm\u00e4rkt som en liten dekoration p\u00e5 skrivbordet. Globens lilla storlek tar inte upp plats p\u00e5 bordet, men ger rummet en v\u00e4rldslig touch. Den minimalistiska metallgloben passar in i art d\u00e9co- och glamourinredningar med sina vackra f\u00e4rger. Den lilla globen \u00e4r en elegant present till [&hellip;]<\/p>\n","protected":false},"featured_media":44781,"comment_status":"open","ping_status":"closed","template":"","meta":[],"product_brand":[],"product_cat":[33],"product_tag":[],"class_list":{"0":"post-17423","1":"product","2":"type-product","3":"status-publish","4":"has-post-thumbnail","6":"product_cat-okategoriserad","8":"first","9":"instock","10":"shipping-taxable","11":"purchasable","12":"product-type-simple"},"_links":{"self":[{"href":"https:\/\/nordicmart.andreevmaster.com\/sv\/wp-json\/wp\/v2\/product\/17423","targetHints":{"allow":["GET"]}}],"collection":[{"href":"https:\/\/nordicmart.andreevmaster.com\/sv\/wp-json\/wp\/v2\/product"}],"about":[{"href":"https:\/\/nordicmart.andreevmaster.com\/sv\/wp-json\/wp\/v2\/types\/product"}],"replies":[{"embeddable":true,"href":"https:\/\/nordicmart.andreevmaster.com\/sv\/wp-json\/wp\/v2\/comments?post=17423"}],"wp:featuredmedia":[{"embeddable":true,"href":"https:\/\/nordicmart.andreevmaster.com\/sv\/wp-json\/wp\/v2\/media\/44781"}],"wp:attachment":[{"href":"https:\/\/nordicmart.andreevmaster.com\/sv\/wp-json\/wp\/v2\/media?parent=17423"}],"wp:term":[{"taxonomy":"product_brand","embeddable":true,"href":"https:\/\/nordicmart.andreevmaster.com\/sv\/wp-json\/wp\/v2\/product_brand?post=17423"},{"taxonomy":"product_cat","embeddable":true,"href":"https:\/\/nordicmart.andreevmaster.com\/sv\/wp-json\/wp\/v2\/product_cat?post=17423"},{"taxonomy":"product_tag","embeddable":true,"href":"https:\/\/nordicmart.andreevmaster.com\/sv\/wp-json\/wp\/v2\/product_tag?post=17423"}],"curies":[{"name":"wp","href":"https:\/\/api.w.org\/{rel}","templated":true}]}}