{"id":17422,"date":"2026-02-27T00:34:59","date_gmt":"2026-02-27T00:34:59","guid":{"rendered":"https:\/\/nordicmart.andreevmaster.com\/product\/injusa-4-i-1-cars-sandlada-pool-shell\/"},"modified":"2026-02-27T08:24:37","modified_gmt":"2026-02-27T08:24:37","slug":"injusa-4-i-1-cars-sandlada-pool-shell","status":"publish","type":"product","link":"https:\/\/nordicmart.andreevmaster.com\/sv\/produkt\/injusa-4-i-1-cars-sandlada-pool-shell\/","title":{"rendered":"INJUSA 4-i-1 Cars Sandl\u00e5da Pool Shell"},"content":{"rendered":"<p>Den l\u00e5sbara sandl\u00e5dan med licens fr\u00e5n Cars fr\u00e5n det v\u00e4lk\u00e4nda f\u00f6retaget INJUSA \u00e4r en produkt som kan anv\u00e4ndas p\u00e5 m\u00e5nga s\u00e4tt tack vare sin h\u00e5llbarhet. P\u00e5 varma dagar kan den anv\u00e4ndas som pool eller sandl\u00e5da, och p\u00e5 svalare dagar kan den flyttas inomhus och anv\u00e4ndas som leksaksl\u00e5da eller torr bollhav. H\u00e5llbara klisterm\u00e4rken och h\u00f6gkvalitativ plast s\u00e4kerst\u00e4ller att produkten kommer att tj\u00e4na dig i m\u00e5nga \u00e5r fram\u00f6ver.<br \/>\nEgenskaper:<br \/>\n* &#8211; 4-i-1 multifunktionell produkt: pool, sandl\u00e5da, torr bollhav eller leksaksl\u00e5da,<br \/>\n* &#8211; formad som ett r\u00f6tt skal med Cars-tema,<br \/>\n* &#8211; har ett lock som enkelt och snabbt kan tas bort och s\u00e4ttas tillbaka,<br \/>\n* &#8211; t\u00e4ckt med en ANTI-UV-bel\u00e4ggning \u2013 v\u00e4derbest\u00e4ndig produkt,<br \/>\n* &#8211; avsedd f\u00f6r barn fr\u00e5n 12 m\u00e5naders \u00e5lder.* &#8211; klisterm\u00e4rken inb\u00e4ddade i plast med IML-teknik garanterar h\u00e5llbarhet och kvalitet<\/p>\n<p>INJUSA &#8211; Produkter fr\u00e5n ett renomm\u00e9 spanskt f\u00f6retag som varit verksamt p\u00e5 marknaden sedan 1947, k\u00e4nnetecknat av h\u00f6g kvalitet och extraordin\u00e4r uppm\u00e4rksamhet p\u00e5 detaljer. Alla produkter, s\u00e5som elfordon, cyklar, balanscyklar, trehjulingar och lekstugor, har utformats med tanke p\u00e5 s\u00e4ker och o\u00e4ndlig lekgl\u00e4dje, vilket har en positiv inverkan p\u00e5 barns motoriska utveckling och fantasi. Varje produkt testas och utformas av ett team av specialister som arbetar med tillverkning av leksaker f\u00f6r barn. Injusa-leksaker \u00e4r den b\u00e4sta g\u00e5van du kan ge, och inte bara till dina barn. Injusa kommer att g\u00f6ra ditt barns v\u00e4rld \u00e4nnu mer glad och f\u00e4rgstark med roliga lekar.<\/p>\n","protected":false},"excerpt":{"rendered":"<p>Den l\u00e5sbara sandl\u00e5dan med licens fr\u00e5n Cars fr\u00e5n det v\u00e4lk\u00e4nda f\u00f6retaget INJUSA \u00e4r en produkt som kan anv\u00e4ndas p\u00e5 m\u00e5nga s\u00e4tt tack vare sin h\u00e5llbarhet. P\u00e5 varma dagar kan den anv\u00e4ndas som pool eller sandl\u00e5da, och p\u00e5 svalare dagar kan den flyttas inomhus och anv\u00e4ndas som leksaksl\u00e5da eller torr bollhav. H\u00e5llbara klisterm\u00e4rken och h\u00f6gkvalitativ plast [&hellip;]<\/p>\n","protected":false},"featured_media":0,"comment_status":"open","ping_status":"closed","template":"","meta":[],"product_brand":[],"product_cat":[33],"product_tag":[],"class_list":{"0":"post-17422","1":"product","2":"type-product","3":"status-publish","5":"product_cat-okategoriserad","7":"first","8":"instock","9":"shipping-taxable","10":"purchasable","11":"product-type-simple"},"_links":{"self":[{"href":"https:\/\/nordicmart.andreevmaster.com\/sv\/wp-json\/wp\/v2\/product\/17422","targetHints":{"allow":["GET"]}}],"collection":[{"href":"https:\/\/nordicmart.andreevmaster.com\/sv\/wp-json\/wp\/v2\/product"}],"about":[{"href":"https:\/\/nordicmart.andreevmaster.com\/sv\/wp-json\/wp\/v2\/types\/product"}],"replies":[{"embeddable":true,"href":"https:\/\/nordicmart.andreevmaster.com\/sv\/wp-json\/wp\/v2\/comments?post=17422"}],"wp:attachment":[{"href":"https:\/\/nordicmart.andreevmaster.com\/sv\/wp-json\/wp\/v2\/media?parent=17422"}],"wp:term":[{"taxonomy":"product_brand","embeddable":true,"href":"https:\/\/nordicmart.andreevmaster.com\/sv\/wp-json\/wp\/v2\/product_brand?post=17422"},{"taxonomy":"product_cat","embeddable":true,"href":"https:\/\/nordicmart.andreevmaster.com\/sv\/wp-json\/wp\/v2\/product_cat?post=17422"},{"taxonomy":"product_tag","embeddable":true,"href":"https:\/\/nordicmart.andreevmaster.com\/sv\/wp-json\/wp\/v2\/product_tag?post=17422"}],"curies":[{"name":"wp","href":"https:\/\/api.w.org\/{rel}","templated":true}]}}