{"id":17421,"date":"2026-02-27T00:34:58","date_gmt":"2026-02-27T00:34:58","guid":{"rendered":"https:\/\/nordicmart.andreevmaster.com\/product\/injusa-honda-racing-ride-on-motorcycle-2\/"},"modified":"2026-02-27T08:24:37","modified_gmt":"2026-02-27T08:24:37","slug":"injusa-honda-racing-ride-on-motorcycle-2","status":"publish","type":"product","link":"https:\/\/nordicmart.andreevmaster.com\/sv\/produkt\/injusa-honda-racing-ride-on-motorcycle-2\/","title":{"rendered":"INJUSA Honda Racing Ride-On Motorcycle"},"content":{"rendered":"<p>En s\u00e4ker och robust \u00e5kbar motorcykel fr\u00e5n det v\u00e4lk\u00e4nda spanska f\u00f6retaget INJUSA. Den perfekta replikan av en riktig racermotorcykel v\u00e4cker uppm\u00e4rksamhet med sina minsta detaljer. Precis finish p\u00e5 varje element, inb\u00e4ddade klisterm\u00e4rken, breda hjul \u2013 allt detta f\u00f6r att garantera maximal komfort och s\u00e4kerhet! En perfekt present f\u00f6r alla tillf\u00e4llen f\u00f6r alla barn fr\u00e5n 18 m\u00e5naders \u00e5lder. Denna sportiga motorcykel kommer garanterat att gl\u00e4dja alla unga motorentusiaster.<br \/>\nEgenskaper:<br \/>\n* &#8211; Replika av en riktig racermotorcykel,<br \/>\n* &#8211; Designad f\u00f6r barn fr\u00e5n 18 m\u00e5nader<br \/>\n* &#8211; Bl\u00e5 f\u00e4rg och intressant design<br \/>\n* &#8211; Breda hjul f\u00f6r b\u00e4ttre stabilitet<br \/>\n* &#8211; Har ett handtag f\u00f6r enkel transport<br \/>\n* &#8211; Maximal lastkapacitet 30 kg<br \/>\n* &#8211; Ergonomisk form hj\u00e4lper barn att utveckla motoriska och rumsliga f\u00e4rdigheter<br \/>\n* &#8211; Leksaken har IML-klisterm\u00e4rken<br \/>\n* &#8211; S\u00e4tet \u00e4r 33 cm h\u00f6gt och ratten \u00e4r 49 cm h\u00f6g<\/p>\n","protected":false},"excerpt":{"rendered":"<p>En s\u00e4ker och robust \u00e5kbar motorcykel fr\u00e5n det v\u00e4lk\u00e4nda spanska f\u00f6retaget INJUSA. Den perfekta replikan av en riktig racermotorcykel v\u00e4cker uppm\u00e4rksamhet med sina minsta detaljer. Precis finish p\u00e5 varje element, inb\u00e4ddade klisterm\u00e4rken, breda hjul \u2013 allt detta f\u00f6r att garantera maximal komfort och s\u00e4kerhet! En perfekt present f\u00f6r alla tillf\u00e4llen f\u00f6r alla barn fr\u00e5n 18 [&hellip;]<\/p>\n","protected":false},"featured_media":0,"comment_status":"open","ping_status":"closed","template":"","meta":[],"product_brand":[],"product_cat":[33],"product_tag":[],"class_list":{"0":"post-17421","1":"product","2":"type-product","3":"status-publish","5":"product_cat-okategoriserad","7":"first","8":"instock","9":"shipping-taxable","10":"purchasable","11":"product-type-simple"},"_links":{"self":[{"href":"https:\/\/nordicmart.andreevmaster.com\/sv\/wp-json\/wp\/v2\/product\/17421","targetHints":{"allow":["GET"]}}],"collection":[{"href":"https:\/\/nordicmart.andreevmaster.com\/sv\/wp-json\/wp\/v2\/product"}],"about":[{"href":"https:\/\/nordicmart.andreevmaster.com\/sv\/wp-json\/wp\/v2\/types\/product"}],"replies":[{"embeddable":true,"href":"https:\/\/nordicmart.andreevmaster.com\/sv\/wp-json\/wp\/v2\/comments?post=17421"}],"wp:attachment":[{"href":"https:\/\/nordicmart.andreevmaster.com\/sv\/wp-json\/wp\/v2\/media?parent=17421"}],"wp:term":[{"taxonomy":"product_brand","embeddable":true,"href":"https:\/\/nordicmart.andreevmaster.com\/sv\/wp-json\/wp\/v2\/product_brand?post=17421"},{"taxonomy":"product_cat","embeddable":true,"href":"https:\/\/nordicmart.andreevmaster.com\/sv\/wp-json\/wp\/v2\/product_cat?post=17421"},{"taxonomy":"product_tag","embeddable":true,"href":"https:\/\/nordicmart.andreevmaster.com\/sv\/wp-json\/wp\/v2\/product_tag?post=17421"}],"curies":[{"name":"wp","href":"https:\/\/api.w.org\/{rel}","templated":true}]}}