{"id":17420,"date":"2026-02-27T00:34:58","date_gmt":"2026-02-27T00:34:58","guid":{"rendered":"https:\/\/nordicmart.andreevmaster.com\/product\/injusa-spider-motor-ride-on-toy-fran-3-ar\/"},"modified":"2026-02-27T08:24:37","modified_gmt":"2026-02-27T08:24:37","slug":"injusa-spider-motor-ride-on-toy-fran-3-ar","status":"publish","type":"product","link":"https:\/\/nordicmart.andreevmaster.com\/sv\/produkt\/injusa-spider-motor-ride-on-toy-fran-3-ar\/","title":{"rendered":"INJUSA Spider Motor Ride-on Toy fr\u00e5n 3 \u00e5r"},"content":{"rendered":"<p>S\u00e4ker och snygg INJUSA \u00e5kleksak med Spider-Man-licens Denna \u00e5kleksak fr\u00e5n det v\u00e4lk\u00e4nda spanska f\u00f6retaget INJUSA \u00e4r det perfekta valet f\u00f6r sm\u00e5 barn som \u00e4lskar aktiv lek. Tack vare de breda hjulen kan ditt barn enkelt h\u00e5lla balansen, medan det ergonomiska, konturerade s\u00e4tet och det bekv\u00e4ma ratten med sv\u00e4ngbart framhjul garanterar en bekv\u00e4m och s\u00e4ker \u00e5ktur. Den \u00e4r tillverkad av slitstark plast och \u00e4r perfekt f\u00f6r anv\u00e4ndning hemma, i lekrum och p\u00e5 dagis. <\/p>\n<p>Egenskaper: <\/p>\n<p>* &#8211; Spider-Man-licens \u2013 attraktiv design inspirerad av en favorit-superhj\u00e4lte<br \/>\n* &#8211; Stabil konstruktion \u2013 breda hjul g\u00f6r det enkelt att h\u00e5lla balansen<br \/>\n* &#8211; Komfort och s\u00e4kerhet \u2013 ergonomiskt s\u00e4te och enkel hantering<br \/>\n* &#8211; Utveckling av motoriska f\u00e4rdigheter \u2013 hj\u00e4lper till att l\u00e4ra ut koordination och balans<br \/>\n* &#8211; H\u00e5llbarhet \u2013 maximal belastning upp till 30 kg<br \/>\n* &#8211; F\u00f6r barn fr\u00e5n 3 \u00e5r<br \/>\n* &#8211; Perfekt som present.<br \/>\n* &#8211; Sitsh\u00f6jd: 41 (cm)<br \/>\n* &#8211; Hjulstorlek: 12 (tum)<\/p>\n","protected":false},"excerpt":{"rendered":"<p>S\u00e4ker och snygg INJUSA \u00e5kleksak med Spider-Man-licens Denna \u00e5kleksak fr\u00e5n det v\u00e4lk\u00e4nda spanska f\u00f6retaget INJUSA \u00e4r det perfekta valet f\u00f6r sm\u00e5 barn som \u00e4lskar aktiv lek. Tack vare de breda hjulen kan ditt barn enkelt h\u00e5lla balansen, medan det ergonomiska, konturerade s\u00e4tet och det bekv\u00e4ma ratten med sv\u00e4ngbart framhjul garanterar en bekv\u00e4m och s\u00e4ker \u00e5ktur. [&hellip;]<\/p>\n","protected":false},"featured_media":0,"comment_status":"open","ping_status":"closed","template":"","meta":[],"product_brand":[],"product_cat":[33],"product_tag":[],"class_list":{"0":"post-17420","1":"product","2":"type-product","3":"status-publish","5":"product_cat-okategoriserad","7":"first","8":"instock","9":"shipping-taxable","10":"purchasable","11":"product-type-simple"},"_links":{"self":[{"href":"https:\/\/nordicmart.andreevmaster.com\/sv\/wp-json\/wp\/v2\/product\/17420","targetHints":{"allow":["GET"]}}],"collection":[{"href":"https:\/\/nordicmart.andreevmaster.com\/sv\/wp-json\/wp\/v2\/product"}],"about":[{"href":"https:\/\/nordicmart.andreevmaster.com\/sv\/wp-json\/wp\/v2\/types\/product"}],"replies":[{"embeddable":true,"href":"https:\/\/nordicmart.andreevmaster.com\/sv\/wp-json\/wp\/v2\/comments?post=17420"}],"wp:attachment":[{"href":"https:\/\/nordicmart.andreevmaster.com\/sv\/wp-json\/wp\/v2\/media?parent=17420"}],"wp:term":[{"taxonomy":"product_brand","embeddable":true,"href":"https:\/\/nordicmart.andreevmaster.com\/sv\/wp-json\/wp\/v2\/product_brand?post=17420"},{"taxonomy":"product_cat","embeddable":true,"href":"https:\/\/nordicmart.andreevmaster.com\/sv\/wp-json\/wp\/v2\/product_cat?post=17420"},{"taxonomy":"product_tag","embeddable":true,"href":"https:\/\/nordicmart.andreevmaster.com\/sv\/wp-json\/wp\/v2\/product_tag?post=17420"}],"curies":[{"name":"wp","href":"https:\/\/api.w.org\/{rel}","templated":true}]}}