{"id":17419,"date":"2026-02-27T00:34:58","date_gmt":"2026-02-27T00:34:58","guid":{"rendered":"https:\/\/nordicmart.andreevmaster.com\/product\/injusa-winner-750-sx-push-bike-fran-3-ar\/"},"modified":"2026-02-27T08:24:36","modified_gmt":"2026-02-27T08:24:36","slug":"injusa-winner-750-sx-push-bike-fran-3-ar","status":"publish","type":"product","link":"https:\/\/nordicmart.andreevmaster.com\/sv\/produkt\/injusa-winner-750-sx-push-bike-fran-3-ar\/","title":{"rendered":"INJUSA Winner 750 sx Push Bike (fr\u00e5n 3 \u00e5r)"},"content":{"rendered":"<p>Balanscykeln Winner fr\u00e5n den spanska leksakstillverkaren INJUSA \u00e4r en utm\u00e4rkt presentid\u00e9 f\u00f6r barn fr\u00e5n 18 m\u00e5nader. Det konturerade s\u00e4tet och ratten med sv\u00e4ngbart framhjul g\u00f6r cyklingen bekv\u00e4m och s\u00e4ker. De breda hjulen ger fordonet stabilitet och det sportiga utseendet drar till sig uppm\u00e4rksamhet.<br \/>\nEgenskaper:<br \/>\n* &#8211; gul Winner 750 xs balanscykel,<br \/>\n* &#8211; avsedd f\u00f6r barn fr\u00e5n 3 \u00e5r,<br \/>\n* &#8211; ergonomiskt, konturerat s\u00e4te garanterar komfort under cykling,<br \/>\n* &#8211; cykeln har ett sv\u00e4ngbart framhjul,* &#8211; klisterm\u00e4rken tillverkade med IML-teknik \u2013 det inneb\u00e4r att de \u00e4r inb\u00e4ddade i plasten och t\u00e5l v\u00e4derf\u00f6rh\u00e5llanden,<br \/>\n* &#8211; tillverkad av h\u00f6gkvalitativa material som \u00e4r s\u00e4kra f\u00f6r barn,<br \/>\n* &#8211; maximal till\u00e5ten belastning upp till 50 kg,<br \/>\n* &#8211; sitth\u00f6jd: 41 cm,<br \/>\n* &#8211; hjulstorlek: 12 tum.<\/p>\n<p>INJUSA \u2013 leksaker fr\u00e5n ett v\u00e4lk\u00e4nt spanskt f\u00f6retag som har varit verksamt p\u00e5 marknaden sedan 1947. De k\u00e4nnetecknas av h\u00f6g kvalitet och extraordin\u00e4r uppm\u00e4rksamhet p\u00e5 detaljer. K\u00e4nda f\u00f6r leksaker som elfordon, cyklar, balanscyklar, trehjulingar och lekstugor.<\/p>\n","protected":false},"excerpt":{"rendered":"<p>Balanscykeln Winner fr\u00e5n den spanska leksakstillverkaren INJUSA \u00e4r en utm\u00e4rkt presentid\u00e9 f\u00f6r barn fr\u00e5n 18 m\u00e5nader. Det konturerade s\u00e4tet och ratten med sv\u00e4ngbart framhjul g\u00f6r cyklingen bekv\u00e4m och s\u00e4ker. De breda hjulen ger fordonet stabilitet och det sportiga utseendet drar till sig uppm\u00e4rksamhet. Egenskaper: * &#8211; gul Winner 750 xs balanscykel, * &#8211; avsedd f\u00f6r [&hellip;]<\/p>\n","protected":false},"featured_media":0,"comment_status":"open","ping_status":"closed","template":"","meta":[],"product_brand":[],"product_cat":[33],"product_tag":[],"class_list":{"0":"post-17419","1":"product","2":"type-product","3":"status-publish","5":"product_cat-okategoriserad","7":"first","8":"instock","9":"shipping-taxable","10":"purchasable","11":"product-type-simple"},"_links":{"self":[{"href":"https:\/\/nordicmart.andreevmaster.com\/sv\/wp-json\/wp\/v2\/product\/17419","targetHints":{"allow":["GET"]}}],"collection":[{"href":"https:\/\/nordicmart.andreevmaster.com\/sv\/wp-json\/wp\/v2\/product"}],"about":[{"href":"https:\/\/nordicmart.andreevmaster.com\/sv\/wp-json\/wp\/v2\/types\/product"}],"replies":[{"embeddable":true,"href":"https:\/\/nordicmart.andreevmaster.com\/sv\/wp-json\/wp\/v2\/comments?post=17419"}],"wp:attachment":[{"href":"https:\/\/nordicmart.andreevmaster.com\/sv\/wp-json\/wp\/v2\/media?parent=17419"}],"wp:term":[{"taxonomy":"product_brand","embeddable":true,"href":"https:\/\/nordicmart.andreevmaster.com\/sv\/wp-json\/wp\/v2\/product_brand?post=17419"},{"taxonomy":"product_cat","embeddable":true,"href":"https:\/\/nordicmart.andreevmaster.com\/sv\/wp-json\/wp\/v2\/product_cat?post=17419"},{"taxonomy":"product_tag","embeddable":true,"href":"https:\/\/nordicmart.andreevmaster.com\/sv\/wp-json\/wp\/v2\/product_tag?post=17419"}],"curies":[{"name":"wp","href":"https:\/\/api.w.org\/{rel}","templated":true}]}}