{"id":17418,"date":"2026-02-27T00:34:58","date_gmt":"2026-02-27T00:34:58","guid":{"rendered":"https:\/\/nordicmart.andreevmaster.com\/product\/katana-papperskniv-sw-199\/"},"modified":"2026-02-27T08:24:36","modified_gmt":"2026-02-27T08:24:36","slug":"katana-papperskniv-sw-199","status":"publish","type":"product","link":"https:\/\/nordicmart.andreevmaster.com\/sv\/produkt\/katana-papperskniv-sw-199\/","title":{"rendered":"Katana &#8211; papperskniv &#8211; SW-199"},"content":{"rendered":"<p>Katana &#8211; papperskniv &#8211; SW-199&nbsp;&nbsp;Den katanaformade papperskniven \u00e4r ett utm\u00e4rkt val f\u00f6r en originell kontorspryl. Den passar utm\u00e4rkt som en liten present till alla som \u00e4lskar japansk historia och kultur.&nbsp;Den fungerar perfekt som papperskniv. Den medf\u00f6ljande skidan g\u00f6r den l\u00e4tt att f\u00f6rvara.&nbsp;&nbsp;Produktinformation:&nbsp;Papperskniv i form av en katanaH\u00f6jd: 18 cmVikt: 0,05 kgDekorativ skida f\u00f6r katana ing\u00e5rDetta \u00e4r inte ett vapen \u2013 katana har ett trubbigt blad&nbsp;<\/p>\n","protected":false},"excerpt":{"rendered":"<p>Katana &#8211; papperskniv &#8211; SW-199&nbsp;&nbsp;Den katanaformade papperskniven \u00e4r ett utm\u00e4rkt val f\u00f6r en originell kontorspryl. Den passar utm\u00e4rkt som en liten present till alla som \u00e4lskar japansk historia och kultur.&nbsp;Den fungerar perfekt som papperskniv. Den medf\u00f6ljande skidan g\u00f6r den l\u00e4tt att f\u00f6rvara.&nbsp;&nbsp;Produktinformation:&nbsp;Papperskniv i form av en katanaH\u00f6jd: 18 cmVikt: 0,05 kgDekorativ skida f\u00f6r katana ing\u00e5rDetta [&hellip;]<\/p>\n","protected":false},"featured_media":44780,"comment_status":"open","ping_status":"closed","template":"","meta":[],"product_brand":[],"product_cat":[33],"product_tag":[],"class_list":{"0":"post-17418","1":"product","2":"type-product","3":"status-publish","4":"has-post-thumbnail","6":"product_cat-okategoriserad","8":"first","9":"instock","10":"shipping-taxable","11":"purchasable","12":"product-type-simple"},"_links":{"self":[{"href":"https:\/\/nordicmart.andreevmaster.com\/sv\/wp-json\/wp\/v2\/product\/17418","targetHints":{"allow":["GET"]}}],"collection":[{"href":"https:\/\/nordicmart.andreevmaster.com\/sv\/wp-json\/wp\/v2\/product"}],"about":[{"href":"https:\/\/nordicmart.andreevmaster.com\/sv\/wp-json\/wp\/v2\/types\/product"}],"replies":[{"embeddable":true,"href":"https:\/\/nordicmart.andreevmaster.com\/sv\/wp-json\/wp\/v2\/comments?post=17418"}],"wp:featuredmedia":[{"embeddable":true,"href":"https:\/\/nordicmart.andreevmaster.com\/sv\/wp-json\/wp\/v2\/media\/44780"}],"wp:attachment":[{"href":"https:\/\/nordicmart.andreevmaster.com\/sv\/wp-json\/wp\/v2\/media?parent=17418"}],"wp:term":[{"taxonomy":"product_brand","embeddable":true,"href":"https:\/\/nordicmart.andreevmaster.com\/sv\/wp-json\/wp\/v2\/product_brand?post=17418"},{"taxonomy":"product_cat","embeddable":true,"href":"https:\/\/nordicmart.andreevmaster.com\/sv\/wp-json\/wp\/v2\/product_cat?post=17418"},{"taxonomy":"product_tag","embeddable":true,"href":"https:\/\/nordicmart.andreevmaster.com\/sv\/wp-json\/wp\/v2\/product_tag?post=17418"}],"curies":[{"name":"wp","href":"https:\/\/api.w.org\/{rel}","templated":true}]}}