{"id":17417,"date":"2026-02-27T00:34:57","date_gmt":"2026-02-27T00:34:57","guid":{"rendered":"https:\/\/nordicmart.andreevmaster.com\/product\/svardreplika-excalibur-sw-195\/"},"modified":"2026-02-27T08:24:36","modified_gmt":"2026-02-27T08:24:36","slug":"svardreplika-excalibur-sw-195","status":"publish","type":"product","link":"https:\/\/nordicmart.andreevmaster.com\/sv\/produkt\/svardreplika-excalibur-sw-195\/","title":{"rendered":"Sv\u00e4rdreplika \u2013 Excalibur \u2013 SW-195"},"content":{"rendered":"<p>Sv\u00e4rdreplika \u2013 Excalibur \u2013 SW-195&nbsp;Replika av kung Arthurs ber\u00f6mda sv\u00e4rd, tillverkat av st\u00e5l. En idealisk dekoration f\u00f6r \u00e4lskare av mytologi och historia. St\u00e5lbladet och det detaljerade handtaget och skidan g\u00f6r att sv\u00e4rdet ser realistiskt ut. Dekorativt element f\u00f6r \u00e4lskare av fantasy, medeltiden och Arthur-mytologin.&nbsp;Produktinformation:&nbsp;Sv\u00e4rd med st\u00e5lblad.Skidans m\u00e5tt: l\u00e4ngd 84 cm x bredd 16 cm x djup 2 cm&nbsp;Detta \u00e4r inte en leksak!Endast f\u00f6r personer \u00f6ver 18 \u00e5r!&nbsp;<\/p>\n","protected":false},"excerpt":{"rendered":"<p>Sv\u00e4rdreplika \u2013 Excalibur \u2013 SW-195&nbsp;Replika av kung Arthurs ber\u00f6mda sv\u00e4rd, tillverkat av st\u00e5l. En idealisk dekoration f\u00f6r \u00e4lskare av mytologi och historia. St\u00e5lbladet och det detaljerade handtaget och skidan g\u00f6r att sv\u00e4rdet ser realistiskt ut. Dekorativt element f\u00f6r \u00e4lskare av fantasy, medeltiden och Arthur-mytologin.&nbsp;Produktinformation:&nbsp;Sv\u00e4rd med st\u00e5lblad.Skidans m\u00e5tt: l\u00e4ngd 84 cm x bredd 16 cm x [&hellip;]<\/p>\n","protected":false},"featured_media":44779,"comment_status":"open","ping_status":"closed","template":"","meta":[],"product_brand":[],"product_cat":[33],"product_tag":[],"class_list":{"0":"post-17417","1":"product","2":"type-product","3":"status-publish","4":"has-post-thumbnail","6":"product_cat-okategoriserad","8":"first","9":"instock","10":"shipping-taxable","11":"purchasable","12":"product-type-simple"},"_links":{"self":[{"href":"https:\/\/nordicmart.andreevmaster.com\/sv\/wp-json\/wp\/v2\/product\/17417","targetHints":{"allow":["GET"]}}],"collection":[{"href":"https:\/\/nordicmart.andreevmaster.com\/sv\/wp-json\/wp\/v2\/product"}],"about":[{"href":"https:\/\/nordicmart.andreevmaster.com\/sv\/wp-json\/wp\/v2\/types\/product"}],"replies":[{"embeddable":true,"href":"https:\/\/nordicmart.andreevmaster.com\/sv\/wp-json\/wp\/v2\/comments?post=17417"}],"wp:featuredmedia":[{"embeddable":true,"href":"https:\/\/nordicmart.andreevmaster.com\/sv\/wp-json\/wp\/v2\/media\/44779"}],"wp:attachment":[{"href":"https:\/\/nordicmart.andreevmaster.com\/sv\/wp-json\/wp\/v2\/media?parent=17417"}],"wp:term":[{"taxonomy":"product_brand","embeddable":true,"href":"https:\/\/nordicmart.andreevmaster.com\/sv\/wp-json\/wp\/v2\/product_brand?post=17417"},{"taxonomy":"product_cat","embeddable":true,"href":"https:\/\/nordicmart.andreevmaster.com\/sv\/wp-json\/wp\/v2\/product_cat?post=17417"},{"taxonomy":"product_tag","embeddable":true,"href":"https:\/\/nordicmart.andreevmaster.com\/sv\/wp-json\/wp\/v2\/product_tag?post=17417"}],"curies":[{"name":"wp","href":"https:\/\/api.w.org\/{rel}","templated":true}]}}