{"id":17414,"date":"2026-02-27T00:34:56","date_gmt":"2026-02-27T00:34:56","guid":{"rendered":"https:\/\/nordicmart.andreevmaster.com\/product\/staldolk-for-riddare-replika-sw-178\/"},"modified":"2026-02-27T08:24:35","modified_gmt":"2026-02-27T08:24:35","slug":"staldolk-for-riddare-replika-sw-178","status":"publish","type":"product","link":"https:\/\/nordicmart.andreevmaster.com\/sv\/produkt\/staldolk-for-riddare-replika-sw-178\/","title":{"rendered":"St\u00e5ldolk f\u00f6r riddare \u2013 replika SW-178"},"content":{"rendered":"<p>St\u00e5ldolk f\u00f6r riddare \u2013 replika SW-178&nbsp;&nbsp;En st\u00e5ldolk kan vara en utm\u00e4rkt present till en historieintresserad person, eftersom den ger en k\u00e4nsla av anknytning till det f\u00f6rflutna och till olika tidsepokers kulturer och traditioner. Hantverket och detaljrikedomen i en elegant st\u00e5ldolk g\u00f6r den ocks\u00e5 till en visuellt sl\u00e5ende och sofistikerad dekorationsf\u00f6rem\u00e5l. Dessutom kan en elegant st\u00e5lkniv vara en meningsfull och unik present till en historieintresserad person, eftersom den representerar v\u00e4rderingar och ideal fr\u00e5n olika historiska samh\u00e4llen.&nbsp;Produktinformation:&nbsp;Replika av en medeltida riddardolk i en skida \u2013 ett dekorativt f\u00f6rem\u00e5l. Detta \u00e4r inte ett vapen \u2013 dolken har en trubbig egg. L\u00e4ngd \u2013 34 cm. Vikt \u2013 0,23 kg. Tillverkad av rostfritt st\u00e5l. Dekorativ skida ing\u00e5r. Estetisk presentf\u00f6rpackning. Obs! Dolken \u00e4r inte en leksak. Den har en dekorativ karakt\u00e4r. Den ska f\u00f6rvaras utom r\u00e4ckh\u00e5ll f\u00f6r barn. F\u00e5r inte l\u00e4mnas till personer under 18 \u00e5r!<\/p>\n","protected":false},"excerpt":{"rendered":"<p>St\u00e5ldolk f\u00f6r riddare \u2013 replika SW-178&nbsp;&nbsp;En st\u00e5ldolk kan vara en utm\u00e4rkt present till en historieintresserad person, eftersom den ger en k\u00e4nsla av anknytning till det f\u00f6rflutna och till olika tidsepokers kulturer och traditioner. Hantverket och detaljrikedomen i en elegant st\u00e5ldolk g\u00f6r den ocks\u00e5 till en visuellt sl\u00e5ende och sofistikerad dekorationsf\u00f6rem\u00e5l. Dessutom kan en elegant st\u00e5lkniv [&hellip;]<\/p>\n","protected":false},"featured_media":44776,"comment_status":"open","ping_status":"closed","template":"","meta":[],"product_brand":[],"product_cat":[33],"product_tag":[],"class_list":{"0":"post-17414","1":"product","2":"type-product","3":"status-publish","4":"has-post-thumbnail","6":"product_cat-okategoriserad","8":"first","9":"instock","10":"shipping-taxable","11":"purchasable","12":"product-type-simple"},"_links":{"self":[{"href":"https:\/\/nordicmart.andreevmaster.com\/sv\/wp-json\/wp\/v2\/product\/17414","targetHints":{"allow":["GET"]}}],"collection":[{"href":"https:\/\/nordicmart.andreevmaster.com\/sv\/wp-json\/wp\/v2\/product"}],"about":[{"href":"https:\/\/nordicmart.andreevmaster.com\/sv\/wp-json\/wp\/v2\/types\/product"}],"replies":[{"embeddable":true,"href":"https:\/\/nordicmart.andreevmaster.com\/sv\/wp-json\/wp\/v2\/comments?post=17414"}],"wp:featuredmedia":[{"embeddable":true,"href":"https:\/\/nordicmart.andreevmaster.com\/sv\/wp-json\/wp\/v2\/media\/44776"}],"wp:attachment":[{"href":"https:\/\/nordicmart.andreevmaster.com\/sv\/wp-json\/wp\/v2\/media?parent=17414"}],"wp:term":[{"taxonomy":"product_brand","embeddable":true,"href":"https:\/\/nordicmart.andreevmaster.com\/sv\/wp-json\/wp\/v2\/product_brand?post=17414"},{"taxonomy":"product_cat","embeddable":true,"href":"https:\/\/nordicmart.andreevmaster.com\/sv\/wp-json\/wp\/v2\/product_cat?post=17414"},{"taxonomy":"product_tag","embeddable":true,"href":"https:\/\/nordicmart.andreevmaster.com\/sv\/wp-json\/wp\/v2\/product_tag?post=17414"}],"curies":[{"name":"wp","href":"https:\/\/api.w.org\/{rel}","templated":true}]}}