{"id":17413,"date":"2026-02-27T00:34:56","date_gmt":"2026-02-27T00:34:56","guid":{"rendered":"https:\/\/nordicmart.andreevmaster.com\/product\/staldolk-for-riddare-replika-sw-116\/"},"modified":"2026-02-27T08:24:35","modified_gmt":"2026-02-27T08:24:35","slug":"staldolk-for-riddare-replika-sw-116","status":"publish","type":"product","link":"https:\/\/nordicmart.andreevmaster.com\/sv\/produkt\/staldolk-for-riddare-replika-sw-116\/","title":{"rendered":"St\u00e5ldolk f\u00f6r riddare \u2013 replika SW-116"},"content":{"rendered":"<p>St\u00e5ldolk f\u00f6r riddare \u2013 replika SW-116&nbsp;&nbsp;St\u00e5ldolken f\u00f6r riddare \u00e4r en utm\u00e4rkt present till en man, eftersom den \u00e4r visuellt sl\u00e5ende och v\u00e4lgjord och utstr\u00e5lar styrka och \u00e4ra. Den kan fungera som samlarobjekt eller dekoration, eller anv\u00e4ndas f\u00f6r utst\u00e4llning i en medeltida reenactmentgrupp. Vikten och k\u00e4nslan av st\u00e5lhandtaget och bladet kan ocks\u00e5 ge en k\u00e4nsla av tillfredsst\u00e4llelse och en p\u00e5taglig koppling till historien.&nbsp;&nbsp;Produktinformation:&nbsp;Replika av en medeltida riddardolk i en skida \u2013 ett dekorativt f\u00f6rem\u00e5l.Detta \u00e4r inte ett vapen \u2013 dolken har ett trubbigt blad. L\u00e4ngd \u2013 35 cm, vikt \u2013 0,23 kg. Tillverkad av rostfritt st\u00e5l. Dekorativt fodral ing\u00e5r. Estetisk presentf\u00f6rpackning. Obs! Dolken \u00e4r inte en leksak. Den har en dekorativ karakt\u00e4r. Den ska f\u00f6rvaras utom r\u00e4ckh\u00e5ll f\u00f6r barn. F\u00e5r inte \u00f6verl\u00e5tas till personer under 18 \u00e5r!<\/p>\n","protected":false},"excerpt":{"rendered":"<p>St\u00e5ldolk f\u00f6r riddare \u2013 replika SW-116&nbsp;&nbsp;St\u00e5ldolken f\u00f6r riddare \u00e4r en utm\u00e4rkt present till en man, eftersom den \u00e4r visuellt sl\u00e5ende och v\u00e4lgjord och utstr\u00e5lar styrka och \u00e4ra. Den kan fungera som samlarobjekt eller dekoration, eller anv\u00e4ndas f\u00f6r utst\u00e4llning i en medeltida reenactmentgrupp. Vikten och k\u00e4nslan av st\u00e5lhandtaget och bladet kan ocks\u00e5 ge en k\u00e4nsla av [&hellip;]<\/p>\n","protected":false},"featured_media":44775,"comment_status":"open","ping_status":"closed","template":"","meta":[],"product_brand":[],"product_cat":[33],"product_tag":[],"class_list":{"0":"post-17413","1":"product","2":"type-product","3":"status-publish","4":"has-post-thumbnail","6":"product_cat-okategoriserad","8":"first","9":"instock","10":"shipping-taxable","11":"purchasable","12":"product-type-simple"},"_links":{"self":[{"href":"https:\/\/nordicmart.andreevmaster.com\/sv\/wp-json\/wp\/v2\/product\/17413","targetHints":{"allow":["GET"]}}],"collection":[{"href":"https:\/\/nordicmart.andreevmaster.com\/sv\/wp-json\/wp\/v2\/product"}],"about":[{"href":"https:\/\/nordicmart.andreevmaster.com\/sv\/wp-json\/wp\/v2\/types\/product"}],"replies":[{"embeddable":true,"href":"https:\/\/nordicmart.andreevmaster.com\/sv\/wp-json\/wp\/v2\/comments?post=17413"}],"wp:featuredmedia":[{"embeddable":true,"href":"https:\/\/nordicmart.andreevmaster.com\/sv\/wp-json\/wp\/v2\/media\/44775"}],"wp:attachment":[{"href":"https:\/\/nordicmart.andreevmaster.com\/sv\/wp-json\/wp\/v2\/media?parent=17413"}],"wp:term":[{"taxonomy":"product_brand","embeddable":true,"href":"https:\/\/nordicmart.andreevmaster.com\/sv\/wp-json\/wp\/v2\/product_brand?post=17413"},{"taxonomy":"product_cat","embeddable":true,"href":"https:\/\/nordicmart.andreevmaster.com\/sv\/wp-json\/wp\/v2\/product_cat?post=17413"},{"taxonomy":"product_tag","embeddable":true,"href":"https:\/\/nordicmart.andreevmaster.com\/sv\/wp-json\/wp\/v2\/product_tag?post=17413"}],"curies":[{"name":"wp","href":"https:\/\/api.w.org\/{rel}","templated":true}]}}