{"id":17412,"date":"2026-02-27T00:34:56","date_gmt":"2026-02-27T00:34:56","guid":{"rendered":"https:\/\/nordicmart.andreevmaster.com\/product\/stalriddarsvard-replika-sw-114\/"},"modified":"2026-02-27T08:24:35","modified_gmt":"2026-02-27T08:24:35","slug":"stalriddarsvard-replika-sw-114","status":"publish","type":"product","link":"https:\/\/nordicmart.andreevmaster.com\/sv\/produkt\/stalriddarsvard-replika-sw-114\/","title":{"rendered":"St\u00e5lriddarsv\u00e4rd \u2013 replika \u2013 SW-114"},"content":{"rendered":"<p>St\u00e5lriddarsv\u00e4rd \u2013 replika \u2013 SW-114 &nbsp;&nbsp;&nbsp;St\u00e5lriddarsv\u00e4rdet \u00e4r en utm\u00e4rkt produkt f\u00f6r dig som uppskattar originella och unika g\u00e5vor. Det \u00e4r inte bara en intressant dekoration, utan ocks\u00e5 en perfekt g\u00e5va f\u00f6r en historie\u00e4lskare eller en samlare av repliker av vapen och historiska f\u00f6rem\u00e5l.&nbsp;Detta \u00e4r inte ett vapen \u2013 sv\u00e4rdet har en trubbig egg.&nbsp;&nbsp;Produktinformation:&nbsp;L\u00e4ngd: 84 cmVikt: 1,2 kgTillverkat av rostfritt st\u00e5lReplika av ett medeltida riddarsv\u00e4rd i en skida \u2013 en dekorativ f\u00f6rem\u00e5l.Dekorativ skida ing\u00e5r&nbsp;<\/p>\n","protected":false},"excerpt":{"rendered":"<p>St\u00e5lriddarsv\u00e4rd \u2013 replika \u2013 SW-114 &nbsp;&nbsp;&nbsp;St\u00e5lriddarsv\u00e4rdet \u00e4r en utm\u00e4rkt produkt f\u00f6r dig som uppskattar originella och unika g\u00e5vor. Det \u00e4r inte bara en intressant dekoration, utan ocks\u00e5 en perfekt g\u00e5va f\u00f6r en historie\u00e4lskare eller en samlare av repliker av vapen och historiska f\u00f6rem\u00e5l.&nbsp;Detta \u00e4r inte ett vapen \u2013 sv\u00e4rdet har en trubbig egg.&nbsp;&nbsp;Produktinformation:&nbsp;L\u00e4ngd: 84 cmVikt: [&hellip;]<\/p>\n","protected":false},"featured_media":44774,"comment_status":"open","ping_status":"closed","template":"","meta":[],"product_brand":[],"product_cat":[33],"product_tag":[],"class_list":{"0":"post-17412","1":"product","2":"type-product","3":"status-publish","4":"has-post-thumbnail","6":"product_cat-okategoriserad","8":"first","9":"instock","10":"shipping-taxable","11":"purchasable","12":"product-type-simple"},"_links":{"self":[{"href":"https:\/\/nordicmart.andreevmaster.com\/sv\/wp-json\/wp\/v2\/product\/17412","targetHints":{"allow":["GET"]}}],"collection":[{"href":"https:\/\/nordicmart.andreevmaster.com\/sv\/wp-json\/wp\/v2\/product"}],"about":[{"href":"https:\/\/nordicmart.andreevmaster.com\/sv\/wp-json\/wp\/v2\/types\/product"}],"replies":[{"embeddable":true,"href":"https:\/\/nordicmart.andreevmaster.com\/sv\/wp-json\/wp\/v2\/comments?post=17412"}],"wp:featuredmedia":[{"embeddable":true,"href":"https:\/\/nordicmart.andreevmaster.com\/sv\/wp-json\/wp\/v2\/media\/44774"}],"wp:attachment":[{"href":"https:\/\/nordicmart.andreevmaster.com\/sv\/wp-json\/wp\/v2\/media?parent=17412"}],"wp:term":[{"taxonomy":"product_brand","embeddable":true,"href":"https:\/\/nordicmart.andreevmaster.com\/sv\/wp-json\/wp\/v2\/product_brand?post=17412"},{"taxonomy":"product_cat","embeddable":true,"href":"https:\/\/nordicmart.andreevmaster.com\/sv\/wp-json\/wp\/v2\/product_cat?post=17412"},{"taxonomy":"product_tag","embeddable":true,"href":"https:\/\/nordicmart.andreevmaster.com\/sv\/wp-json\/wp\/v2\/product_tag?post=17412"}],"curies":[{"name":"wp","href":"https:\/\/api.w.org\/{rel}","templated":true}]}}