{"id":17411,"date":"2026-02-27T00:34:56","date_gmt":"2026-02-27T00:34:56","guid":{"rendered":"https:\/\/nordicmart.andreevmaster.com\/product\/medeltida-dolk-sw-075\/"},"modified":"2026-02-27T08:24:34","modified_gmt":"2026-02-27T08:24:34","slug":"medeltida-dolk-sw-075","status":"publish","type":"product","link":"https:\/\/nordicmart.andreevmaster.com\/sv\/produkt\/medeltida-dolk-sw-075\/","title":{"rendered":"Medeltida dolk &#8211; SW-075"},"content":{"rendered":"<p>Medeltida dolk &#8211; SW-075&nbsp;&nbsp;&nbsp;Vacker riddardolk &#8211; replika &#8211; dekorativt f\u00f6rem\u00e5l. Det \u00e4r ett elegant, unikt tillbeh\u00f6r som kan vara en intressant present som tar mottagaren tillbaka till tiden f\u00f6r stora intriger i slutet av medeltiden.&nbsp;Dolken \u00e4r ett kort vitt vapen som fr\u00e4mst anv\u00e4ndes under 1500- till 1800-talet. Dolkar har varit en symbol f\u00f6r mord i \u00e5rtionden \u2013 under m\u00e5nga \u00e5r anv\u00e4ndes de f\u00f6r tysta mord, bland annat f\u00f6r att eliminera politiska motst\u00e5ndare, s\u00e5som Julius Caesar.&nbsp;Detta \u00e4r inte ett vapen \u2013 dolken har en trubbig egg.&nbsp;&nbsp;Produktinformation:&nbsp;L\u00e4ngd \u2013 34 cmMaterial: st\u00e5l och plastF\u00f6rpackning: pappersl\u00e5da, f\u00e4rgad, fodrad i gult.&nbsp;<\/p>\n","protected":false},"excerpt":{"rendered":"<p>Medeltida dolk &#8211; SW-075&nbsp;&nbsp;&nbsp;Vacker riddardolk &#8211; replika &#8211; dekorativt f\u00f6rem\u00e5l. Det \u00e4r ett elegant, unikt tillbeh\u00f6r som kan vara en intressant present som tar mottagaren tillbaka till tiden f\u00f6r stora intriger i slutet av medeltiden.&nbsp;Dolken \u00e4r ett kort vitt vapen som fr\u00e4mst anv\u00e4ndes under 1500- till 1800-talet. Dolkar har varit en symbol f\u00f6r mord i [&hellip;]<\/p>\n","protected":false},"featured_media":44773,"comment_status":"open","ping_status":"closed","template":"","meta":[],"product_brand":[],"product_cat":[33],"product_tag":[],"class_list":{"0":"post-17411","1":"product","2":"type-product","3":"status-publish","4":"has-post-thumbnail","6":"product_cat-okategoriserad","8":"first","9":"instock","10":"shipping-taxable","11":"purchasable","12":"product-type-simple"},"_links":{"self":[{"href":"https:\/\/nordicmart.andreevmaster.com\/sv\/wp-json\/wp\/v2\/product\/17411","targetHints":{"allow":["GET"]}}],"collection":[{"href":"https:\/\/nordicmart.andreevmaster.com\/sv\/wp-json\/wp\/v2\/product"}],"about":[{"href":"https:\/\/nordicmart.andreevmaster.com\/sv\/wp-json\/wp\/v2\/types\/product"}],"replies":[{"embeddable":true,"href":"https:\/\/nordicmart.andreevmaster.com\/sv\/wp-json\/wp\/v2\/comments?post=17411"}],"wp:featuredmedia":[{"embeddable":true,"href":"https:\/\/nordicmart.andreevmaster.com\/sv\/wp-json\/wp\/v2\/media\/44773"}],"wp:attachment":[{"href":"https:\/\/nordicmart.andreevmaster.com\/sv\/wp-json\/wp\/v2\/media?parent=17411"}],"wp:term":[{"taxonomy":"product_brand","embeddable":true,"href":"https:\/\/nordicmart.andreevmaster.com\/sv\/wp-json\/wp\/v2\/product_brand?post=17411"},{"taxonomy":"product_cat","embeddable":true,"href":"https:\/\/nordicmart.andreevmaster.com\/sv\/wp-json\/wp\/v2\/product_cat?post=17411"},{"taxonomy":"product_tag","embeddable":true,"href":"https:\/\/nordicmart.andreevmaster.com\/sv\/wp-json\/wp\/v2\/product_tag?post=17411"}],"curies":[{"name":"wp","href":"https:\/\/api.w.org\/{rel}","templated":true}]}}