{"id":17410,"date":"2026-02-27T00:34:55","date_gmt":"2026-02-27T00:34:55","guid":{"rendered":"https:\/\/nordicmart.andreevmaster.com\/product\/injusa-spidey-ride-on-motorcycle-push-toy-2\/"},"modified":"2026-02-27T08:24:34","modified_gmt":"2026-02-27T08:24:34","slug":"injusa-spidey-ride-on-motorcycle-push-toy-2","status":"publish","type":"product","link":"https:\/\/nordicmart.andreevmaster.com\/sv\/produkt\/injusa-spidey-ride-on-motorcycle-push-toy-2\/","title":{"rendered":"INJUSA Spidey Ride-On Motorcycle Push Toy"},"content":{"rendered":"<p>Ett underbart tv\u00e5hjuligt fordon fr\u00e5n INJUSA som alla sm\u00e5 motorcyklister dr\u00f6mmer om. Det har stora, breda hjul som garanterar s\u00e4kerhet, stabilitet och enkel balans. Leksaken \u00e4r tillverkad av h\u00f6gkvalitativa material som \u00e4r resistenta mot v\u00e4derf\u00f6rh\u00e5llanden. Tack vare IML-tekniken \u00e4r dekalerna p\u00e5 motorcykeln inb\u00e4ddade i produkten, vilket f\u00f6rhindrar att de lossnar.<\/p>\n<p>Egenskaper:<\/p>\n<p>* &#8211; bl\u00e5 och r\u00f6d Spider-Man-licensierad \u00e5kmotorcykel f\u00f6r barn fr\u00e5n 18 m\u00e5nader,<br \/>\n* &#8211; breda hjul g\u00f6r det m\u00f6jligt att l\u00e4ra sig \u00e5ka p\u00e5 leksaken p\u00e5 ett s\u00e4kert och tryggt s\u00e4tt,<br \/>\n* &#8211; leksaken \u00e4r utrustad med stora hjul som \u00e4r perfekta f\u00f6r olika underlag. Dessutom \u00e4r framhjulet sv\u00e4ngbart f\u00f6r bekv\u00e4mare styrning och sv\u00e4ngning,<br \/>\n* &#8211; leksaken har ocks\u00e5 ett praktiskt b\u00e4rhandtag bredvid ratten,<br \/>\n* &#8211; Dekalerna \u00e4r inb\u00e4ddade i plasten med hj\u00e4lp av IML-teknik, vilket garanterar h\u00e5llbarhet och kvalitet.* &#8211; fordonet kr\u00e4ver ingen montering,<br \/>\n* &#8211; maximal belastning \u00e4r 30 kg,<br \/>\n* &#8211; s\u00e4tet \u00e4r 32 cm h\u00f6gt,<br \/>\n* &#8211; hjulstorlek: 9 tum.<\/p>\n<p>INJUSA &#8211; Produkter fr\u00e5n ett renomm\u00e9 spanskt f\u00f6retag som varit verksamt p\u00e5 marknaden sedan 1947, k\u00e4nnetecknat av h\u00f6g kvalitet och extraordin\u00e4r uppm\u00e4rksamhet p\u00e5 detaljer. Alla produkter, s\u00e5som elfordon, cyklar, balanscyklar, trehjulingar och lekstugor, har utformats med tanke p\u00e5 s\u00e4kerhet och o\u00e4ndlig lekgl\u00e4dje, vilket har en positiv inverkan p\u00e5 barns motoriska utveckling och fantasi. Varje produkt testas och utformas av ett team av specialister som arbetar med tillverkning av leksaker f\u00f6r barn. Injusa-leksaker \u00e4r den b\u00e4sta presenten du kan ge, och inte bara till dina barn. Injusa kommer att g\u00f6ra ditt barns v\u00e4rld \u00e4nnu mer glad och f\u00e4rgstark med roliga lekar.<\/p>\n","protected":false},"excerpt":{"rendered":"<p>Ett underbart tv\u00e5hjuligt fordon fr\u00e5n INJUSA som alla sm\u00e5 motorcyklister dr\u00f6mmer om. Det har stora, breda hjul som garanterar s\u00e4kerhet, stabilitet och enkel balans. Leksaken \u00e4r tillverkad av h\u00f6gkvalitativa material som \u00e4r resistenta mot v\u00e4derf\u00f6rh\u00e5llanden. Tack vare IML-tekniken \u00e4r dekalerna p\u00e5 motorcykeln inb\u00e4ddade i produkten, vilket f\u00f6rhindrar att de lossnar. Egenskaper: * &#8211; bl\u00e5 och [&hellip;]<\/p>\n","protected":false},"featured_media":0,"comment_status":"open","ping_status":"closed","template":"","meta":[],"product_brand":[],"product_cat":[33],"product_tag":[],"class_list":{"0":"post-17410","1":"product","2":"type-product","3":"status-publish","5":"product_cat-okategoriserad","7":"first","8":"instock","9":"shipping-taxable","10":"purchasable","11":"product-type-simple"},"_links":{"self":[{"href":"https:\/\/nordicmart.andreevmaster.com\/sv\/wp-json\/wp\/v2\/product\/17410","targetHints":{"allow":["GET"]}}],"collection":[{"href":"https:\/\/nordicmart.andreevmaster.com\/sv\/wp-json\/wp\/v2\/product"}],"about":[{"href":"https:\/\/nordicmart.andreevmaster.com\/sv\/wp-json\/wp\/v2\/types\/product"}],"replies":[{"embeddable":true,"href":"https:\/\/nordicmart.andreevmaster.com\/sv\/wp-json\/wp\/v2\/comments?post=17410"}],"wp:attachment":[{"href":"https:\/\/nordicmart.andreevmaster.com\/sv\/wp-json\/wp\/v2\/media?parent=17410"}],"wp:term":[{"taxonomy":"product_brand","embeddable":true,"href":"https:\/\/nordicmart.andreevmaster.com\/sv\/wp-json\/wp\/v2\/product_brand?post=17410"},{"taxonomy":"product_cat","embeddable":true,"href":"https:\/\/nordicmart.andreevmaster.com\/sv\/wp-json\/wp\/v2\/product_cat?post=17410"},{"taxonomy":"product_tag","embeddable":true,"href":"https:\/\/nordicmart.andreevmaster.com\/sv\/wp-json\/wp\/v2\/product_tag?post=17410"}],"curies":[{"name":"wp","href":"https:\/\/api.w.org\/{rel}","templated":true}]}}