{"id":17409,"date":"2026-02-27T00:34:55","date_gmt":"2026-02-27T00:34:55","guid":{"rendered":"https:\/\/nordicmart.andreevmaster.com\/product\/injusa-paw-patrol-ride-on-motor-bike-balance-bike-2\/"},"modified":"2026-02-27T08:24:34","modified_gmt":"2026-02-27T08:24:34","slug":"injusa-paw-patrol-ride-on-motor-bike-balance-bike-2","status":"publish","type":"product","link":"https:\/\/nordicmart.andreevmaster.com\/sv\/produkt\/injusa-paw-patrol-ride-on-motor-bike-balance-bike-2\/","title":{"rendered":"INJUSA Paw Patrol Ride-On Motor Bike Balance Bike"},"content":{"rendered":"<p>En sensationell produkt fr\u00e5n Injusa \u2013 en ergonomisk, robust och imponerande \u00e5kleksak med licens fr\u00e5n Paw Patrol. \u00c5kleksaken \u00e4r utformad f\u00f6r barn som redan har tagit sina f\u00f6rsta steg. Den \u00e4r konstruerad s\u00e5 att de kan prova och utveckla nya f\u00e4rdigheter \u2013 att kliva p\u00e5, kliva av, skjuta ifr\u00e5n och styra. Tillverkad av slitstark plast, perfekt f\u00f6r f\u00f6rskolor.<\/p>\n<p>Egenskaper:<\/p>\n<p>* &#8211; r\u00f6d, bl\u00e5 och gul \u00e5kleksak med motorcykel licensierad av Paw Patrol f\u00f6r barn fr\u00e5n 18 m\u00e5nader,<br \/>\n* &#8211; breda hjul g\u00f6r det m\u00f6jligt att l\u00e4ra sig \u00e5ka s\u00e4kert och tryggt p\u00e5 \u00e5kleksaken,<br \/>\n* &#8211; \u00e5kleksaken \u00e4r utrustad med stora hjul som \u00e4r perfekta f\u00f6r olika underlag. Dessutom \u00e4r framhjulet sv\u00e4ngbart f\u00f6r bekv\u00e4mare styrning och sv\u00e4ngning,<br \/>\n* &#8211; leksaken har ocks\u00e5 ett praktiskt b\u00e4rhandtag bredvid ratten,<br \/>\n* &#8211; maximal belastning \u00e4r 30 kg,<br \/>\n* &#8211; fordonet kr\u00e4ver ingen montering,<br \/>\n* &#8211; s\u00e4tet \u00e4r 32 cm h\u00f6gt,* &#8211; hjulstorlek: 9 (tum) &lt;center&gt;&lt;iframe width=&#8221;434&#8243; height=&#8221;771&#8243; src=&#8221;https:\/\/www.youtube.com\/embed\/0FaApzI6pNQ&#8221; title=&#8221;INJUSA Psi Patrol Ride-On Motor Bike Balance Bike&#8221; frameborder=&#8221;0&#8243; allow=&#8221;accelerometer; autoplay; clipboard-write; encrypted-media; gyroscope; picture-in-picture; web-share&#8221; allowfullscreen&gt;&lt;\/iframe&gt;&lt;\/center&gt;<\/p>\n","protected":false},"excerpt":{"rendered":"<p>En sensationell produkt fr\u00e5n Injusa \u2013 en ergonomisk, robust och imponerande \u00e5kleksak med licens fr\u00e5n Paw Patrol. \u00c5kleksaken \u00e4r utformad f\u00f6r barn som redan har tagit sina f\u00f6rsta steg. Den \u00e4r konstruerad s\u00e5 att de kan prova och utveckla nya f\u00e4rdigheter \u2013 att kliva p\u00e5, kliva av, skjuta ifr\u00e5n och styra. Tillverkad av slitstark plast, [&hellip;]<\/p>\n","protected":false},"featured_media":0,"comment_status":"open","ping_status":"closed","template":"","meta":[],"product_brand":[],"product_cat":[33],"product_tag":[],"class_list":{"0":"post-17409","1":"product","2":"type-product","3":"status-publish","5":"product_cat-okategoriserad","7":"first","8":"instock","9":"shipping-taxable","10":"purchasable","11":"product-type-simple"},"_links":{"self":[{"href":"https:\/\/nordicmart.andreevmaster.com\/sv\/wp-json\/wp\/v2\/product\/17409","targetHints":{"allow":["GET"]}}],"collection":[{"href":"https:\/\/nordicmart.andreevmaster.com\/sv\/wp-json\/wp\/v2\/product"}],"about":[{"href":"https:\/\/nordicmart.andreevmaster.com\/sv\/wp-json\/wp\/v2\/types\/product"}],"replies":[{"embeddable":true,"href":"https:\/\/nordicmart.andreevmaster.com\/sv\/wp-json\/wp\/v2\/comments?post=17409"}],"wp:attachment":[{"href":"https:\/\/nordicmart.andreevmaster.com\/sv\/wp-json\/wp\/v2\/media?parent=17409"}],"wp:term":[{"taxonomy":"product_brand","embeddable":true,"href":"https:\/\/nordicmart.andreevmaster.com\/sv\/wp-json\/wp\/v2\/product_brand?post=17409"},{"taxonomy":"product_cat","embeddable":true,"href":"https:\/\/nordicmart.andreevmaster.com\/sv\/wp-json\/wp\/v2\/product_cat?post=17409"},{"taxonomy":"product_tag","embeddable":true,"href":"https:\/\/nordicmart.andreevmaster.com\/sv\/wp-json\/wp\/v2\/product_tag?post=17409"}],"curies":[{"name":"wp","href":"https:\/\/api.w.org\/{rel}","templated":true}]}}