{"id":17407,"date":"2026-02-27T00:34:55","date_gmt":"2026-02-27T00:34:55","guid":{"rendered":"https:\/\/nordicmart.andreevmaster.com\/product\/injusa-repsol-push-bike-2\/"},"modified":"2026-02-27T08:24:34","modified_gmt":"2026-02-27T08:24:34","slug":"injusa-repsol-push-bike-2","status":"publish","type":"product","link":"https:\/\/nordicmart.andreevmaster.com\/sv\/produkt\/injusa-repsol-push-bike-2\/","title":{"rendered":"INJUSA Repsol Push Bike"},"content":{"rendered":"<p>Denna \u00e5kleksak fr\u00e5n det v\u00e4lk\u00e4nda spanska f\u00f6retaget INJUSA \u00e4r det perfekta valet f\u00f6r de yngsta motorentusiasterna. Tack vare de breda hjulen kan ditt barn enkelt h\u00e5lla balansen, medan det ergonomiska s\u00e4tet och det sv\u00e4ngbara framhjulet garanterar en bekv\u00e4m och s\u00e4ker \u00e5ktur. Den officiella Repsol-licensen och den sportiga designen i svart och orange g\u00f6r fordonet unikt. Den solida konstruktionen och de h\u00e5llbara klisterm\u00e4rkena som tillverkats med IML-teknik garanterar en l\u00e5ng livsl\u00e4ngd. Den \u00e4r perfekt f\u00f6r b\u00e5de inomhus- och utomhusbruk, och tack vare det praktiska handtaget \u00e4r den l\u00e4tt att b\u00e4ra.<\/p>\n<p>Egenskaper:<\/p>\n<p>* &#8211; F\u00f6r barn fr\u00e5n 18 m\u00e5nader.<br \/>\n* &#8211; Svart och orange motorcykel att \u00e5ka p\u00e5<br \/>\n* &#8211; Repsol-licens \u2013 sportig design inspirerad av racing<br \/>\n* &#8211; Breda hjul g\u00f6r det m\u00f6jligt att l\u00e4ra sig \u00e5ka p\u00e5 leksaken p\u00e5 ett s\u00e4kert och tryggt s\u00e4tt.* &#8211; Leksaken \u00e4r utrustad med stora hjul som \u00e4r perfekta f\u00f6r olika underlag. Dessutom \u00e4r framhjulet sv\u00e4ngbart f\u00f6r bekv\u00e4mare styrning och sv\u00e4ngning. * &#8211; Leksaken har ocks\u00e5 ett praktiskt b\u00e4rhandtag bredvid ratten. * &#8211; Dekaler inb\u00e4ddade i plasten med IML-teknik garanterar h\u00e5llbarhet och kvalitet.* &#8211; Fordonet kr\u00e4ver ingen montering.<br \/>\n* &#8211; Maximal belastning \u00e4r 30 kg.<br \/>\n* &#8211; S\u00e4tet \u00e4r 32 cm h\u00f6gt.<br \/>\n* &#8211; Hjulstorlek: 9 tum. <\/p>\n<p>INJUSA &#8211; Produkter fr\u00e5n ett renomm\u00e9 spanskt f\u00f6retag som varit verksamt p\u00e5 marknaden sedan 1947, k\u00e4nnetecknat av h\u00f6g kvalitet och extraordin\u00e4r uppm\u00e4rksamhet p\u00e5 detaljer. Alla produkter, s\u00e5som elfordon, cyklar, balanscyklar, trehjulingar och lekstugor, har utformats med tanke p\u00e5 s\u00e4kerhet och o\u00e4ndlig lekgl\u00e4dje, vilket har en positiv inverkan p\u00e5 barns motoriska utveckling och fantasi. Varje produkt testas och utformas av ett team av specialister som arbetar med tillverkning av leksaker f\u00f6r barn. Injusa-leksaker \u00e4r den b\u00e4sta presenten du kan ge, och inte bara till dina barn. Injusa kommer att g\u00f6ra ditt barns v\u00e4rld \u00e4nnu mer glad och f\u00e4rgstark med roliga lekar. Varning: Personlig skyddsutrustning m\u00e5ste anv\u00e4ndas. Anv\u00e4nd inte i trafiken.<\/p>\n","protected":false},"excerpt":{"rendered":"<p>Denna \u00e5kleksak fr\u00e5n det v\u00e4lk\u00e4nda spanska f\u00f6retaget INJUSA \u00e4r det perfekta valet f\u00f6r de yngsta motorentusiasterna. Tack vare de breda hjulen kan ditt barn enkelt h\u00e5lla balansen, medan det ergonomiska s\u00e4tet och det sv\u00e4ngbara framhjulet garanterar en bekv\u00e4m och s\u00e4ker \u00e5ktur. Den officiella Repsol-licensen och den sportiga designen i svart och orange g\u00f6r fordonet unikt. [&hellip;]<\/p>\n","protected":false},"featured_media":0,"comment_status":"open","ping_status":"closed","template":"","meta":[],"product_brand":[],"product_cat":[33],"product_tag":[],"class_list":{"0":"post-17407","1":"product","2":"type-product","3":"status-publish","5":"product_cat-okategoriserad","7":"first","8":"instock","9":"shipping-taxable","10":"purchasable","11":"product-type-simple"},"_links":{"self":[{"href":"https:\/\/nordicmart.andreevmaster.com\/sv\/wp-json\/wp\/v2\/product\/17407","targetHints":{"allow":["GET"]}}],"collection":[{"href":"https:\/\/nordicmart.andreevmaster.com\/sv\/wp-json\/wp\/v2\/product"}],"about":[{"href":"https:\/\/nordicmart.andreevmaster.com\/sv\/wp-json\/wp\/v2\/types\/product"}],"replies":[{"embeddable":true,"href":"https:\/\/nordicmart.andreevmaster.com\/sv\/wp-json\/wp\/v2\/comments?post=17407"}],"wp:attachment":[{"href":"https:\/\/nordicmart.andreevmaster.com\/sv\/wp-json\/wp\/v2\/media?parent=17407"}],"wp:term":[{"taxonomy":"product_brand","embeddable":true,"href":"https:\/\/nordicmart.andreevmaster.com\/sv\/wp-json\/wp\/v2\/product_brand?post=17407"},{"taxonomy":"product_cat","embeddable":true,"href":"https:\/\/nordicmart.andreevmaster.com\/sv\/wp-json\/wp\/v2\/product_cat?post=17407"},{"taxonomy":"product_tag","embeddable":true,"href":"https:\/\/nordicmart.andreevmaster.com\/sv\/wp-json\/wp\/v2\/product_tag?post=17407"}],"curies":[{"name":"wp","href":"https:\/\/api.w.org\/{rel}","templated":true}]}}