{"id":17405,"date":"2026-02-27T00:34:54","date_gmt":"2026-02-27T00:34:54","guid":{"rendered":"https:\/\/nordicmart.andreevmaster.com\/product\/smoby-flextreme-neon-car-track-med-bilstartset\/"},"modified":"2026-02-27T08:24:33","modified_gmt":"2026-02-27T08:24:33","slug":"smoby-flextreme-neon-car-track-med-bilstartset","status":"publish","type":"product","link":"https:\/\/nordicmart.andreevmaster.com\/sv\/produkt\/smoby-flextreme-neon-car-track-med-bilstartset\/","title":{"rendered":"SMOBY Flextreme Neon Car Track med bilstartset"},"content":{"rendered":"<p>Med denna upps\u00e4ttning kan du skapa flexibla banor f\u00f6r hisnande nedf\u00f6rsbackar, otroliga loopar, sp\u00e4nnande sv\u00e4ngar och mycket mer. Oavsett om det \u00e4r loopar, extrema backar, sp\u00e4nnande spiraler eller sn\u00e4va sv\u00e4ngar, med Smoby Flextreme-racerbanan kommer du aldrig att ha tr\u00e5kigt igen. Den flexibla och modul\u00e4ra racerbanan erbjuder galna rutter och sp\u00e4nnande \u00e5k i ditt barns rum.N\u00e4r allt banbyggnadsarbete \u00e4r klart placeras den st\u00e4ngda racerbilen i pole position. Resan p\u00e5 banan v\u00e4ntas med sp\u00e4nning. Kommer den lilla racerbilen att klara alla utmaningar? Egenskaper: * &#8211; Setet best\u00e5r av 112 f\u00e4rgglada element som kan anv\u00e4ndas f\u00f6r att bygga en racerbana p\u00e5 upp till 2,6 m.<br \/>\n* &#8211; Setet inneh\u00e5ller en racerbil med avtagbar kaross.<br \/>\n* &#8211; Banor med ett kl\u00e4msystem (s\u00e5 att banorna inte faller is\u00e4r, de sitter ihop och hela konstruktionen \u00e4r stabil och flexibel).<br \/>\n* &#8211; Du kan bygga om banan n\u00e4r som helst f\u00f6r att skapa sp\u00e4nnande spiraler och extrema lutningar.<br \/>\n* &#8211; Banelementen lyser upp.* &#8211; Bilen startas med en start-\/stoppknapp. * &#8211; Tack vare en speciell drivning kan bilen inte v\u00e4lta och klarar l\u00e4tt att k\u00f6ra upp och ner i loopar. * &#8211; Upplysta fram- och bakljus garanterar sp\u00e4nnande nattk\u00f6rning i ett m\u00f6rkt rum.* &#8211; Bilen \u00e4r 10 cm l\u00e5ng. * &#8211; En LED-remsa medf\u00f6ljer, p\u00e5 vilken banan \u00e4r byggd, s\u00e5 att den lyser upp l\u00e4ngs hela banans l\u00e4ngd och tunneln med den elektriska modulen. * &#8211; Kr\u00e4ver 6 x AAA-batterier (3 f\u00f6r bilen, 3 f\u00f6r tunneln) &#8211; testbatterier ing\u00e5r i setet.<\/p>\n","protected":false},"excerpt":{"rendered":"<p>Med denna upps\u00e4ttning kan du skapa flexibla banor f\u00f6r hisnande nedf\u00f6rsbackar, otroliga loopar, sp\u00e4nnande sv\u00e4ngar och mycket mer. Oavsett om det \u00e4r loopar, extrema backar, sp\u00e4nnande spiraler eller sn\u00e4va sv\u00e4ngar, med Smoby Flextreme-racerbanan kommer du aldrig att ha tr\u00e5kigt igen. Den flexibla och modul\u00e4ra racerbanan erbjuder galna rutter och sp\u00e4nnande \u00e5k i ditt barns rum.N\u00e4r [&hellip;]<\/p>\n","protected":false},"featured_media":0,"comment_status":"open","ping_status":"closed","template":"","meta":[],"product_brand":[],"product_cat":[33],"product_tag":[],"class_list":{"0":"post-17405","1":"product","2":"type-product","3":"status-publish","5":"product_cat-okategoriserad","7":"first","8":"instock","9":"shipping-taxable","10":"purchasable","11":"product-type-simple"},"_links":{"self":[{"href":"https:\/\/nordicmart.andreevmaster.com\/sv\/wp-json\/wp\/v2\/product\/17405","targetHints":{"allow":["GET"]}}],"collection":[{"href":"https:\/\/nordicmart.andreevmaster.com\/sv\/wp-json\/wp\/v2\/product"}],"about":[{"href":"https:\/\/nordicmart.andreevmaster.com\/sv\/wp-json\/wp\/v2\/types\/product"}],"replies":[{"embeddable":true,"href":"https:\/\/nordicmart.andreevmaster.com\/sv\/wp-json\/wp\/v2\/comments?post=17405"}],"wp:attachment":[{"href":"https:\/\/nordicmart.andreevmaster.com\/sv\/wp-json\/wp\/v2\/media?parent=17405"}],"wp:term":[{"taxonomy":"product_brand","embeddable":true,"href":"https:\/\/nordicmart.andreevmaster.com\/sv\/wp-json\/wp\/v2\/product_brand?post=17405"},{"taxonomy":"product_cat","embeddable":true,"href":"https:\/\/nordicmart.andreevmaster.com\/sv\/wp-json\/wp\/v2\/product_cat?post=17405"},{"taxonomy":"product_tag","embeddable":true,"href":"https:\/\/nordicmart.andreevmaster.com\/sv\/wp-json\/wp\/v2\/product_tag?post=17405"}],"curies":[{"name":"wp","href":"https:\/\/api.w.org\/{rel}","templated":true}]}}