{"id":17404,"date":"2026-02-27T00:34:54","date_gmt":"2026-02-27T00:34:54","guid":{"rendered":"https:\/\/nordicmart.andreevmaster.com\/product\/berg-xl-strandvagn-for-barn\/"},"modified":"2026-02-27T08:24:33","modified_gmt":"2026-02-27T08:24:33","slug":"berg-xl-strandvagn-for-barn","status":"publish","type":"product","link":"https:\/\/nordicmart.andreevmaster.com\/sv\/produkt\/berg-xl-strandvagn-for-barn\/","title":{"rendered":"BERG XL strandvagn f\u00f6r barn"},"content":{"rendered":"<p>Denna barnvagn fr\u00e5n det v\u00e4lk\u00e4nda f\u00f6retaget Berg \u00e4r perfekt f\u00f6r lek i tr\u00e4dg\u00e5rden. Den \u00e4r alltid redo f\u00f6r en h\u00e4rlig tur runt stan eller en picknick i parken och kan anv\u00e4ndas som vagn f\u00f6r verktyg och andra leksaker f\u00f6r att g\u00f6ra barnens tid utomhus roligare. Produkten \u00e4r tillverkad av h\u00f6gkvalitativt, slitstarkt material som klarar mer \u00e4n ett \u00e4ventyr. Vagnen har ett bekv\u00e4mt, praktiskt handtag som \u00e4r v\u00e4l l\u00e4mpat f\u00f6r sm\u00e5 barn att greppa. Vagnen \u00e4r enkel att montera och kan l\u00e4tt f\u00f6rvaras i bagageutrymmet p\u00e5 en bil. En megapopul\u00e4r attraktion f\u00f6r alla sm\u00e5barn!<\/p>\n<p>Egenskaper:<\/p>\n<p>* &#8211; praktisk och p\u00e5litlig utrustning f\u00f6r lek i tr\u00e4dg\u00e5rden,<br \/>\n* &#8211; h\u00f6gkvalitativt, slitstarkt material,<br \/>\n* &#8211; bekv\u00e4mt, praktiskt handtag.<\/p>\n<p>Berg-leksaker \u00e4r sportutrustning av h\u00f6gsta kvalitet f\u00f6r barn och vuxna. Den nederl\u00e4ndska tillverkarens sortiment omfattar de b\u00e4sta tr\u00e4dg\u00e5rdstrampolinerna, pedalgokartarna och elektriska gokartarna. Berg erbjuder modeller f\u00f6r barn som kan anpassas efter barnets behov och f\u00f6rm\u00e5ga, men ocks\u00e5 trampoliner och gokart som kan anv\u00e4ndas av vuxna. Berg st\u00e5r f\u00f6r h\u00f6gsta kvalitet och noggrant hantverk. Du kan alltid lita p\u00e5 deras leksaker!<\/p>\n","protected":false},"excerpt":{"rendered":"<p>Denna barnvagn fr\u00e5n det v\u00e4lk\u00e4nda f\u00f6retaget Berg \u00e4r perfekt f\u00f6r lek i tr\u00e4dg\u00e5rden. Den \u00e4r alltid redo f\u00f6r en h\u00e4rlig tur runt stan eller en picknick i parken och kan anv\u00e4ndas som vagn f\u00f6r verktyg och andra leksaker f\u00f6r att g\u00f6ra barnens tid utomhus roligare. Produkten \u00e4r tillverkad av h\u00f6gkvalitativt, slitstarkt material som klarar mer [&hellip;]<\/p>\n","protected":false},"featured_media":0,"comment_status":"open","ping_status":"closed","template":"","meta":[],"product_brand":[],"product_cat":[33],"product_tag":[],"class_list":{"0":"post-17404","1":"product","2":"type-product","3":"status-publish","5":"product_cat-okategoriserad","7":"first","8":"instock","9":"shipping-taxable","10":"purchasable","11":"product-type-simple"},"_links":{"self":[{"href":"https:\/\/nordicmart.andreevmaster.com\/sv\/wp-json\/wp\/v2\/product\/17404","targetHints":{"allow":["GET"]}}],"collection":[{"href":"https:\/\/nordicmart.andreevmaster.com\/sv\/wp-json\/wp\/v2\/product"}],"about":[{"href":"https:\/\/nordicmart.andreevmaster.com\/sv\/wp-json\/wp\/v2\/types\/product"}],"replies":[{"embeddable":true,"href":"https:\/\/nordicmart.andreevmaster.com\/sv\/wp-json\/wp\/v2\/comments?post=17404"}],"wp:attachment":[{"href":"https:\/\/nordicmart.andreevmaster.com\/sv\/wp-json\/wp\/v2\/media?parent=17404"}],"wp:term":[{"taxonomy":"product_brand","embeddable":true,"href":"https:\/\/nordicmart.andreevmaster.com\/sv\/wp-json\/wp\/v2\/product_brand?post=17404"},{"taxonomy":"product_cat","embeddable":true,"href":"https:\/\/nordicmart.andreevmaster.com\/sv\/wp-json\/wp\/v2\/product_cat?post=17404"},{"taxonomy":"product_tag","embeddable":true,"href":"https:\/\/nordicmart.andreevmaster.com\/sv\/wp-json\/wp\/v2\/product_tag?post=17404"}],"curies":[{"name":"wp","href":"https:\/\/api.w.org\/{rel}","templated":true}]}}