{"id":17403,"date":"2026-02-27T00:34:54","date_gmt":"2026-02-27T00:34:54","guid":{"rendered":"https:\/\/nordicmart.andreevmaster.com\/product\/berg-xl-trailer-cart-for-children-2\/"},"modified":"2026-02-27T08:24:33","modified_gmt":"2026-02-27T08:24:33","slug":"berg-xl-trailer-cart-for-children-2","status":"publish","type":"product","link":"https:\/\/nordicmart.andreevmaster.com\/sv\/produkt\/berg-xl-trailer-cart-for-children-2\/","title":{"rendered":"BERG XL Trailer Cart for Children"},"content":{"rendered":"<p>Denna barnvagn fr\u00e5n det v\u00e4lk\u00e4nda f\u00f6retaget Berg \u00e4r perfekt f\u00f6r lek i tr\u00e4dg\u00e5rden. Vagnen kan anv\u00e4ndas f\u00f6r att transportera verktyg och andra leksaker, vilket g\u00f6r barnens tid utomhus \u00e4nnu roligare. Produkten \u00e4r tillverkad av h\u00f6gkvalitativt, h\u00e5llbart material som t\u00e5l m\u00e5nga \u00e4ventyr. Vagnen har ett bekv\u00e4mt, praktiskt handtag som \u00e4r v\u00e4l l\u00e4mpat f\u00f6r sm\u00e5 barn att greppa. <\/p>\n<p>Egenskaper:<\/p>\n<p>* &#8211; praktisk och p\u00e5litlig utrustning f\u00f6r lek i tr\u00e4dg\u00e5rden,<br \/>\n* &#8211; h\u00f6gkvalitativt, slitstarkt material,<br \/>\n* &#8211; bekv\u00e4mt, praktiskt handtag.<\/p>\n","protected":false},"excerpt":{"rendered":"<p>Denna barnvagn fr\u00e5n det v\u00e4lk\u00e4nda f\u00f6retaget Berg \u00e4r perfekt f\u00f6r lek i tr\u00e4dg\u00e5rden. Vagnen kan anv\u00e4ndas f\u00f6r att transportera verktyg och andra leksaker, vilket g\u00f6r barnens tid utomhus \u00e4nnu roligare. Produkten \u00e4r tillverkad av h\u00f6gkvalitativt, h\u00e5llbart material som t\u00e5l m\u00e5nga \u00e4ventyr. Vagnen har ett bekv\u00e4mt, praktiskt handtag som \u00e4r v\u00e4l l\u00e4mpat f\u00f6r sm\u00e5 barn att [&hellip;]<\/p>\n","protected":false},"featured_media":0,"comment_status":"open","ping_status":"closed","template":"","meta":[],"product_brand":[],"product_cat":[33],"product_tag":[],"class_list":{"0":"post-17403","1":"product","2":"type-product","3":"status-publish","5":"product_cat-okategoriserad","7":"first","8":"instock","9":"shipping-taxable","10":"purchasable","11":"product-type-simple"},"_links":{"self":[{"href":"https:\/\/nordicmart.andreevmaster.com\/sv\/wp-json\/wp\/v2\/product\/17403","targetHints":{"allow":["GET"]}}],"collection":[{"href":"https:\/\/nordicmart.andreevmaster.com\/sv\/wp-json\/wp\/v2\/product"}],"about":[{"href":"https:\/\/nordicmart.andreevmaster.com\/sv\/wp-json\/wp\/v2\/types\/product"}],"replies":[{"embeddable":true,"href":"https:\/\/nordicmart.andreevmaster.com\/sv\/wp-json\/wp\/v2\/comments?post=17403"}],"wp:attachment":[{"href":"https:\/\/nordicmart.andreevmaster.com\/sv\/wp-json\/wp\/v2\/media?parent=17403"}],"wp:term":[{"taxonomy":"product_brand","embeddable":true,"href":"https:\/\/nordicmart.andreevmaster.com\/sv\/wp-json\/wp\/v2\/product_brand?post=17403"},{"taxonomy":"product_cat","embeddable":true,"href":"https:\/\/nordicmart.andreevmaster.com\/sv\/wp-json\/wp\/v2\/product_cat?post=17403"},{"taxonomy":"product_tag","embeddable":true,"href":"https:\/\/nordicmart.andreevmaster.com\/sv\/wp-json\/wp\/v2\/product_tag?post=17403"}],"curies":[{"name":"wp","href":"https:\/\/api.w.org\/{rel}","templated":true}]}}