{"id":17401,"date":"2026-02-27T00:34:53","date_gmt":"2026-02-27T00:34:53","guid":{"rendered":"https:\/\/nordicmart.andreevmaster.com\/product\/little-tikes-playground-clubhouse-slide-swing-2\/"},"modified":"2026-02-27T08:24:32","modified_gmt":"2026-02-27T08:24:32","slug":"little-tikes-playground-clubhouse-slide-swing-2","status":"publish","type":"product","link":"https:\/\/nordicmart.andreevmaster.com\/sv\/produkt\/little-tikes-playground-clubhouse-slide-swing-2\/","title":{"rendered":"Little Tikes Playground Clubhouse Slide Swing"},"content":{"rendered":"<p>Denna klassiska lekplats med unik design kommer att gl\u00e4dja alla barn och uppmuntra dem att tillbringa tid utomhus.<\/p>\n<p>Satsen inneh\u00e5ller 2 gungor och en rutschkana med en l\u00e4ngd p\u00e5 116 cm. Den mellersta delen har ett t\u00e4ckt utrymme som kan n\u00e5s via en kl\u00e4tterv\u00e4gg eller en repstege.<\/p>\n<p>Egenskaper:<\/p>\n<p>* &#8211; h\u00e5llbarhet,<br \/>\n* &#8211; stabil konstruktion,<br \/>\n* &#8211; maximal vikt f\u00f6r ett barn 27 kg, maximalt f\u00f6r 4 barn,<br \/>\n* &#8211; rutschkana med en l\u00e4ngd p\u00e5 116 cm,* &#8211; kl\u00e4tterv\u00e4gg och repstege,<br \/>\n* &#8211; t\u00e4ckt plattform med ratt,<br \/>\n* &#8211; lekplatsen kr\u00e4ver ingen permanent fasts\u00e4ttning i marken. Little Tikes erbjuder kreativa l\u00f6sningar och h\u00e5llbarhet som g\u00f6r att barn kan leka i m\u00e5nga \u00e5r. D\u00e4rf\u00f6r \u00e4r en av deras flaggskeppsprodukter Cozy Coupe\u00ae-leksaksbilen, som har glatt barn i \u00f6ver trettio \u00e5r. Det omfattar \u00e4ven leksaker fr\u00e5n f\u00f6ljande kategorier: lekstugor, hush\u00e5llsartiklar, gungor och lekplatser, gungh\u00e4star och g\u00e5stolar, m\u00f6bler, tr\u00e4dg\u00e5rdsleksaker, barnfordon, rutschkanor och kl\u00e4tterst\u00e4llningar.<\/p>\n","protected":false},"excerpt":{"rendered":"<p>Denna klassiska lekplats med unik design kommer att gl\u00e4dja alla barn och uppmuntra dem att tillbringa tid utomhus. Satsen inneh\u00e5ller 2 gungor och en rutschkana med en l\u00e4ngd p\u00e5 116 cm. Den mellersta delen har ett t\u00e4ckt utrymme som kan n\u00e5s via en kl\u00e4tterv\u00e4gg eller en repstege. Egenskaper: * &#8211; h\u00e5llbarhet, * &#8211; stabil konstruktion, [&hellip;]<\/p>\n","protected":false},"featured_media":0,"comment_status":"open","ping_status":"closed","template":"","meta":[],"product_brand":[],"product_cat":[33],"product_tag":[],"class_list":{"0":"post-17401","1":"product","2":"type-product","3":"status-publish","5":"product_cat-okategoriserad","7":"first","8":"instock","9":"shipping-taxable","10":"purchasable","11":"product-type-simple"},"_links":{"self":[{"href":"https:\/\/nordicmart.andreevmaster.com\/sv\/wp-json\/wp\/v2\/product\/17401","targetHints":{"allow":["GET"]}}],"collection":[{"href":"https:\/\/nordicmart.andreevmaster.com\/sv\/wp-json\/wp\/v2\/product"}],"about":[{"href":"https:\/\/nordicmart.andreevmaster.com\/sv\/wp-json\/wp\/v2\/types\/product"}],"replies":[{"embeddable":true,"href":"https:\/\/nordicmart.andreevmaster.com\/sv\/wp-json\/wp\/v2\/comments?post=17401"}],"wp:attachment":[{"href":"https:\/\/nordicmart.andreevmaster.com\/sv\/wp-json\/wp\/v2\/media?parent=17401"}],"wp:term":[{"taxonomy":"product_brand","embeddable":true,"href":"https:\/\/nordicmart.andreevmaster.com\/sv\/wp-json\/wp\/v2\/product_brand?post=17401"},{"taxonomy":"product_cat","embeddable":true,"href":"https:\/\/nordicmart.andreevmaster.com\/sv\/wp-json\/wp\/v2\/product_cat?post=17401"},{"taxonomy":"product_tag","embeddable":true,"href":"https:\/\/nordicmart.andreevmaster.com\/sv\/wp-json\/wp\/v2\/product_tag?post=17401"}],"curies":[{"name":"wp","href":"https:\/\/api.w.org\/{rel}","templated":true}]}}