{"id":17400,"date":"2026-02-27T00:34:53","date_gmt":"2026-02-27T00:34:53","guid":{"rendered":"https:\/\/nordicmart.andreevmaster.com\/product\/little-tikes-stor-rosa-rutschkana-150-cm\/"},"modified":"2026-02-27T08:24:32","modified_gmt":"2026-02-27T08:24:32","slug":"little-tikes-stor-rosa-rutschkana-150-cm","status":"publish","type":"product","link":"https:\/\/nordicmart.andreevmaster.com\/sv\/produkt\/little-tikes-stor-rosa-rutschkana-150-cm\/","title":{"rendered":"Little Tikes stor rosa rutschkana 150 cm"},"content":{"rendered":"<p>Utrustning:<\/p>\n<p>-150 cm l\u00e5ng rutschkana<\/p>\n<p>-Utrustad med breda steg som slutar med en bas som garanterar stabilitet<\/p>\n<p>-Rutschkanan kan f\u00e4llas ihop f\u00f6r praktisk f\u00f6rvaring<\/p>\n<p>Little Tikes produkter \u00e4r k\u00e4nda och \u00e4lskade p\u00e5 alla kontinenter, i m\u00e5nga hem, av otaliga leende barn och n\u00f6jda f\u00f6r\u00e4ldrar. Little Tikes tillverkar produkter som uppfyller alla n\u00f6dv\u00e4ndiga s\u00e4kerhetsstandarder. Med produktens h\u00e5llbarhet i \u00e5tanke \u00e4r leksakerna designade och tillverkade med den mest l\u00e4mpliga tekniken, rotationsgjutning, vilket garanterar m\u00e5nga \u00e5rs lekgl\u00e4dje.<\/p>\n","protected":false},"excerpt":{"rendered":"<p>Utrustning: -150 cm l\u00e5ng rutschkana -Utrustad med breda steg som slutar med en bas som garanterar stabilitet -Rutschkanan kan f\u00e4llas ihop f\u00f6r praktisk f\u00f6rvaring Little Tikes produkter \u00e4r k\u00e4nda och \u00e4lskade p\u00e5 alla kontinenter, i m\u00e5nga hem, av otaliga leende barn och n\u00f6jda f\u00f6r\u00e4ldrar. Little Tikes tillverkar produkter som uppfyller alla n\u00f6dv\u00e4ndiga s\u00e4kerhetsstandarder. Med produktens [&hellip;]<\/p>\n","protected":false},"featured_media":0,"comment_status":"open","ping_status":"closed","template":"","meta":[],"product_brand":[],"product_cat":[33],"product_tag":[],"class_list":{"0":"post-17400","1":"product","2":"type-product","3":"status-publish","5":"product_cat-okategoriserad","7":"first","8":"instock","9":"shipping-taxable","10":"purchasable","11":"product-type-simple"},"_links":{"self":[{"href":"https:\/\/nordicmart.andreevmaster.com\/sv\/wp-json\/wp\/v2\/product\/17400","targetHints":{"allow":["GET"]}}],"collection":[{"href":"https:\/\/nordicmart.andreevmaster.com\/sv\/wp-json\/wp\/v2\/product"}],"about":[{"href":"https:\/\/nordicmart.andreevmaster.com\/sv\/wp-json\/wp\/v2\/types\/product"}],"replies":[{"embeddable":true,"href":"https:\/\/nordicmart.andreevmaster.com\/sv\/wp-json\/wp\/v2\/comments?post=17400"}],"wp:attachment":[{"href":"https:\/\/nordicmart.andreevmaster.com\/sv\/wp-json\/wp\/v2\/media?parent=17400"}],"wp:term":[{"taxonomy":"product_brand","embeddable":true,"href":"https:\/\/nordicmart.andreevmaster.com\/sv\/wp-json\/wp\/v2\/product_brand?post=17400"},{"taxonomy":"product_cat","embeddable":true,"href":"https:\/\/nordicmart.andreevmaster.com\/sv\/wp-json\/wp\/v2\/product_cat?post=17400"},{"taxonomy":"product_tag","embeddable":true,"href":"https:\/\/nordicmart.andreevmaster.com\/sv\/wp-json\/wp\/v2\/product_tag?post=17400"}],"curies":[{"name":"wp","href":"https:\/\/api.w.org\/{rel}","templated":true}]}}