{"id":17398,"date":"2026-02-27T00:34:52","date_gmt":"2026-02-27T00:34:52","guid":{"rendered":"https:\/\/nordicmart.andreevmaster.com\/product\/berg-sidokjolar-for-race-gokart\/"},"modified":"2026-02-27T08:24:31","modified_gmt":"2026-02-27T08:24:31","slug":"berg-sidokjolar-for-race-gokart","status":"publish","type":"product","link":"https:\/\/nordicmart.andreevmaster.com\/sv\/produkt\/berg-sidokjolar-for-race-gokart\/","title":{"rendered":"BERG Sidokjolar f\u00f6r Race-gokart"},"content":{"rendered":"<p>K\u00e4nn dig som en riktig rallyf\u00f6rare! Komplettera din Berg-gokart med extra sidokjolar som \u00e4r speciellt designade f\u00f6r Race-gokart. Sk\u00e4rmarna har klisterm\u00e4rken med sportiga m\u00f6nster som passar perfekt till resten av fordonet. Detta tillbeh\u00f6r kommer garanterat att g\u00f6ra din gokart mer imponerande. Produktvikt: 5,68 kg. BERG \u00e4r ett nederl\u00e4ndskt f\u00f6retag med \u00f6ver 30 \u00e5rs erfarenhet av tillverkning och f\u00f6rs\u00e4ljning av leksaker. Bergs fordon tillverkas uteslutande av extremt h\u00e5llbara och s\u00e4kra material av h\u00f6gsta kvalitet. Varje leksak testas av barn, vilket garanterar dess tillf\u00f6rlitlighet under m\u00e5nga, m\u00e5nga \u00e5r!<\/p>\n","protected":false},"excerpt":{"rendered":"<p>K\u00e4nn dig som en riktig rallyf\u00f6rare! Komplettera din Berg-gokart med extra sidokjolar som \u00e4r speciellt designade f\u00f6r Race-gokart. Sk\u00e4rmarna har klisterm\u00e4rken med sportiga m\u00f6nster som passar perfekt till resten av fordonet. Detta tillbeh\u00f6r kommer garanterat att g\u00f6ra din gokart mer imponerande. Produktvikt: 5,68 kg. BERG \u00e4r ett nederl\u00e4ndskt f\u00f6retag med \u00f6ver 30 \u00e5rs erfarenhet av [&hellip;]<\/p>\n","protected":false},"featured_media":0,"comment_status":"open","ping_status":"closed","template":"","meta":[],"product_brand":[],"product_cat":[33],"product_tag":[],"class_list":{"0":"post-17398","1":"product","2":"type-product","3":"status-publish","5":"product_cat-okategoriserad","7":"first","8":"instock","9":"shipping-taxable","10":"purchasable","11":"product-type-simple"},"_links":{"self":[{"href":"https:\/\/nordicmart.andreevmaster.com\/sv\/wp-json\/wp\/v2\/product\/17398","targetHints":{"allow":["GET"]}}],"collection":[{"href":"https:\/\/nordicmart.andreevmaster.com\/sv\/wp-json\/wp\/v2\/product"}],"about":[{"href":"https:\/\/nordicmart.andreevmaster.com\/sv\/wp-json\/wp\/v2\/types\/product"}],"replies":[{"embeddable":true,"href":"https:\/\/nordicmart.andreevmaster.com\/sv\/wp-json\/wp\/v2\/comments?post=17398"}],"wp:attachment":[{"href":"https:\/\/nordicmart.andreevmaster.com\/sv\/wp-json\/wp\/v2\/media?parent=17398"}],"wp:term":[{"taxonomy":"product_brand","embeddable":true,"href":"https:\/\/nordicmart.andreevmaster.com\/sv\/wp-json\/wp\/v2\/product_brand?post=17398"},{"taxonomy":"product_cat","embeddable":true,"href":"https:\/\/nordicmart.andreevmaster.com\/sv\/wp-json\/wp\/v2\/product_cat?post=17398"},{"taxonomy":"product_tag","embeddable":true,"href":"https:\/\/nordicmart.andreevmaster.com\/sv\/wp-json\/wp\/v2\/product_tag?post=17398"}],"curies":[{"name":"wp","href":"https:\/\/api.w.org\/{rel}","templated":true}]}}