{"id":17397,"date":"2026-02-27T00:34:52","date_gmt":"2026-02-27T00:34:52","guid":{"rendered":"https:\/\/nordicmart.andreevmaster.com\/product\/berg-avgasror-for-gokart-avgasror-farm\/"},"modified":"2026-02-27T08:24:31","modified_gmt":"2026-02-27T08:24:31","slug":"berg-avgasror-for-gokart-avgasror-farm","status":"publish","type":"product","link":"https:\/\/nordicmart.andreevmaster.com\/sv\/produkt\/berg-avgasror-for-gokart-avgasror-farm\/","title":{"rendered":"BERG Avgasr\u00f6r f\u00f6r gokart Avgasr\u00f6r Farm"},"content":{"rendered":"<p>Berg avgasr\u00f6r g\u00f6r din gokart \u00e4nnu coolare!<\/p>\n<p>Avgassystemet \u00e4r vackert designat och om\u00f6jligt att skilja fr\u00e5n det riktiga. Delen kan enkelt f\u00e4stas p\u00e5 styrr\u00f6rsf\u00e4stet.<\/p>\n<p>Det passar FARM-gokart och andra stora modeller.<\/p>\n<p>Ge den r\u00e4tt design och ge dig ut p\u00e5 din resa!<\/p>\n<p>Berg-leksaker \u00e4r sportutrustning av h\u00f6gsta kvalitet f\u00f6r barn och vuxna. Den nederl\u00e4ndska tillverkarens sortiment omfattar de b\u00e4sta tr\u00e4dg\u00e5rdstrampolinerna, pedalgokart och elektriska gokart. Berg erbjuder modeller f\u00f6r barn som kan anpassas efter ditt barns behov och f\u00f6rm\u00e5ga, samt studsmattor och gokart som \u00e4ven kan anv\u00e4ndas av vuxna. Berg st\u00e5r f\u00f6r h\u00f6gsta kvalitet och noggrant hantverk. Du kan alltid lita p\u00e5 deras leksaker!<\/p>\n","protected":false},"excerpt":{"rendered":"<p>Berg avgasr\u00f6r g\u00f6r din gokart \u00e4nnu coolare! Avgassystemet \u00e4r vackert designat och om\u00f6jligt att skilja fr\u00e5n det riktiga. Delen kan enkelt f\u00e4stas p\u00e5 styrr\u00f6rsf\u00e4stet. Det passar FARM-gokart och andra stora modeller. Ge den r\u00e4tt design och ge dig ut p\u00e5 din resa! Berg-leksaker \u00e4r sportutrustning av h\u00f6gsta kvalitet f\u00f6r barn och vuxna. Den nederl\u00e4ndska tillverkarens [&hellip;]<\/p>\n","protected":false},"featured_media":0,"comment_status":"open","ping_status":"closed","template":"","meta":[],"product_brand":[],"product_cat":[33],"product_tag":[],"class_list":{"0":"post-17397","1":"product","2":"type-product","3":"status-publish","5":"product_cat-okategoriserad","7":"first","8":"instock","9":"shipping-taxable","10":"purchasable","11":"product-type-simple"},"_links":{"self":[{"href":"https:\/\/nordicmart.andreevmaster.com\/sv\/wp-json\/wp\/v2\/product\/17397","targetHints":{"allow":["GET"]}}],"collection":[{"href":"https:\/\/nordicmart.andreevmaster.com\/sv\/wp-json\/wp\/v2\/product"}],"about":[{"href":"https:\/\/nordicmart.andreevmaster.com\/sv\/wp-json\/wp\/v2\/types\/product"}],"replies":[{"embeddable":true,"href":"https:\/\/nordicmart.andreevmaster.com\/sv\/wp-json\/wp\/v2\/comments?post=17397"}],"wp:attachment":[{"href":"https:\/\/nordicmart.andreevmaster.com\/sv\/wp-json\/wp\/v2\/media?parent=17397"}],"wp:term":[{"taxonomy":"product_brand","embeddable":true,"href":"https:\/\/nordicmart.andreevmaster.com\/sv\/wp-json\/wp\/v2\/product_brand?post=17397"},{"taxonomy":"product_cat","embeddable":true,"href":"https:\/\/nordicmart.andreevmaster.com\/sv\/wp-json\/wp\/v2\/product_cat?post=17397"},{"taxonomy":"product_tag","embeddable":true,"href":"https:\/\/nordicmart.andreevmaster.com\/sv\/wp-json\/wp\/v2\/product_tag?post=17397"}],"curies":[{"name":"wp","href":"https:\/\/api.w.org\/{rel}","templated":true}]}}