{"id":17396,"date":"2026-02-27T00:34:52","date_gmt":"2026-02-27T00:34:52","guid":{"rendered":"https:\/\/nordicmart.andreevmaster.com\/product\/berg-skyddsram-roll-bar-for-terranggaende-gokartar\/"},"modified":"2026-02-27T08:24:31","modified_gmt":"2026-02-27T08:24:31","slug":"berg-skyddsram-roll-bar-for-terranggaende-gokartar","status":"publish","type":"product","link":"https:\/\/nordicmart.andreevmaster.com\/sv\/produkt\/berg-skyddsram-roll-bar-for-terranggaende-gokartar\/","title":{"rendered":"BERG Skyddsram Roll Bar f\u00f6r terr\u00e4ngg\u00e5ende gokartar"},"content":{"rendered":"<p>Designa din egen gokart med denna coola rollbar! Din stora BERG-gokart kommer att se \u00e4nnu kraftfullare ut. Du kan ocks\u00e5 best\u00e4lla ett blinkande ljus till rollbaren. Denna produkt \u00e4r endast kompatibel med modellerna BFR och BFR-3. Den passar inte modellerna E-BFR, XXL-BFR, AF och BF-3.<\/p>\n","protected":false},"excerpt":{"rendered":"<p>Designa din egen gokart med denna coola rollbar! Din stora BERG-gokart kommer att se \u00e4nnu kraftfullare ut. Du kan ocks\u00e5 best\u00e4lla ett blinkande ljus till rollbaren. Denna produkt \u00e4r endast kompatibel med modellerna BFR och BFR-3. Den passar inte modellerna E-BFR, XXL-BFR, AF och BF-3.<\/p>\n","protected":false},"featured_media":0,"comment_status":"open","ping_status":"closed","template":"","meta":[],"product_brand":[],"product_cat":[33],"product_tag":[],"class_list":{"0":"post-17396","1":"product","2":"type-product","3":"status-publish","5":"product_cat-okategoriserad","7":"first","8":"instock","9":"shipping-taxable","10":"purchasable","11":"product-type-simple"},"_links":{"self":[{"href":"https:\/\/nordicmart.andreevmaster.com\/sv\/wp-json\/wp\/v2\/product\/17396","targetHints":{"allow":["GET"]}}],"collection":[{"href":"https:\/\/nordicmart.andreevmaster.com\/sv\/wp-json\/wp\/v2\/product"}],"about":[{"href":"https:\/\/nordicmart.andreevmaster.com\/sv\/wp-json\/wp\/v2\/types\/product"}],"replies":[{"embeddable":true,"href":"https:\/\/nordicmart.andreevmaster.com\/sv\/wp-json\/wp\/v2\/comments?post=17396"}],"wp:attachment":[{"href":"https:\/\/nordicmart.andreevmaster.com\/sv\/wp-json\/wp\/v2\/media?parent=17396"}],"wp:term":[{"taxonomy":"product_brand","embeddable":true,"href":"https:\/\/nordicmart.andreevmaster.com\/sv\/wp-json\/wp\/v2\/product_brand?post=17396"},{"taxonomy":"product_cat","embeddable":true,"href":"https:\/\/nordicmart.andreevmaster.com\/sv\/wp-json\/wp\/v2\/product_cat?post=17396"},{"taxonomy":"product_tag","embeddable":true,"href":"https:\/\/nordicmart.andreevmaster.com\/sv\/wp-json\/wp\/v2\/product_tag?post=17396"}],"curies":[{"name":"wp","href":"https:\/\/api.w.org\/{rel}","templated":true}]}}